{"id":31481,"date":"2024-12-13T19:58:34","date_gmt":"2024-12-13T18:58:34","guid":{"rendered":"https:\/\/mafourniture.ma\/produit\/stylo-feutre-marqueur-permanent-multimarque-f-vert-faber-castell-ref-151363\/"},"modified":"2026-05-15T04:59:24","modified_gmt":"2026-05-15T03:59:24","slug":"stylo-feutre-marqueur-permanent-multimarque-f-vert-faber-castell-ref-151363","status":"publish","type":"product","link":"https:\/\/mafourniture.ma\/ar\/product\/stylo-feutre-marqueur-permanent-multimarque-f-vert-faber-castell-ref-151363\/","title":{"rendered":"STYLO FEUTRE MARQUEUR PERMANENT MULTIMARQUE F VERT FABER CASTELL REF 151363"},"content":{"rendered":"<p>Marqueur universel Multimark permanent, F, vert<br \/>Le stylo universel Multimark \u00e0 pointe en fibre avec gomme sp\u00e9ciale int\u00e9gr\u00e9e \u00e9crit de mani\u00e8re fiable sur presque toutes les surfaces. Selon l&rsquo;usage souhait\u00e9, les stylos sont disponibles en huit couleurs d&rsquo;encre permanente et quatre couleurs d&rsquo;encre non permanente. Ils sont exceptionnellement lumineux et riches en couleurs. La gomme sp\u00e9ciale int\u00e9gr\u00e9e est capable d&rsquo;effacer compl\u00e8tement les marques sur presque toutes les surfaces lisses comme les CD\/DVD\/Blu-ray ou les transparents.<\/p>\n<p>D\u00e9tails du produit<br \/>Marqueur universel r\u00e9sistant \u00e0 l&rsquo;eau<br \/>Pour presque toutes les surfaces lisses<br \/>Excellente adh\u00e9rence sur la plupart des surfaces, par exemple la pierre, le bois, le m\u00e9tal, le verre, les transparents de r\u00e9troprojection et les CD.<br \/>Avec gomme sp\u00e9ciale int\u00e9gr\u00e9e<br \/>Disponible en 8 couleurs, Particuli\u00e8rement r\u00e9sistant \u00e0 la lumi\u00e8re<br \/>Disponible en 3 largeurs de trait : S, F et M<br \/>Largeur de trait : F<br \/>Couleur : vert<\/p>","protected":false},"excerpt":{"rendered":"<p>Marqueur universel Multimark permanent, F, vertLe stylo universel Multimark \u00e0 pointe en fibre avec gomme sp\u00e9ciale int\u00e9gr\u00e9e \u00e9crit de mani\u00e8re<\/p>","protected":false},"featured_media":70261,"comment_status":"open","ping_status":"closed","template":"","meta":[],"pwb-brand":[604],"product_brand":[],"product_cat":[645,597,725,693],"product_tag":[],"class_list":{"0":"post-31481","1":"product","2":"type-product","3":"status-publish","4":"has-post-thumbnail","6":"pwb-brand-faber-castell","7":"product_cat-ecriture-et-correction","8":"product_cat-fournitures-de-bureau","9":"product_cat-marqueurs-stylos-ecriture-et-correction","10":"product_cat-stylos-ecriture-et-correction","12":"first","13":"instock","14":"taxable","15":"shipping-taxable","16":"purchasable","17":"product-type-simple"},"jetpack_sharing_enabled":true,"brands":[{"id":604,"name":"FABER CASTELL","slug":"faber-castell"}],"_links":{"self":[{"href":"https:\/\/mafourniture.ma\/ar\/wp-json\/wp\/v2\/product\/31481","targetHints":{"allow":["GET"]}}],"collection":[{"href":"https:\/\/mafourniture.ma\/ar\/wp-json\/wp\/v2\/product"}],"about":[{"href":"https:\/\/mafourniture.ma\/ar\/wp-json\/wp\/v2\/types\/product"}],"replies":[{"embeddable":true,"href":"https:\/\/mafourniture.ma\/ar\/wp-json\/wp\/v2\/comments?post=31481"}],"version-history":[{"count":2,"href":"https:\/\/mafourniture.ma\/ar\/wp-json\/wp\/v2\/product\/31481\/revisions"}],"predecessor-version":[{"id":35191,"href":"https:\/\/mafourniture.ma\/ar\/wp-json\/wp\/v2\/product\/31481\/revisions\/35191"}],"wp:featuredmedia":[{"embeddable":true,"href":"https:\/\/mafourniture.ma\/ar\/wp-json\/wp\/v2\/media\/70261"}],"wp:attachment":[{"href":"https:\/\/mafourniture.ma\/ar\/wp-json\/wp\/v2\/media?parent=31481"}],"wp:term":[{"taxonomy":"pwb-brand","embeddable":true,"href":"https:\/\/mafourniture.ma\/ar\/wp-json\/wp\/v2\/pwb-brand?post=31481"},{"taxonomy":"product_brand","embeddable":true,"href":"https:\/\/mafourniture.ma\/ar\/wp-json\/wp\/v2\/product_brand?post=31481"},{"taxonomy":"product_cat","embeddable":true,"href":"https:\/\/mafourniture.ma\/ar\/wp-json\/wp\/v2\/product_cat?post=31481"},{"taxonomy":"product_tag","embeddable":true,"href":"https:\/\/mafourniture.ma\/ar\/wp-json\/wp\/v2\/product_tag?post=31481"}],"curies":[{"name":"wp","href":"https:\/\/api.w.org\/{rel}","templated":true}]}}