{"id":31478,"date":"2024-12-13T19:57:38","date_gmt":"2024-12-13T18:57:38","guid":{"rendered":"https:\/\/mafourniture.ma\/produit\/stylo-feutre-pointe-fine-rouge-faber-castel-1511-ref-151121\/"},"modified":"2026-04-21T04:50:17","modified_gmt":"2026-04-21T03:50:17","slug":"stylo-feutre-pointe-fine-rouge-faber-castel-1511-ref-151121","status":"publish","type":"product","link":"https:\/\/mafourniture.ma\/ar\/product\/stylo-feutre-pointe-fine-rouge-faber-castel-1511-ref-151121\/","title":{"rendered":"STYLO FEUTRE POINTE FINE ROUGE FABER CASTEL 1511 REF 151121"},"content":{"rendered":"<p>Finepen 1511 fineliner, 0,4 mm rouge<br \/>Le fineliner 1511 est id\u00e9al pour les esquisses et les dessins fins. Il est disponible en plusieurs couleurs. Il convient \u00e9galement \u00e0 la signature de certificats et de contrats car il est \u00e0 l&rsquo;\u00e9preuve des documents.<\/p>\n<p>D\u00e9tails du produit<br \/>Pointe en m\u00e9tal de haute qualit\u00e9<br \/>Haute performance d&rsquo;\u00e9criture<br \/>Encre \u00e0 base d&rsquo;eau r\u00e9sistante aux documents<br \/>Id\u00e9al pour la signature de documents<br \/>Code couleur \u00e0 l&rsquo;extr\u00e9mit\u00e9 du corps du stylo<br \/>Largeur de ligne : 0,4 mm<br \/>Couleur d&rsquo;\u00e9criture : rouge<\/p>","protected":false},"excerpt":{"rendered":"<p>Finepen 1511 fineliner, 0,4 mm rougeLe fineliner 1511 est id\u00e9al pour les esquisses et les dessins fins. Il est disponible<\/p>","protected":false},"featured_media":59078,"comment_status":"open","ping_status":"closed","template":"","meta":[],"pwb-brand":[604],"product_brand":[],"product_cat":[645,597,724,693],"product_tag":[],"class_list":{"0":"post-31478","1":"product","2":"type-product","3":"status-publish","4":"has-post-thumbnail","6":"pwb-brand-faber-castell","7":"product_cat-ecriture-et-correction","8":"product_cat-fournitures-de-bureau","9":"product_cat-stylo-feutre","10":"product_cat-stylos-ecriture-et-correction","12":"first","13":"instock","14":"taxable","15":"shipping-taxable","16":"purchasable","17":"product-type-simple"},"jetpack_sharing_enabled":true,"brands":[{"id":604,"name":"FABER CASTELL","slug":"faber-castell"}],"_links":{"self":[{"href":"https:\/\/mafourniture.ma\/ar\/wp-json\/wp\/v2\/product\/31478","targetHints":{"allow":["GET"]}}],"collection":[{"href":"https:\/\/mafourniture.ma\/ar\/wp-json\/wp\/v2\/product"}],"about":[{"href":"https:\/\/mafourniture.ma\/ar\/wp-json\/wp\/v2\/types\/product"}],"replies":[{"embeddable":true,"href":"https:\/\/mafourniture.ma\/ar\/wp-json\/wp\/v2\/comments?post=31478"}],"version-history":[{"count":2,"href":"https:\/\/mafourniture.ma\/ar\/wp-json\/wp\/v2\/product\/31478\/revisions"}],"predecessor-version":[{"id":35185,"href":"https:\/\/mafourniture.ma\/ar\/wp-json\/wp\/v2\/product\/31478\/revisions\/35185"}],"wp:featuredmedia":[{"embeddable":true,"href":"https:\/\/mafourniture.ma\/ar\/wp-json\/wp\/v2\/media\/59078"}],"wp:attachment":[{"href":"https:\/\/mafourniture.ma\/ar\/wp-json\/wp\/v2\/media?parent=31478"}],"wp:term":[{"taxonomy":"pwb-brand","embeddable":true,"href":"https:\/\/mafourniture.ma\/ar\/wp-json\/wp\/v2\/pwb-brand?post=31478"},{"taxonomy":"product_brand","embeddable":true,"href":"https:\/\/mafourniture.ma\/ar\/wp-json\/wp\/v2\/product_brand?post=31478"},{"taxonomy":"product_cat","embeddable":true,"href":"https:\/\/mafourniture.ma\/ar\/wp-json\/wp\/v2\/product_cat?post=31478"},{"taxonomy":"product_tag","embeddable":true,"href":"https:\/\/mafourniture.ma\/ar\/wp-json\/wp\/v2\/product_tag?post=31478"}],"curies":[{"name":"wp","href":"https:\/\/api.w.org\/{rel}","templated":true}]}}