{"id":31475,"date":"2024-12-13T19:56:39","date_gmt":"2024-12-13T18:56:39","guid":{"rendered":"https:\/\/mafourniture.ma\/produit\/schneider-stylo-bille-tops-505-m-noir\/"},"modified":"2026-05-15T04:54:19","modified_gmt":"2026-05-15T03:54:19","slug":"schneider-stylo-bille-tops-505-m-noir","status":"publish","type":"product","link":"https:\/\/mafourniture.ma\/ar\/product\/schneider-stylo-bille-tops-505-m-noir\/","title":{"rendered":"TOPS 505 M"},"content":{"rendered":"<p>Stylo \u00e0 bille et capuchon avec clip r\u00e9versible. Couleur du capuchon\/bouton de corps et couleur d&rsquo;encre noire. \u00c9paisseur de trait moyenne (M) environ 0.5 mm. Corps transparent pour un niveau d\u00b4encre visible. La pointe en acier inoxydable r\u00e9sistante \u00e0 l&rsquo;usure garantit l&rsquo;utilisation de tout le volume d&rsquo;encre, \u00e9crit proprement et sans t\u00e2che.<\/p>","protected":false},"excerpt":{"rendered":"<p>Stylo \u00e0 bille et capuchon avec clip r\u00e9versible. Couleur du capuchon\/bouton de corps et couleur d&rsquo;encre noire. \u00c9paisseur de trait<\/p>","protected":false},"featured_media":70253,"comment_status":"open","ping_status":"closed","template":"","meta":[],"pwb-brand":[722],"product_brand":[],"product_cat":[682,593,721,712],"product_tag":[],"class_list":{"0":"post-31475","1":"product","2":"type-product","3":"status-publish","4":"has-post-thumbnail","6":"pwb-brand-schneider","7":"product_cat-ecriture-et-correction-fournitures-scolaires","8":"product_cat-fournitures-scolaires","9":"product_cat-stylo-a-bille-stylos-ecriture-et-correction-fournitures-scolaires","10":"product_cat-stylos-ecriture-et-correction-fournitures-scolaires","12":"first","13":"instock","14":"purchasable","15":"product-type-simple"},"jetpack_sharing_enabled":true,"brands":[{"id":722,"name":"SCHNEIDER","slug":"schneider"}],"_links":{"self":[{"href":"https:\/\/mafourniture.ma\/ar\/wp-json\/wp\/v2\/product\/31475","targetHints":{"allow":["GET"]}}],"collection":[{"href":"https:\/\/mafourniture.ma\/ar\/wp-json\/wp\/v2\/product"}],"about":[{"href":"https:\/\/mafourniture.ma\/ar\/wp-json\/wp\/v2\/types\/product"}],"replies":[{"embeddable":true,"href":"https:\/\/mafourniture.ma\/ar\/wp-json\/wp\/v2\/comments?post=31475"}],"version-history":[{"count":2,"href":"https:\/\/mafourniture.ma\/ar\/wp-json\/wp\/v2\/product\/31475\/revisions"}],"predecessor-version":[{"id":35179,"href":"https:\/\/mafourniture.ma\/ar\/wp-json\/wp\/v2\/product\/31475\/revisions\/35179"}],"wp:featuredmedia":[{"embeddable":true,"href":"https:\/\/mafourniture.ma\/ar\/wp-json\/wp\/v2\/media\/70253"}],"wp:attachment":[{"href":"https:\/\/mafourniture.ma\/ar\/wp-json\/wp\/v2\/media?parent=31475"}],"wp:term":[{"taxonomy":"pwb-brand","embeddable":true,"href":"https:\/\/mafourniture.ma\/ar\/wp-json\/wp\/v2\/pwb-brand?post=31475"},{"taxonomy":"product_brand","embeddable":true,"href":"https:\/\/mafourniture.ma\/ar\/wp-json\/wp\/v2\/product_brand?post=31475"},{"taxonomy":"product_cat","embeddable":true,"href":"https:\/\/mafourniture.ma\/ar\/wp-json\/wp\/v2\/product_cat?post=31475"},{"taxonomy":"product_tag","embeddable":true,"href":"https:\/\/mafourniture.ma\/ar\/wp-json\/wp\/v2\/product_tag?post=31475"}],"curies":[{"name":"wp","href":"https:\/\/api.w.org\/{rel}","templated":true}]}}