{"id":31465,"date":"2024-12-13T19:53:37","date_gmt":"2024-12-13T18:53:37","guid":{"rendered":"https:\/\/mafourniture.ma\/produit\/bic-ecriture-evolution-original-crayons-a-papier-gris-pointe-hb\/"},"modified":"2026-04-17T04:47:49","modified_gmt":"2026-04-17T03:47:49","slug":"bic-ecriture-evolution-original-crayons-a-papier-gris-pointe-hb","status":"publish","type":"product","link":"https:\/\/mafourniture.ma\/ar\/product\/bic-ecriture-evolution-original-crayons-a-papier-gris-pointe-hb\/","title":{"rendered":"BIC ECRITURE EVOLUTION ORIGINAL CRAYONS \u00c0 PAPIER GRIS &#8211; POINTE HB"},"content":{"rendered":"<p>Le crayon \u00e0 papier BIC Evolution est parfait pour un usage quotidien : sa mine HB permet d&rsquo;\u00e9crire, de dessiner et se gomme facilement<br \/>Fabriqu\u00e9 \u00e0 partir de r\u00e9sine de synth\u00e8se sans bois, il est garanti sans \u00e9charde en cas de casse<br \/>Sa mine graphite se taille facilement et est entour\u00e9e d&rsquo;une gaine protectrice qui la rend extra r\u00e9sistante<br \/>Son corps hexagonal permet une bonne prise en main et en emp\u00eache le crayon graphite de rouler sur la table<br \/>Fabriqu\u00e9s en France avec 57% de mati\u00e8re recycl\u00e9e, ces 12 crayons HB sont certifi\u00e9s NF Environnement. <\/p>","protected":false},"excerpt":{"rendered":"<p>Le crayon \u00e0 papier BIC Evolution est parfait pour un usage quotidien : sa mine HB permet d&rsquo;\u00e9crire, de dessiner<\/p>","protected":false},"featured_media":57278,"comment_status":"open","ping_status":"closed","template":"","meta":[],"pwb-brand":[690],"product_brand":[],"product_cat":[681,593,680],"product_tag":[],"class_list":{"0":"post-31465","1":"product","2":"type-product","3":"status-publish","4":"has-post-thumbnail","6":"pwb-brand-bic","7":"product_cat-crayons","8":"product_cat-fournitures-scolaires","9":"product_cat-stylos-et-crayons-scolaire","11":"first","12":"instock","13":"purchasable","14":"product-type-simple"},"jetpack_sharing_enabled":true,"brands":[{"id":690,"name":"BIC","slug":"bic"}],"_links":{"self":[{"href":"https:\/\/mafourniture.ma\/ar\/wp-json\/wp\/v2\/product\/31465","targetHints":{"allow":["GET"]}}],"collection":[{"href":"https:\/\/mafourniture.ma\/ar\/wp-json\/wp\/v2\/product"}],"about":[{"href":"https:\/\/mafourniture.ma\/ar\/wp-json\/wp\/v2\/types\/product"}],"replies":[{"embeddable":true,"href":"https:\/\/mafourniture.ma\/ar\/wp-json\/wp\/v2\/comments?post=31465"}],"version-history":[{"count":3,"href":"https:\/\/mafourniture.ma\/ar\/wp-json\/wp\/v2\/product\/31465\/revisions"}],"predecessor-version":[{"id":35164,"href":"https:\/\/mafourniture.ma\/ar\/wp-json\/wp\/v2\/product\/31465\/revisions\/35164"}],"wp:featuredmedia":[{"embeddable":true,"href":"https:\/\/mafourniture.ma\/ar\/wp-json\/wp\/v2\/media\/57278"}],"wp:attachment":[{"href":"https:\/\/mafourniture.ma\/ar\/wp-json\/wp\/v2\/media?parent=31465"}],"wp:term":[{"taxonomy":"pwb-brand","embeddable":true,"href":"https:\/\/mafourniture.ma\/ar\/wp-json\/wp\/v2\/pwb-brand?post=31465"},{"taxonomy":"product_brand","embeddable":true,"href":"https:\/\/mafourniture.ma\/ar\/wp-json\/wp\/v2\/product_brand?post=31465"},{"taxonomy":"product_cat","embeddable":true,"href":"https:\/\/mafourniture.ma\/ar\/wp-json\/wp\/v2\/product_cat?post=31465"},{"taxonomy":"product_tag","embeddable":true,"href":"https:\/\/mafourniture.ma\/ar\/wp-json\/wp\/v2\/product_tag?post=31465"}],"curies":[{"name":"wp","href":"https:\/\/api.w.org\/{rel}","templated":true}]}}