{"id":31446,"date":"2024-12-13T19:47:49","date_gmt":"2024-12-13T18:47:49","guid":{"rendered":"https:\/\/mafourniture.ma\/produit\/gomme-en-plastique-technic-wings-presentoir-de-24-maped-ref-127312\/"},"modified":"2026-04-30T04:43:37","modified_gmt":"2026-04-30T03:43:37","slug":"gomme-en-plastique-technic-wings-presentoir-de-24-maped-ref-127312","status":"publish","type":"product","link":"https:\/\/mafourniture.ma\/ar\/product\/gomme-en-plastique-technic-wings-presentoir-de-24-maped-ref-127312\/","title":{"rendered":"GOMME EN PLASTIQUE TECHNIC WINGS PRESENTOIR DE 24 MAPED REF 127312"},"content":{"rendered":"<p>Rev\u00eatement color\u00e9, ouvrable, rechargeable avec la gomme Technic 300 et Mini Technic, gomme \u00e0 usage technique, rev\u00eatement assorti en couleurs, en paquet de 24 pi\u00e8ces (127312) propri\u00e9t\u00e9s Dust Free: apr\u00e8s le gommage.<\/p>","protected":false},"excerpt":{"rendered":"<p>Rev\u00eatement color\u00e9, ouvrable, rechargeable avec la gomme Technic 300 et Mini Technic, gomme \u00e0 usage technique, rev\u00eatement assorti en couleurs,<\/p>","protected":false},"featured_media":60444,"comment_status":"open","ping_status":"closed","template":"","meta":[],"pwb-brand":[631],"product_brand":[],"product_cat":[629,593,630,628],"product_tag":[],"class_list":{"0":"post-31446","1":"product","2":"type-product","3":"status-publish","4":"has-post-thumbnail","6":"pwb-brand-maped","7":"product_cat-correcteurs-gommes-et-brosses","8":"product_cat-fournitures-scolaires","9":"product_cat-gommes","10":"product_cat-petites-fournitures","12":"first","13":"instock","14":"purchasable","15":"product-type-simple"},"jetpack_sharing_enabled":true,"brands":[{"id":631,"name":"MAPED","slug":"maped"}],"_links":{"self":[{"href":"https:\/\/mafourniture.ma\/ar\/wp-json\/wp\/v2\/product\/31446","targetHints":{"allow":["GET"]}}],"collection":[{"href":"https:\/\/mafourniture.ma\/ar\/wp-json\/wp\/v2\/product"}],"about":[{"href":"https:\/\/mafourniture.ma\/ar\/wp-json\/wp\/v2\/types\/product"}],"replies":[{"embeddable":true,"href":"https:\/\/mafourniture.ma\/ar\/wp-json\/wp\/v2\/comments?post=31446"}],"version-history":[{"count":2,"href":"https:\/\/mafourniture.ma\/ar\/wp-json\/wp\/v2\/product\/31446\/revisions"}],"predecessor-version":[{"id":35138,"href":"https:\/\/mafourniture.ma\/ar\/wp-json\/wp\/v2\/product\/31446\/revisions\/35138"}],"wp:featuredmedia":[{"embeddable":true,"href":"https:\/\/mafourniture.ma\/ar\/wp-json\/wp\/v2\/media\/60444"}],"wp:attachment":[{"href":"https:\/\/mafourniture.ma\/ar\/wp-json\/wp\/v2\/media?parent=31446"}],"wp:term":[{"taxonomy":"pwb-brand","embeddable":true,"href":"https:\/\/mafourniture.ma\/ar\/wp-json\/wp\/v2\/pwb-brand?post=31446"},{"taxonomy":"product_brand","embeddable":true,"href":"https:\/\/mafourniture.ma\/ar\/wp-json\/wp\/v2\/product_brand?post=31446"},{"taxonomy":"product_cat","embeddable":true,"href":"https:\/\/mafourniture.ma\/ar\/wp-json\/wp\/v2\/product_cat?post=31446"},{"taxonomy":"product_tag","embeddable":true,"href":"https:\/\/mafourniture.ma\/ar\/wp-json\/wp\/v2\/product_tag?post=31446"}],"curies":[{"name":"wp","href":"https:\/\/api.w.org\/{rel}","templated":true}]}}