{"id":31240,"date":"2024-12-13T00:13:35","date_gmt":"2024-12-12T23:13:35","guid":{"rendered":"https:\/\/mafourniture.ma\/produit\/maped-compas-study-avec-bague-universelle-et-crayon-coloris-assortis-ref-119410\/"},"modified":"2026-05-16T04:39:42","modified_gmt":"2026-05-16T03:39:42","slug":"maped-compas-study-avec-bague-universelle-et-crayon-coloris-assortis-ref-119410","status":"publish","type":"product","link":"https:\/\/mafourniture.ma\/ar\/product\/maped-compas-study-avec-bague-universelle-et-crayon-coloris-assortis-ref-119410\/","title":{"rendered":"MAPED COMPAS STUDY AVEC BAGUE UNIVERSELLE ET CRAYON COLORIS ASSORTIS REF 119410"},"content":{"rendered":"<p>Maped Coffret compas Study, incl. bague universelle,couleurs assorties, pour enfants \u00e0 partir de 6 ans, brancheen m\u00e9tal, chape ergonomique, \u00e9paisseur de mine: 2,0 mm,coffret avec couvercle coulissant, contenu: compas, bague u-niverselle et crayon.<\/p>","protected":false},"excerpt":{"rendered":"<p>Maped Coffret compas Study, incl. bague universelle,couleurs assorties, pour enfants \u00e0 partir de 6 ans, brancheen m\u00e9tal, chape ergonomique, \u00e9paisseur<\/p>","protected":false},"featured_media":71323,"comment_status":"open","ping_status":"closed","template":"","meta":[],"pwb-brand":[631],"product_brand":[],"product_cat":[643,593,642],"product_tag":[],"class_list":{"0":"post-31240","1":"product","2":"type-product","3":"status-publish","4":"has-post-thumbnail","6":"pwb-brand-maped","7":"product_cat-compas","8":"product_cat-fournitures-scolaires","9":"product_cat-tracage-et-dessin-technique","11":"first","12":"instock","13":"purchasable","14":"product-type-simple"},"jetpack_sharing_enabled":true,"brands":[{"id":631,"name":"MAPED","slug":"maped"}],"_links":{"self":[{"href":"https:\/\/mafourniture.ma\/ar\/wp-json\/wp\/v2\/product\/31240","targetHints":{"allow":["GET"]}}],"collection":[{"href":"https:\/\/mafourniture.ma\/ar\/wp-json\/wp\/v2\/product"}],"about":[{"href":"https:\/\/mafourniture.ma\/ar\/wp-json\/wp\/v2\/types\/product"}],"replies":[{"embeddable":true,"href":"https:\/\/mafourniture.ma\/ar\/wp-json\/wp\/v2\/comments?post=31240"}],"version-history":[{"count":3,"href":"https:\/\/mafourniture.ma\/ar\/wp-json\/wp\/v2\/product\/31240\/revisions"}],"predecessor-version":[{"id":38435,"href":"https:\/\/mafourniture.ma\/ar\/wp-json\/wp\/v2\/product\/31240\/revisions\/38435"}],"wp:featuredmedia":[{"embeddable":true,"href":"https:\/\/mafourniture.ma\/ar\/wp-json\/wp\/v2\/media\/71323"}],"wp:attachment":[{"href":"https:\/\/mafourniture.ma\/ar\/wp-json\/wp\/v2\/media?parent=31240"}],"wp:term":[{"taxonomy":"pwb-brand","embeddable":true,"href":"https:\/\/mafourniture.ma\/ar\/wp-json\/wp\/v2\/pwb-brand?post=31240"},{"taxonomy":"product_brand","embeddable":true,"href":"https:\/\/mafourniture.ma\/ar\/wp-json\/wp\/v2\/product_brand?post=31240"},{"taxonomy":"product_cat","embeddable":true,"href":"https:\/\/mafourniture.ma\/ar\/wp-json\/wp\/v2\/product_cat?post=31240"},{"taxonomy":"product_tag","embeddable":true,"href":"https:\/\/mafourniture.ma\/ar\/wp-json\/wp\/v2\/product_tag?post=31240"}],"curies":[{"name":"wp","href":"https:\/\/api.w.org\/{rel}","templated":true}]}}