{"id":31239,"date":"2024-12-13T00:13:19","date_gmt":"2024-12-12T23:13:19","guid":{"rendered":"https:\/\/mafourniture.ma\/produit\/cle-usb-sandisk-32gb-30\/"},"modified":"2026-05-15T04:39:33","modified_gmt":"2026-05-15T03:39:33","slug":"cle-usb-sandisk-32gb-30","status":"publish","type":"product","link":"https:\/\/mafourniture.ma\/ar\/product\/cle-usb-sandisk-32gb-30\/","title":{"rendered":"Cl\u00e9 USB SANDISK &#8211; 32GB 3,0"},"content":{"rendered":"<p>\u00c0 propos de cet article<br \/>Sa conception compacte lui permet de tenir dans votre poche<br \/>Ces cl\u00e9s d&rsquo;une capacit\u00e9 allant jusqu&rsquo;\u00e0 128 Go peuvent contenir vos donn\u00e9es les plus importantes<br \/>Transportez vos vid\u00e9os, musiques et fichiers personnels importants<\/p>","protected":false},"excerpt":{"rendered":"<p>\u00c0 propos de cet articleSa conception compacte lui permet de tenir dans votre pocheCes cl\u00e9s d&rsquo;une capacit\u00e9 allant jusqu&rsquo;\u00e0 128<\/p>","protected":false},"featured_media":70222,"comment_status":"open","ping_status":"closed","template":"","meta":[],"pwb-brand":[588],"product_brand":[],"product_cat":[587,585,586],"product_tag":[],"class_list":{"0":"post-31239","1":"product","2":"type-product","3":"status-publish","4":"has-post-thumbnail","6":"pwb-brand-sandisk","7":"product_cat-cle-usb","8":"product_cat-materiels-informatiques","9":"product_cat-stockage","11":"first","12":"instock","13":"taxable","14":"shipping-taxable","15":"purchasable","16":"product-type-simple"},"jetpack_sharing_enabled":true,"brands":[{"id":588,"name":"SANDISK","slug":"sandisk"}],"_links":{"self":[{"href":"https:\/\/mafourniture.ma\/ar\/wp-json\/wp\/v2\/product\/31239","targetHints":{"allow":["GET"]}}],"collection":[{"href":"https:\/\/mafourniture.ma\/ar\/wp-json\/wp\/v2\/product"}],"about":[{"href":"https:\/\/mafourniture.ma\/ar\/wp-json\/wp\/v2\/types\/product"}],"replies":[{"embeddable":true,"href":"https:\/\/mafourniture.ma\/ar\/wp-json\/wp\/v2\/comments?post=31239"}],"version-history":[{"count":3,"href":"https:\/\/mafourniture.ma\/ar\/wp-json\/wp\/v2\/product\/31239\/revisions"}],"predecessor-version":[{"id":41418,"href":"https:\/\/mafourniture.ma\/ar\/wp-json\/wp\/v2\/product\/31239\/revisions\/41418"}],"wp:featuredmedia":[{"embeddable":true,"href":"https:\/\/mafourniture.ma\/ar\/wp-json\/wp\/v2\/media\/70222"}],"wp:attachment":[{"href":"https:\/\/mafourniture.ma\/ar\/wp-json\/wp\/v2\/media?parent=31239"}],"wp:term":[{"taxonomy":"pwb-brand","embeddable":true,"href":"https:\/\/mafourniture.ma\/ar\/wp-json\/wp\/v2\/pwb-brand?post=31239"},{"taxonomy":"product_brand","embeddable":true,"href":"https:\/\/mafourniture.ma\/ar\/wp-json\/wp\/v2\/product_brand?post=31239"},{"taxonomy":"product_cat","embeddable":true,"href":"https:\/\/mafourniture.ma\/ar\/wp-json\/wp\/v2\/product_cat?post=31239"},{"taxonomy":"product_tag","embeddable":true,"href":"https:\/\/mafourniture.ma\/ar\/wp-json\/wp\/v2\/product_tag?post=31239"}],"curies":[{"name":"wp","href":"https:\/\/api.w.org\/{rel}","templated":true}]}}