{"id":31226,"date":"2024-12-13T00:10:20","date_gmt":"2024-12-12T23:10:20","guid":{"rendered":"https:\/\/mafourniture.ma\/produit\/pochettes-6-crayons-de-couleur-fluo-triangulaire-milan-ref-0752306\/"},"modified":"2026-04-18T04:27:20","modified_gmt":"2026-04-18T03:27:20","slug":"pochettes-6-crayons-de-couleur-fluo-triangulaire-milan-ref-0752306","status":"publish","type":"product","link":"https:\/\/mafourniture.ma\/ar\/product\/pochettes-6-crayons-de-couleur-fluo-triangulaire-milan-ref-0752306\/","title":{"rendered":"POCHETTES 6 CRAYONS DE COULEUR FLUO TRIANGULAIRE MILAN REF 0752306"},"content":{"rendered":"<p>Crayons de couleur fluorescents en bois de tilleul de couleur noire. Mine de 2.9 mm \u00d8. Forme triangulaire ergonomique. La mine offre un trac\u00e9 uniforme et r\u00e9siste aux cassures gr\u00e2ce au syst\u00e8me LPS (Lead Protection System) qui prot\u00e8ge la mine en adh\u00e9urau bois. Le bois provient de plantations durables. 6 couleurs fluorescentes : jaune, bleu, orange, rose, rouge et vert.<\/p>","protected":false},"excerpt":{"rendered":"<p>Crayons de couleur fluorescents en bois de tilleul de couleur noire. Mine de 2.9 mm \u00d8. Forme triangulaire ergonomique. La<\/p>","protected":false},"featured_media":57220,"comment_status":"open","ping_status":"closed","template":"","meta":[],"pwb-brand":[654],"product_brand":[],"product_cat":[653,602,593],"product_tag":[],"class_list":{"0":"post-31226","1":"product","2":"type-product","3":"status-publish","4":"has-post-thumbnail","6":"pwb-brand-milan","7":"product_cat-crayons-de-couleur","8":"product_cat-dessin-et-peinture","9":"product_cat-fournitures-scolaires","11":"first","12":"instock","13":"purchasable","14":"product-type-simple"},"jetpack_sharing_enabled":true,"brands":[{"id":654,"name":"MILAN","slug":"milan"}],"_links":{"self":[{"href":"https:\/\/mafourniture.ma\/ar\/wp-json\/wp\/v2\/product\/31226","targetHints":{"allow":["GET"]}}],"collection":[{"href":"https:\/\/mafourniture.ma\/ar\/wp-json\/wp\/v2\/product"}],"about":[{"href":"https:\/\/mafourniture.ma\/ar\/wp-json\/wp\/v2\/types\/product"}],"replies":[{"embeddable":true,"href":"https:\/\/mafourniture.ma\/ar\/wp-json\/wp\/v2\/comments?post=31226"}],"version-history":[{"count":3,"href":"https:\/\/mafourniture.ma\/ar\/wp-json\/wp\/v2\/product\/31226\/revisions"}],"predecessor-version":[{"id":35091,"href":"https:\/\/mafourniture.ma\/ar\/wp-json\/wp\/v2\/product\/31226\/revisions\/35091"}],"wp:featuredmedia":[{"embeddable":true,"href":"https:\/\/mafourniture.ma\/ar\/wp-json\/wp\/v2\/media\/57220"}],"wp:attachment":[{"href":"https:\/\/mafourniture.ma\/ar\/wp-json\/wp\/v2\/media?parent=31226"}],"wp:term":[{"taxonomy":"pwb-brand","embeddable":true,"href":"https:\/\/mafourniture.ma\/ar\/wp-json\/wp\/v2\/pwb-brand?post=31226"},{"taxonomy":"product_brand","embeddable":true,"href":"https:\/\/mafourniture.ma\/ar\/wp-json\/wp\/v2\/product_brand?post=31226"},{"taxonomy":"product_cat","embeddable":true,"href":"https:\/\/mafourniture.ma\/ar\/wp-json\/wp\/v2\/product_cat?post=31226"},{"taxonomy":"product_tag","embeddable":true,"href":"https:\/\/mafourniture.ma\/ar\/wp-json\/wp\/v2\/product_tag?post=31226"}],"curies":[{"name":"wp","href":"https:\/\/api.w.org\/{rel}","templated":true}]}}