{"id":31225,"date":"2024-12-13T00:09:57","date_gmt":"2024-12-12T23:09:57","guid":{"rendered":"https:\/\/mafourniture.ma\/produit\/pochette-12-crayons-de-couleur-maxi-triangulaires-milan-ref-0722612\/"},"modified":"2026-04-17T04:29:42","modified_gmt":"2026-04-17T03:29:42","slug":"pochette-12-crayons-de-couleur-maxi-triangulaires-milan-ref-0722612","status":"publish","type":"product","link":"https:\/\/mafourniture.ma\/ar\/product\/pochette-12-crayons-de-couleur-maxi-triangulaires-milan-ref-0722612\/","title":{"rendered":"POCHETTE 12 CRAYONS DE COULEUR MAXI TRIANGULAIRES MILAN REF 0722612"},"content":{"rendered":"<p>Crayons de couleur MAXI \u00e0 mine de 5 mm \u00d8, triangulaires. La taille MAXIest id\u00e9ale pour les plus jeunes. La mine offre un trac\u00e9 uniforme et r\u00e9siste aux cassures gr\u00e2ce au syst\u00e8me LPS (Lead Protection System) qui prot\u00e8ge la mine en adh\u00e9rant au bois.ilas,1provient de plantations durables. 12 couleurs. Chaque couleur poss\u00e8de son propre nom. Comprend un plateau int\u00e9rieur et un taille-crayons MAXI.<\/p>","protected":false},"excerpt":{"rendered":"<p>Crayons de couleur MAXI \u00e0 mine de 5 mm \u00d8, triangulaires. La taille MAXIest id\u00e9ale pour les plus jeunes. La<\/p>","protected":false},"featured_media":57219,"comment_status":"open","ping_status":"closed","template":"","meta":[],"pwb-brand":[654],"product_brand":[],"product_cat":[653,602,593],"product_tag":[],"class_list":{"0":"post-31225","1":"product","2":"type-product","3":"status-publish","4":"has-post-thumbnail","6":"pwb-brand-milan","7":"product_cat-crayons-de-couleur","8":"product_cat-dessin-et-peinture","9":"product_cat-fournitures-scolaires","11":"first","12":"instock","13":"purchasable","14":"product-type-simple"},"jetpack_sharing_enabled":true,"brands":[{"id":654,"name":"MILAN","slug":"milan"}],"_links":{"self":[{"href":"https:\/\/mafourniture.ma\/ar\/wp-json\/wp\/v2\/product\/31225","targetHints":{"allow":["GET"]}}],"collection":[{"href":"https:\/\/mafourniture.ma\/ar\/wp-json\/wp\/v2\/product"}],"about":[{"href":"https:\/\/mafourniture.ma\/ar\/wp-json\/wp\/v2\/types\/product"}],"replies":[{"embeddable":true,"href":"https:\/\/mafourniture.ma\/ar\/wp-json\/wp\/v2\/comments?post=31225"}],"version-history":[{"count":2,"href":"https:\/\/mafourniture.ma\/ar\/wp-json\/wp\/v2\/product\/31225\/revisions"}],"predecessor-version":[{"id":35089,"href":"https:\/\/mafourniture.ma\/ar\/wp-json\/wp\/v2\/product\/31225\/revisions\/35089"}],"wp:featuredmedia":[{"embeddable":true,"href":"https:\/\/mafourniture.ma\/ar\/wp-json\/wp\/v2\/media\/57219"}],"wp:attachment":[{"href":"https:\/\/mafourniture.ma\/ar\/wp-json\/wp\/v2\/media?parent=31225"}],"wp:term":[{"taxonomy":"pwb-brand","embeddable":true,"href":"https:\/\/mafourniture.ma\/ar\/wp-json\/wp\/v2\/pwb-brand?post=31225"},{"taxonomy":"product_brand","embeddable":true,"href":"https:\/\/mafourniture.ma\/ar\/wp-json\/wp\/v2\/product_brand?post=31225"},{"taxonomy":"product_cat","embeddable":true,"href":"https:\/\/mafourniture.ma\/ar\/wp-json\/wp\/v2\/product_cat?post=31225"},{"taxonomy":"product_tag","embeddable":true,"href":"https:\/\/mafourniture.ma\/ar\/wp-json\/wp\/v2\/product_tag?post=31225"}],"curies":[{"name":"wp","href":"https:\/\/api.w.org\/{rel}","templated":true}]}}