{"id":31224,"date":"2024-12-13T00:09:41","date_gmt":"2024-12-12T23:09:41","guid":{"rendered":"https:\/\/mafourniture.ma\/produit\/crayons-maxi-graphite-hb-ideal-forme-triangulaire-milan-ref-0712612\/"},"modified":"2026-05-15T04:29:42","modified_gmt":"2026-05-15T03:29:42","slug":"crayons-maxi-graphite-hb-ideal-forme-triangulaire-milan-ref-0712612","status":"publish","type":"product","link":"https:\/\/mafourniture.ma\/ar\/product\/crayons-maxi-graphite-hb-ideal-forme-triangulaire-milan-ref-0712612\/","title":{"rendered":"CRAYONS MAXI GRAPHITE HB IDEAL FORME TRIANGULAIRE MILAN REF 0712612"},"content":{"rendered":"<p>Crayons MAXI graphite HB, id\u00e9al pour utilisation industrielle. Mine de 3,5 mm \u00d8. Forme triangulaire ergonomique. Le degr\u00e9 HB \u00e9quivaut \u00e0 une duret\u00e9 de graphite moyenne, conseill\u00e9e pour l\u2019\u00e9criture et le dessin. La mine offre un trac\u00e9 uniforme et erd.rs. cassures gr\u00e2ce au syst\u00e8me LPS (Lead Protection System) qui prot\u00e8ge la mine en adh\u00e9rant au bois. Le bois provient de plantations durables.<\/p>","protected":false},"excerpt":{"rendered":"<p>Crayons MAXI graphite HB, id\u00e9al pour utilisation industrielle. Mine de 3,5 mm \u00d8. Forme triangulaire ergonomique. Le degr\u00e9 HB \u00e9quivaut<\/p>","protected":false},"featured_media":70205,"comment_status":"open","ping_status":"closed","template":"","meta":[],"pwb-brand":[654],"product_brand":[],"product_cat":[684,683,682,593],"product_tag":[],"class_list":{"0":"post-31224","1":"product","2":"type-product","3":"status-publish","4":"has-post-thumbnail","6":"pwb-brand-milan","7":"product_cat-crayons-crayons-porte-mines-et-tailles-crayons-ecriture-et-correction-fournitures-scolaires","8":"product_cat-crayons-porte-mines-et-tailles-crayons-ecriture-et-correction-fournitures-scolaires","9":"product_cat-ecriture-et-correction-fournitures-scolaires","10":"product_cat-fournitures-scolaires","12":"first","13":"instock","14":"taxable","15":"shipping-taxable","16":"purchasable","17":"product-type-simple"},"jetpack_sharing_enabled":true,"brands":[{"id":654,"name":"MILAN","slug":"milan"}],"_links":{"self":[{"href":"https:\/\/mafourniture.ma\/ar\/wp-json\/wp\/v2\/product\/31224","targetHints":{"allow":["GET"]}}],"collection":[{"href":"https:\/\/mafourniture.ma\/ar\/wp-json\/wp\/v2\/product"}],"about":[{"href":"https:\/\/mafourniture.ma\/ar\/wp-json\/wp\/v2\/types\/product"}],"replies":[{"embeddable":true,"href":"https:\/\/mafourniture.ma\/ar\/wp-json\/wp\/v2\/comments?post=31224"}],"version-history":[{"count":2,"href":"https:\/\/mafourniture.ma\/ar\/wp-json\/wp\/v2\/product\/31224\/revisions"}],"predecessor-version":[{"id":35087,"href":"https:\/\/mafourniture.ma\/ar\/wp-json\/wp\/v2\/product\/31224\/revisions\/35087"}],"wp:featuredmedia":[{"embeddable":true,"href":"https:\/\/mafourniture.ma\/ar\/wp-json\/wp\/v2\/media\/70205"}],"wp:attachment":[{"href":"https:\/\/mafourniture.ma\/ar\/wp-json\/wp\/v2\/media?parent=31224"}],"wp:term":[{"taxonomy":"pwb-brand","embeddable":true,"href":"https:\/\/mafourniture.ma\/ar\/wp-json\/wp\/v2\/pwb-brand?post=31224"},{"taxonomy":"product_brand","embeddable":true,"href":"https:\/\/mafourniture.ma\/ar\/wp-json\/wp\/v2\/product_brand?post=31224"},{"taxonomy":"product_cat","embeddable":true,"href":"https:\/\/mafourniture.ma\/ar\/wp-json\/wp\/v2\/product_cat?post=31224"},{"taxonomy":"product_tag","embeddable":true,"href":"https:\/\/mafourniture.ma\/ar\/wp-json\/wp\/v2\/product_tag?post=31224"}],"curies":[{"name":"wp","href":"https:\/\/api.w.org\/{rel}","templated":true}]}}