{"id":31222,"date":"2024-12-13T00:09:03","date_gmt":"2024-12-12T23:09:03","guid":{"rendered":"https:\/\/mafourniture.ma\/produit\/crayon-graphite-noir-milan-ref-071230312\/"},"modified":"2026-05-15T04:29:39","modified_gmt":"2026-05-15T03:29:39","slug":"crayon-graphite-noir-milan-ref-071230312","status":"publish","type":"product","link":"https:\/\/mafourniture.ma\/ar\/product\/crayon-graphite-noir-milan-ref-071230312\/","title":{"rendered":"CRAYON GRAPHITE NOIR MILAN REF 071230312"},"content":{"rendered":"<p>Crayons graphite HB. Mine de 2,2 mm \u00d8. Forme triangulaire ergonomique. Le degr\u00e9 HB \u00e9quivaut \u00e0 une duret\u00e9 de graphite moyenne, conseill\u00e9e pour l\u2019\u00e9criture et le dessin. La mine offre un trac\u00e9 uniforme et r\u00e9siste aux cassures gr\u00e2ce au syst\u00e8me LPjauneProtection System) qui prot\u00e8ge la mine en adh\u00e9rant au bois. Le bois provient de plantations durables.<\/p>","protected":false},"excerpt":{"rendered":"<p>Crayons graphite HB. Mine de 2,2 mm \u00d8. Forme triangulaire ergonomique. Le degr\u00e9 HB \u00e9quivaut \u00e0 une duret\u00e9 de graphite<\/p>","protected":false},"featured_media":70204,"comment_status":"open","ping_status":"closed","template":"","meta":[],"pwb-brand":[654],"product_brand":[],"product_cat":[681,593,680],"product_tag":[],"class_list":{"0":"post-31222","1":"product","2":"type-product","3":"status-publish","4":"has-post-thumbnail","6":"pwb-brand-milan","7":"product_cat-crayons","8":"product_cat-fournitures-scolaires","9":"product_cat-stylos-et-crayons-scolaire","11":"first","12":"instock","13":"purchasable","14":"product-type-simple"},"jetpack_sharing_enabled":true,"brands":[{"id":654,"name":"MILAN","slug":"milan"}],"_links":{"self":[{"href":"https:\/\/mafourniture.ma\/ar\/wp-json\/wp\/v2\/product\/31222","targetHints":{"allow":["GET"]}}],"collection":[{"href":"https:\/\/mafourniture.ma\/ar\/wp-json\/wp\/v2\/product"}],"about":[{"href":"https:\/\/mafourniture.ma\/ar\/wp-json\/wp\/v2\/types\/product"}],"replies":[{"embeddable":true,"href":"https:\/\/mafourniture.ma\/ar\/wp-json\/wp\/v2\/comments?post=31222"}],"version-history":[{"count":2,"href":"https:\/\/mafourniture.ma\/ar\/wp-json\/wp\/v2\/product\/31222\/revisions"}],"predecessor-version":[{"id":35083,"href":"https:\/\/mafourniture.ma\/ar\/wp-json\/wp\/v2\/product\/31222\/revisions\/35083"}],"wp:featuredmedia":[{"embeddable":true,"href":"https:\/\/mafourniture.ma\/ar\/wp-json\/wp\/v2\/media\/70204"}],"wp:attachment":[{"href":"https:\/\/mafourniture.ma\/ar\/wp-json\/wp\/v2\/media?parent=31222"}],"wp:term":[{"taxonomy":"pwb-brand","embeddable":true,"href":"https:\/\/mafourniture.ma\/ar\/wp-json\/wp\/v2\/pwb-brand?post=31222"},{"taxonomy":"product_brand","embeddable":true,"href":"https:\/\/mafourniture.ma\/ar\/wp-json\/wp\/v2\/product_brand?post=31222"},{"taxonomy":"product_cat","embeddable":true,"href":"https:\/\/mafourniture.ma\/ar\/wp-json\/wp\/v2\/product_cat?post=31222"},{"taxonomy":"product_tag","embeddable":true,"href":"https:\/\/mafourniture.ma\/ar\/wp-json\/wp\/v2\/product_tag?post=31222"}],"curies":[{"name":"wp","href":"https:\/\/api.w.org\/{rel}","templated":true}]}}