{"id":31221,"date":"2024-12-13T00:08:47","date_gmt":"2024-12-12T23:08:47","guid":{"rendered":"https:\/\/mafourniture.ma\/produit\/pochette-12-crayons-couleurs-bicolors-24-couleurs-forme-triangulaire-milan-ref-07112312\/"},"modified":"2026-04-03T04:43:08","modified_gmt":"2026-04-03T03:43:08","slug":"pochette-12-crayons-couleurs-bicolors-24-couleurs-forme-triangulaire-milan-ref-07112312","status":"publish","type":"product","link":"https:\/\/mafourniture.ma\/ar\/product\/pochette-12-crayons-couleurs-bicolors-24-couleurs-forme-triangulaire-milan-ref-07112312\/","title":{"rendered":"POCHETTE 12 CRAYONS COULEURS BICOLORS 24 COULEURS FORME TRIANGULAIRE MILAN REF 07112312"},"content":{"rendered":"<p>Crayons bicouleur \u00e0 mine de 2.9 mm \u00d8. 12 crayons, 24 couleurs. Forme triangulaire ergonomique. La mine offre un trac\u00e9 uniforme et r\u00e9siste aux cassures gr\u00e2ce au syst\u00e8me LPS (Lead Protection System) qui prot\u00e8ge la mine en adh\u00e9rant au bois. Le bois pachinde plantations durables. Chaque couleur poss\u00e8de son propre nom. Comprend un plateau int\u00e9rieur.<\/p>","protected":false},"excerpt":{"rendered":"<p>Crayons bicouleur \u00e0 mine de 2.9 mm \u00d8. 12 crayons, 24 couleurs. Forme triangulaire ergonomique. La mine offre un trac\u00e9<\/p>","protected":false},"featured_media":57215,"comment_status":"open","ping_status":"closed","template":"","meta":[],"pwb-brand":[654],"product_brand":[],"product_cat":[653,602,593],"product_tag":[],"class_list":{"0":"post-31221","1":"product","2":"type-product","3":"status-publish","4":"has-post-thumbnail","6":"pwb-brand-milan","7":"product_cat-crayons-de-couleur","8":"product_cat-dessin-et-peinture","9":"product_cat-fournitures-scolaires","11":"first","12":"instock","13":"purchasable","14":"product-type-simple"},"jetpack_sharing_enabled":true,"brands":[{"id":654,"name":"MILAN","slug":"milan"}],"_links":{"self":[{"href":"https:\/\/mafourniture.ma\/ar\/wp-json\/wp\/v2\/product\/31221","targetHints":{"allow":["GET"]}}],"collection":[{"href":"https:\/\/mafourniture.ma\/ar\/wp-json\/wp\/v2\/product"}],"about":[{"href":"https:\/\/mafourniture.ma\/ar\/wp-json\/wp\/v2\/types\/product"}],"replies":[{"embeddable":true,"href":"https:\/\/mafourniture.ma\/ar\/wp-json\/wp\/v2\/comments?post=31221"}],"version-history":[{"count":3,"href":"https:\/\/mafourniture.ma\/ar\/wp-json\/wp\/v2\/product\/31221\/revisions"}],"predecessor-version":[{"id":35081,"href":"https:\/\/mafourniture.ma\/ar\/wp-json\/wp\/v2\/product\/31221\/revisions\/35081"}],"wp:featuredmedia":[{"embeddable":true,"href":"https:\/\/mafourniture.ma\/ar\/wp-json\/wp\/v2\/media\/57215"}],"wp:attachment":[{"href":"https:\/\/mafourniture.ma\/ar\/wp-json\/wp\/v2\/media?parent=31221"}],"wp:term":[{"taxonomy":"pwb-brand","embeddable":true,"href":"https:\/\/mafourniture.ma\/ar\/wp-json\/wp\/v2\/pwb-brand?post=31221"},{"taxonomy":"product_brand","embeddable":true,"href":"https:\/\/mafourniture.ma\/ar\/wp-json\/wp\/v2\/product_brand?post=31221"},{"taxonomy":"product_cat","embeddable":true,"href":"https:\/\/mafourniture.ma\/ar\/wp-json\/wp\/v2\/product_cat?post=31221"},{"taxonomy":"product_tag","embeddable":true,"href":"https:\/\/mafourniture.ma\/ar\/wp-json\/wp\/v2\/product_tag?post=31221"}],"curies":[{"name":"wp","href":"https:\/\/api.w.org\/{rel}","templated":true}]}}