{"id":31220,"date":"2024-12-13T00:08:31","date_gmt":"2024-12-12T23:08:31","guid":{"rendered":"https:\/\/mafourniture.ma\/produit\/pochette-6-crayons-de-couleurs-metallisees-triangulaires-milan-ref-07102306\/"},"modified":"2026-04-16T04:27:25","modified_gmt":"2026-04-16T03:27:25","slug":"pochette-6-crayons-de-couleurs-metallisees-triangulaires-milan-ref-07102306","status":"publish","type":"product","link":"https:\/\/mafourniture.ma\/ar\/product\/pochette-6-crayons-de-couleurs-metallisees-triangulaires-milan-ref-07102306\/","title":{"rendered":"POCHETTE 6 CRAYONS DE COULEURS METALLISEES TRIANGULAIRES MILAN REF 07102306"},"content":{"rendered":"<p>Crayons de couleurs m\u00e9tallis\u00e9es en bois de tilleul de couleur noire. Mine de 2,9 mm \u00d8. Forme triangulaire ergonomique. La mine offre un trac\u00e9 uniforme et r\u00e9siste aux cassures gr\u00e2ce au syst\u00e8me LPS (Lead Protection System) qui prot\u00e8ge la mine en adhachiau bois. Le bois provient de plantations durables. 6 couleurs m\u00e9tallis\u00e9es : cuivre, or, argent, bleu, vert, lilas. Avec le nom de sa couleur : Planet Copper, Solar Gold, Satellite Silver, Galaxy Blue, Boreal Green, Cosmos Purple.<\/p>","protected":false},"excerpt":{"rendered":"<p>Crayons de couleurs m\u00e9tallis\u00e9es en bois de tilleul de couleur noire. Mine de 2,9 mm \u00d8. Forme triangulaire ergonomique. La<\/p>","protected":false},"featured_media":57214,"comment_status":"open","ping_status":"closed","template":"","meta":[],"pwb-brand":[654],"product_brand":[],"product_cat":[653,602,593],"product_tag":[],"class_list":{"0":"post-31220","1":"product","2":"type-product","3":"status-publish","4":"has-post-thumbnail","6":"pwb-brand-milan","7":"product_cat-crayons-de-couleur","8":"product_cat-dessin-et-peinture","9":"product_cat-fournitures-scolaires","11":"first","12":"instock","13":"purchasable","14":"product-type-simple"},"jetpack_sharing_enabled":true,"brands":[{"id":654,"name":"MILAN","slug":"milan"}],"_links":{"self":[{"href":"https:\/\/mafourniture.ma\/ar\/wp-json\/wp\/v2\/product\/31220","targetHints":{"allow":["GET"]}}],"collection":[{"href":"https:\/\/mafourniture.ma\/ar\/wp-json\/wp\/v2\/product"}],"about":[{"href":"https:\/\/mafourniture.ma\/ar\/wp-json\/wp\/v2\/types\/product"}],"replies":[{"embeddable":true,"href":"https:\/\/mafourniture.ma\/ar\/wp-json\/wp\/v2\/comments?post=31220"}],"version-history":[{"count":2,"href":"https:\/\/mafourniture.ma\/ar\/wp-json\/wp\/v2\/product\/31220\/revisions"}],"predecessor-version":[{"id":35079,"href":"https:\/\/mafourniture.ma\/ar\/wp-json\/wp\/v2\/product\/31220\/revisions\/35079"}],"wp:featuredmedia":[{"embeddable":true,"href":"https:\/\/mafourniture.ma\/ar\/wp-json\/wp\/v2\/media\/57214"}],"wp:attachment":[{"href":"https:\/\/mafourniture.ma\/ar\/wp-json\/wp\/v2\/media?parent=31220"}],"wp:term":[{"taxonomy":"pwb-brand","embeddable":true,"href":"https:\/\/mafourniture.ma\/ar\/wp-json\/wp\/v2\/pwb-brand?post=31220"},{"taxonomy":"product_brand","embeddable":true,"href":"https:\/\/mafourniture.ma\/ar\/wp-json\/wp\/v2\/product_brand?post=31220"},{"taxonomy":"product_cat","embeddable":true,"href":"https:\/\/mafourniture.ma\/ar\/wp-json\/wp\/v2\/product_cat?post=31220"},{"taxonomy":"product_tag","embeddable":true,"href":"https:\/\/mafourniture.ma\/ar\/wp-json\/wp\/v2\/product_tag?post=31220"}],"curies":[{"name":"wp","href":"https:\/\/api.w.org\/{rel}","templated":true}]}}