{"id":31216,"date":"2024-12-13T00:07:18","date_gmt":"2024-12-12T23:07:18","guid":{"rendered":"https:\/\/mafourniture.ma\/produit\/clavier-et-souris-logitech-wireless-touch-k400-plus-tv\/"},"modified":"2026-04-18T04:22:52","modified_gmt":"2026-04-18T03:22:52","slug":"clavier-et-souris-logitech-wireless-touch-k400-plus-tv","status":"publish","type":"product","link":"https:\/\/mafourniture.ma\/ar\/product\/clavier-et-souris-logitech-wireless-touch-k400-plus-tv\/","title":{"rendered":"CLAVIER ET SOURIS LOGITECH WIRELESS TOUCH K400 PLUS TV"},"content":{"rendered":"<p>CON\u00c7U POUR UN CONTR\u00d4LE \u00c0 DISTANCE<br \/>&#8211; CLAVIER SANS FIL INT\u00c9GR\u00c9 AVEC PAV\u00c9 TACTILE<br \/>&#8211; PORT\u00c9E SANS FIL DE 10 M\u00c8TRES (33 PIEDS)<br \/>&#8211; CLAVIER TV MULTIM\u00c9DIA<br \/>&#8211; LONG\u00c9VIT\u00c9 DE LA PILE DE 18 MOIS<br \/>&#8211; COMPATIBLE AVEC PLUSIEURS SYST\u00c8MES D&rsquo;EXPLOITAITON<br \/>&#8211; CONTR\u00d4LE PERSONNALISABLE<br \/>&#8211; PR\u00caT \u00c0 L&rsquo;EMPLOI<\/p>\n<p>CONFIGURATION REQUISE<br \/>Plateformes\/syst\u00e8mes d&rsquo;exploitation pris en charge<\/p>\n<p>Windows\u00ae 7, Windows 8, Windows 10 et versions ult\u00e9rieures<br \/>Android\u2122 5.0 ou version ult\u00e9rieure<br \/>Chrome OS\u2122<br \/>Port USB<br \/>CARACT\u00c9RISTIQUES TECHNIQUES<br \/>Type de connexion: Protocole Logitech Unifying (2,4 GHz)<\/p>\n<p>Touches sp\u00e9ciales: Muet, Volume &#8211; et Volume +<\/p>\n<p>Mise sous tension: Commutateur de marche\/arr\u00eat<\/p>\n<p>Informations sur les piles: 2 AA<\/p>\n<p>Long\u00e9vit\u00e9 de la pile (non rechargeable): Jusqu&rsquo;\u00e0 18 mois<\/p>\n<p>Long\u00e9vit\u00e9 des touches: touches con\u00e7ues pour supporter jusqu&rsquo;\u00e0 5 millions de frappes<\/p>\n<p>Donn\u00e9es sonores: jusqu&rsquo;\u00e0 55 dBa pour toutes les touches<\/p>\n<p>Port\u00e9e sans fil: 10 m (33 pi)<\/p>\n<p>CONTENU<br \/>Clavier tactile sans fil<br \/>R\u00e9cepteur Unifying<br \/>2 piles AA (pr\u00e9install\u00e9es)<br \/>Documentation utilisateur<\/p>\n<p>DIMENSIONS<br \/>Totale<br \/>Hauteur: 139,9 mm (5,5 po)<br \/>Largeur: 354,3 mm (14,0 po)<br \/>\u00c9paisseur: 23,5 mm (1,0 po)<br \/>Poids: 380 g (piles incluses)<\/p>\n<p>Pav\u00e9 tactile<br \/>Hauteur: 76 mm (3,0 po)<br \/>Largeur: 47 mm (2,0 po)<\/p>","protected":false},"excerpt":{"rendered":"<p>CON\u00c7U POUR UN CONTR\u00d4LE \u00c0 DISTANCE&#8211; CLAVIER SANS FIL INT\u00c9GR\u00c9 AVEC PAV\u00c9 TACTILE&#8211; PORT\u00c9E SANS FIL DE 10 M\u00c8TRES (33<\/p>","protected":false},"featured_media":57209,"comment_status":"open","ping_status":"closed","template":"","meta":[],"pwb-brand":[674],"product_brand":[],"product_cat":[672,585,662,673],"product_tag":[],"class_list":{"0":"post-31216","1":"product","2":"type-product","3":"status-publish","4":"has-post-thumbnail","6":"pwb-brand-logitech","7":"product_cat-clavier-et-souris","8":"product_cat-materiels-informatiques","9":"product_cat-peripheriques","10":"product_cat-sans-fil","12":"first","13":"instock","14":"taxable","15":"shipping-taxable","16":"purchasable","17":"product-type-simple"},"jetpack_sharing_enabled":true,"brands":[{"id":674,"name":"LOGITECH","slug":"logitech"}],"_links":{"self":[{"href":"https:\/\/mafourniture.ma\/ar\/wp-json\/wp\/v2\/product\/31216","targetHints":{"allow":["GET"]}}],"collection":[{"href":"https:\/\/mafourniture.ma\/ar\/wp-json\/wp\/v2\/product"}],"about":[{"href":"https:\/\/mafourniture.ma\/ar\/wp-json\/wp\/v2\/types\/product"}],"replies":[{"embeddable":true,"href":"https:\/\/mafourniture.ma\/ar\/wp-json\/wp\/v2\/comments?post=31216"}],"version-history":[{"count":3,"href":"https:\/\/mafourniture.ma\/ar\/wp-json\/wp\/v2\/product\/31216\/revisions"}],"predecessor-version":[{"id":35069,"href":"https:\/\/mafourniture.ma\/ar\/wp-json\/wp\/v2\/product\/31216\/revisions\/35069"}],"wp:featuredmedia":[{"embeddable":true,"href":"https:\/\/mafourniture.ma\/ar\/wp-json\/wp\/v2\/media\/57209"}],"wp:attachment":[{"href":"https:\/\/mafourniture.ma\/ar\/wp-json\/wp\/v2\/media?parent=31216"}],"wp:term":[{"taxonomy":"pwb-brand","embeddable":true,"href":"https:\/\/mafourniture.ma\/ar\/wp-json\/wp\/v2\/pwb-brand?post=31216"},{"taxonomy":"product_brand","embeddable":true,"href":"https:\/\/mafourniture.ma\/ar\/wp-json\/wp\/v2\/product_brand?post=31216"},{"taxonomy":"product_cat","embeddable":true,"href":"https:\/\/mafourniture.ma\/ar\/wp-json\/wp\/v2\/product_cat?post=31216"},{"taxonomy":"product_tag","embeddable":true,"href":"https:\/\/mafourniture.ma\/ar\/wp-json\/wp\/v2\/product_tag?post=31216"}],"curies":[{"name":"wp","href":"https:\/\/api.w.org\/{rel}","templated":true}]}}