{"id":31194,"date":"2024-12-13T00:01:49","date_gmt":"2024-12-12T23:01:49","guid":{"rendered":"https:\/\/mafourniture.ma\/produit\/pochette-12-plastipastel-de-couleur-gomme-a-effacer-taille-crayons-milan-ref-027212k\/"},"modified":"2026-04-17T04:20:39","modified_gmt":"2026-04-17T03:20:39","slug":"pochette-12-plastipastel-de-couleur-gomme-a-effacer-taille-crayons-milan-ref-027212k","status":"publish","type":"product","link":"https:\/\/mafourniture.ma\/ar\/product\/pochette-12-plastipastel-de-couleur-gomme-a-effacer-taille-crayons-milan-ref-027212k\/","title":{"rendered":"POCHETTE 12 PLASTIPASTEL DE COULEUR + GOMME A EFFACER + TAILLE-CRAYONS MILAN REF 027212K"},"content":{"rendered":"<p>Comprend: 12 Plastipastel de diff\u00e9rentes couleurs, avec plateau int\u00e9rieur. Les Plastipastel sont des crayons de couleur \u00e0 base de plastique de poly\u00e9thyl\u00e8ne inject\u00e9, propres et r\u00e9sistants, id\u00e9al pour les plus jeunes.Sa forme triangulaire pourvue dla longuearrondies est adapt\u00e9e pour les mains des \u00e9coliers, et emp\u00eache le crayon de rouler sur la surface de travail. Permet de tracer des lignes fines avec la pointe, des lignes \u00e9paisses avec la partie arri\u00e8re et de remplir des espaces larges \u00e0 l\u2019aide de Compla longueur. Gomme 4024 douce en caoutchouc synth\u00e9tique, type \u00ab mie de pain \u00bb carr\u00e9e. Pour gommer une large gamme de crayons graphite sur tout type de papier. Taille-crayons standard sans r\u00e9servoir<\/p>","protected":false},"excerpt":{"rendered":"<p>Comprend: 12 Plastipastel de diff\u00e9rentes couleurs, avec plateau int\u00e9rieur. Les Plastipastel sont des crayons de couleur \u00e0 base de plastique<\/p>","protected":false},"featured_media":57184,"comment_status":"open","ping_status":"closed","template":"","meta":[],"pwb-brand":[654],"product_brand":[],"product_cat":[653,602,593],"product_tag":[],"class_list":{"0":"post-31194","1":"product","2":"type-product","3":"status-publish","4":"has-post-thumbnail","6":"pwb-brand-milan","7":"product_cat-crayons-de-couleur","8":"product_cat-dessin-et-peinture","9":"product_cat-fournitures-scolaires","11":"first","12":"instock","13":"purchasable","14":"product-type-simple"},"jetpack_sharing_enabled":true,"brands":[{"id":654,"name":"MILAN","slug":"milan"}],"_links":{"self":[{"href":"https:\/\/mafourniture.ma\/ar\/wp-json\/wp\/v2\/product\/31194","targetHints":{"allow":["GET"]}}],"collection":[{"href":"https:\/\/mafourniture.ma\/ar\/wp-json\/wp\/v2\/product"}],"about":[{"href":"https:\/\/mafourniture.ma\/ar\/wp-json\/wp\/v2\/types\/product"}],"replies":[{"embeddable":true,"href":"https:\/\/mafourniture.ma\/ar\/wp-json\/wp\/v2\/comments?post=31194"}],"version-history":[{"count":2,"href":"https:\/\/mafourniture.ma\/ar\/wp-json\/wp\/v2\/product\/31194\/revisions"}],"predecessor-version":[{"id":35042,"href":"https:\/\/mafourniture.ma\/ar\/wp-json\/wp\/v2\/product\/31194\/revisions\/35042"}],"wp:featuredmedia":[{"embeddable":true,"href":"https:\/\/mafourniture.ma\/ar\/wp-json\/wp\/v2\/media\/57184"}],"wp:attachment":[{"href":"https:\/\/mafourniture.ma\/ar\/wp-json\/wp\/v2\/media?parent=31194"}],"wp:term":[{"taxonomy":"pwb-brand","embeddable":true,"href":"https:\/\/mafourniture.ma\/ar\/wp-json\/wp\/v2\/pwb-brand?post=31194"},{"taxonomy":"product_brand","embeddable":true,"href":"https:\/\/mafourniture.ma\/ar\/wp-json\/wp\/v2\/product_brand?post=31194"},{"taxonomy":"product_cat","embeddable":true,"href":"https:\/\/mafourniture.ma\/ar\/wp-json\/wp\/v2\/product_cat?post=31194"},{"taxonomy":"product_tag","embeddable":true,"href":"https:\/\/mafourniture.ma\/ar\/wp-json\/wp\/v2\/product_tag?post=31194"}],"curies":[{"name":"wp","href":"https:\/\/api.w.org\/{rel}","templated":true}]}}