{"id":31167,"date":"2024-12-12T00:10:40","date_gmt":"2024-12-11T23:10:40","guid":{"rendered":"https:\/\/mafourniture.ma\/produit\/caisse-enregistreuse-electronic-sharp-xe-a107-wh\/"},"modified":"2026-05-01T13:34:50","modified_gmt":"2026-05-01T12:34:50","slug":"caisse-enregistreuse-electronic-sharp-xe-a107-wh","status":"publish","type":"product","link":"https:\/\/mafourniture.ma\/ar\/product\/caisse-enregistreuse-electronic-sharp-xe-a107-wh\/","title":{"rendered":"CAISSE ENREGISTREUSE ELECTRONIC SHARP XE-A107-WH"},"content":{"rendered":"<p>CAISSE SHARP XE-A107 WH<br \/>Imprimante num\u00e9rique 1 station<br \/>Large \u00e9cran LED<br \/>Large clavier<br \/>8 D\u00e9partements (familles) et 80 PLU (articles)<br \/>Design moderne et ergonomique<br \/>Compacte<br \/>Tiroir s\u00e9curis\u00e9 (cl\u00e9), fente ch\u00e8ques, 3 compartiments billets, 6 pi\u00e8ces \u2013<br \/>Espace de rangement pratique devant le clavier<br \/>Vitesse d\u00b4impression (lignes\/sec): 1.4<br \/>Taille de papier (mm): 58<br \/>Nb de touches standard: 30<br \/>Dimensions (LxPxH mm): 335 x 360 x 190<br \/>Poids (kg): approx. 4.0<br \/>Consommation: 2.3W<br \/>Temp\u00e9rature en fonctionnement (\u00b0C): 0 \u2013 40<br \/>Largeur de bobinette: 57.5 +\/- 0.5<br \/>Diam\u00e8tre max. de bobinette: 80mm<\/p>","protected":false},"excerpt":{"rendered":"<p>CAISSE SHARP XE-A107 WHImprimante num\u00e9rique 1 stationLarge \u00e9cran LEDLarge clavier8 D\u00e9partements (familles) et 80 PLU (articles)Design moderne et ergonomiqueCompacteTiroir s\u00e9curis\u00e9<\/p>","protected":false},"featured_media":62521,"comment_status":"open","ping_status":"closed","template":"","meta":[],"pwb-brand":[1052],"product_brand":[],"product_cat":[1118,597,641],"product_tag":[],"class_list":{"0":"post-31167","1":"product","2":"type-product","3":"status-publish","4":"has-post-thumbnail","6":"pwb-brand-sharp","7":"product_cat-caisse-enregistreuse","8":"product_cat-fournitures-de-bureau","9":"product_cat-machines-de-bureau","11":"first","12":"instock","13":"taxable","14":"shipping-taxable","15":"purchasable","16":"product-type-simple"},"jetpack_sharing_enabled":true,"brands":[{"id":1052,"name":"SHARP","slug":"sharp"}],"_links":{"self":[{"href":"https:\/\/mafourniture.ma\/ar\/wp-json\/wp\/v2\/product\/31167","targetHints":{"allow":["GET"]}}],"collection":[{"href":"https:\/\/mafourniture.ma\/ar\/wp-json\/wp\/v2\/product"}],"about":[{"href":"https:\/\/mafourniture.ma\/ar\/wp-json\/wp\/v2\/types\/product"}],"replies":[{"embeddable":true,"href":"https:\/\/mafourniture.ma\/ar\/wp-json\/wp\/v2\/comments?post=31167"}],"version-history":[{"count":3,"href":"https:\/\/mafourniture.ma\/ar\/wp-json\/wp\/v2\/product\/31167\/revisions"}],"predecessor-version":[{"id":37033,"href":"https:\/\/mafourniture.ma\/ar\/wp-json\/wp\/v2\/product\/31167\/revisions\/37033"}],"wp:featuredmedia":[{"embeddable":true,"href":"https:\/\/mafourniture.ma\/ar\/wp-json\/wp\/v2\/media\/62521"}],"wp:attachment":[{"href":"https:\/\/mafourniture.ma\/ar\/wp-json\/wp\/v2\/media?parent=31167"}],"wp:term":[{"taxonomy":"pwb-brand","embeddable":true,"href":"https:\/\/mafourniture.ma\/ar\/wp-json\/wp\/v2\/pwb-brand?post=31167"},{"taxonomy":"product_brand","embeddable":true,"href":"https:\/\/mafourniture.ma\/ar\/wp-json\/wp\/v2\/product_brand?post=31167"},{"taxonomy":"product_cat","embeddable":true,"href":"https:\/\/mafourniture.ma\/ar\/wp-json\/wp\/v2\/product_cat?post=31167"},{"taxonomy":"product_tag","embeddable":true,"href":"https:\/\/mafourniture.ma\/ar\/wp-json\/wp\/v2\/product_tag?post=31167"}],"curies":[{"name":"wp","href":"https:\/\/api.w.org\/{rel}","templated":true}]}}