{"id":31135,"date":"2024-12-12T00:03:26","date_gmt":"2024-12-11T23:03:26","guid":{"rendered":"https:\/\/mafourniture.ma\/produit\/jeux-de-memoire-en-bois-pour-enfants-et-adultes-jouets-educatifs-game-memory-chess\/"},"modified":"2026-04-09T04:04:52","modified_gmt":"2026-04-09T03:04:52","slug":"jeux-de-memoire-en-bois-pour-enfants-et-adultes-jouets-educatifs-game-memory-chess","status":"publish","type":"product","link":"https:\/\/mafourniture.ma\/ar\/product\/jeux-de-memoire-en-bois-pour-enfants-et-adultes-jouets-educatifs-game-memory-chess\/","title":{"rendered":"JEUX DE MEMOIRE EN BOIS POUR ENFANTS ET ADULTES JOUETS EDUCATIFS GAME MEMORY CHESS"},"content":{"rendered":"<p>JOU D&rsquo;APPRENTISSAGE M\u00c9MOIRE FUN &#8211; Les jeux de puzzle en bois et les jouets \u00e9ducatifs n&rsquo;ont pas besoin d&rsquo;\u00eatre ennuyeux. Ce jeu de m\u00e9moire et d&rsquo;association aide au d\u00e9veloppement cognitif, \u00e0 la coordination \u0153il-main et \u00e0 la r\u00e9solution de probl\u00e8mes.<\/p>\n<p>DEVELOPD\u00c9VELOPPEMENT COGNITIF &#8211; \u00c0 un jeune \u00e2ge, le jeu peut am\u00e9liorer le cerveau de votre enfant. Il am\u00e9liore le QI, renforce les liens avec les parents et rend leur cerveau pr\u00e9cis. Cela les emp\u00eache \u00e9galement de d\u00e9pendre des gadgets.<\/p>\n<p>JEU EN FAMILLE &#8211; peut \u00eatre jou\u00e9 par 2 \u00e0 6 joueurs. Ins\u00e9rez les chevilles en bois sur le panneau de chevilles au hasard avec des couleurs cach\u00e9es et essayez de vous rappeler la couleur de chaque cheville. Il existe diff\u00e9rentes fa\u00e7ons de jouer au jeu. Des instructions sur la fa\u00e7on de jouer \u00e0 ce jeu de m\u00e9moire sont incluses sur la bo\u00eete en anglais.<\/p>\n<p>\u00c2GE 3-100 ADAPT\u00c9! &#8211; Ce grand jeu de soci\u00e9t\u00e9 familial plaira aux jeunes comme aux adultes. C&rsquo;est un excellent cadeau pour les jeunes enfants, la famille et les personnes qui souffrent de d\u00e9mence pr\u00e9coce. Le jeu est amusant \u00e0 jouer, facile \u00e0 apprendre ou \u00e0 \u00e9tablir ses propres r\u00e8gles et il peut \u00eatre conserv\u00e9 longtemps.<\/p>\n<p>MAT\u00c9RIAU DE BOIS MOUSSE &#8211; Fabriqu\u00e9 en mat\u00e9riau de bois s\u00fbr et peinture \u00e0 l&rsquo;eau non toxique, vous permet de l&rsquo;utiliser avec assurance. Avec une couche de surface lisse peinte, il ne blesse pas facilement les mains des enfants.<\/p>","protected":false},"excerpt":{"rendered":"<p>JOU D&rsquo;APPRENTISSAGE M\u00c9MOIRE FUN &#8211; Les jeux de puzzle en bois et les jouets \u00e9ducatifs n&rsquo;ont pas besoin d&rsquo;\u00eatre ennuyeux.<\/p>","protected":false},"featured_media":57142,"comment_status":"open","ping_status":"closed","template":"","meta":[],"pwb-brand":[],"product_brand":[],"product_cat":[637,634,636,635],"product_tag":[],"class_list":{"0":"post-31135","1":"product","2":"type-product","3":"status-publish","4":"has-post-thumbnail","6":"product_cat-echecs","7":"product_cat-espace-enfant","8":"product_cat-jeux-de-societe","9":"product_cat-jeux-et-jouets","11":"first","12":"instock","13":"purchasable","14":"product-type-simple"},"jetpack_sharing_enabled":true,"brands":[],"_links":{"self":[{"href":"https:\/\/mafourniture.ma\/ar\/wp-json\/wp\/v2\/product\/31135","targetHints":{"allow":["GET"]}}],"collection":[{"href":"https:\/\/mafourniture.ma\/ar\/wp-json\/wp\/v2\/product"}],"about":[{"href":"https:\/\/mafourniture.ma\/ar\/wp-json\/wp\/v2\/types\/product"}],"replies":[{"embeddable":true,"href":"https:\/\/mafourniture.ma\/ar\/wp-json\/wp\/v2\/comments?post=31135"}],"version-history":[{"count":3,"href":"https:\/\/mafourniture.ma\/ar\/wp-json\/wp\/v2\/product\/31135\/revisions"}],"predecessor-version":[{"id":34975,"href":"https:\/\/mafourniture.ma\/ar\/wp-json\/wp\/v2\/product\/31135\/revisions\/34975"}],"wp:featuredmedia":[{"embeddable":true,"href":"https:\/\/mafourniture.ma\/ar\/wp-json\/wp\/v2\/media\/57142"}],"wp:attachment":[{"href":"https:\/\/mafourniture.ma\/ar\/wp-json\/wp\/v2\/media?parent=31135"}],"wp:term":[{"taxonomy":"pwb-brand","embeddable":true,"href":"https:\/\/mafourniture.ma\/ar\/wp-json\/wp\/v2\/pwb-brand?post=31135"},{"taxonomy":"product_brand","embeddable":true,"href":"https:\/\/mafourniture.ma\/ar\/wp-json\/wp\/v2\/product_brand?post=31135"},{"taxonomy":"product_cat","embeddable":true,"href":"https:\/\/mafourniture.ma\/ar\/wp-json\/wp\/v2\/product_cat?post=31135"},{"taxonomy":"product_tag","embeddable":true,"href":"https:\/\/mafourniture.ma\/ar\/wp-json\/wp\/v2\/product_tag?post=31135"}],"curies":[{"name":"wp","href":"https:\/\/api.w.org\/{rel}","templated":true}]}}