{"id":31130,"date":"2024-12-12T00:02:06","date_gmt":"2024-12-11T23:02:06","guid":{"rendered":"https:\/\/mafourniture.ma\/produit\/spirale-plastique-6mm-noir-mintra\/"},"modified":"2026-04-11T04:05:00","modified_gmt":"2026-04-11T03:05:00","slug":"spirale-plastique-6mm-noir-mintra","status":"publish","type":"product","link":"https:\/\/mafourniture.ma\/ar\/product\/spirale-plastique-6mm-noir-mintra\/","title":{"rendered":"SPIRALE PLASTIQUE 6MM NOIR MINTRA"},"content":{"rendered":"<p>Peignes \u00e0 relier en PVC, conseill\u00e9s pour reliure de 11 \u00e0 20 feuilles A4. Couleurs: Noir.<\/p>","protected":false},"excerpt":{"rendered":"<p>Peignes \u00e0 relier en PVC, conseill\u00e9s pour reliure de 11 \u00e0 20 feuilles A4. Couleurs: Noir.<\/p>","protected":false},"featured_media":57136,"comment_status":"open","ping_status":"closed","template":"","meta":[],"pwb-brand":[626],"product_brand":[],"product_cat":[597,624,625],"product_tag":[],"class_list":{"0":"post-31130","1":"product","2":"type-product","3":"status-publish","4":"has-post-thumbnail","6":"pwb-brand-mintra","7":"product_cat-fournitures-de-bureau","8":"product_cat-reliure-et-plastification","9":"product_cat-spirale-plastique","11":"first","12":"instock","13":"taxable","14":"shipping-taxable","15":"purchasable","16":"product-type-simple"},"jetpack_sharing_enabled":true,"brands":[{"id":626,"name":"MINTRA","slug":"mintra"}],"_links":{"self":[{"href":"https:\/\/mafourniture.ma\/ar\/wp-json\/wp\/v2\/product\/31130","targetHints":{"allow":["GET"]}}],"collection":[{"href":"https:\/\/mafourniture.ma\/ar\/wp-json\/wp\/v2\/product"}],"about":[{"href":"https:\/\/mafourniture.ma\/ar\/wp-json\/wp\/v2\/types\/product"}],"replies":[{"embeddable":true,"href":"https:\/\/mafourniture.ma\/ar\/wp-json\/wp\/v2\/comments?post=31130"}],"version-history":[{"count":2,"href":"https:\/\/mafourniture.ma\/ar\/wp-json\/wp\/v2\/product\/31130\/revisions"}],"predecessor-version":[{"id":34964,"href":"https:\/\/mafourniture.ma\/ar\/wp-json\/wp\/v2\/product\/31130\/revisions\/34964"}],"wp:featuredmedia":[{"embeddable":true,"href":"https:\/\/mafourniture.ma\/ar\/wp-json\/wp\/v2\/media\/57136"}],"wp:attachment":[{"href":"https:\/\/mafourniture.ma\/ar\/wp-json\/wp\/v2\/media?parent=31130"}],"wp:term":[{"taxonomy":"pwb-brand","embeddable":true,"href":"https:\/\/mafourniture.ma\/ar\/wp-json\/wp\/v2\/pwb-brand?post=31130"},{"taxonomy":"product_brand","embeddable":true,"href":"https:\/\/mafourniture.ma\/ar\/wp-json\/wp\/v2\/product_brand?post=31130"},{"taxonomy":"product_cat","embeddable":true,"href":"https:\/\/mafourniture.ma\/ar\/wp-json\/wp\/v2\/product_cat?post=31130"},{"taxonomy":"product_tag","embeddable":true,"href":"https:\/\/mafourniture.ma\/ar\/wp-json\/wp\/v2\/product_tag?post=31130"}],"curies":[{"name":"wp","href":"https:\/\/api.w.org\/{rel}","templated":true}]}}