{"id":27780,"date":"2024-07-10T00:01:30","date_gmt":"2024-07-09T23:01:30","guid":{"rendered":"https:\/\/mafourniture.ma\/produit\/stylo-a-bille-papermate-inkjoy-100-pointe-moyenne-bleu\/"},"modified":"2026-05-15T10:37:34","modified_gmt":"2026-05-15T09:37:34","slug":"stylo-a-bille-papermate-inkjoy-100-pointe-moyenne-bleu","status":"publish","type":"product","link":"https:\/\/mafourniture.ma\/ar\/product\/stylo-a-bille-papermate-inkjoy-100-pointe-moyenne-bleu\/","title":{"rendered":"inkj 100"},"content":{"rendered":"<p>Ce stylo bille PAPERMATE Inkjoy pointe moyenne de 1 mm \u00e0 une forme triangulaire pour plus de confort et un meilleur contr\u00f4le de l\u2019\u00e9criture. Quatre couleurs vous sont propos\u00e9es : bleu, noir, rouge ou vert. Chaque stylo mesure 14 cm de longueur ce qui permettra \u00e0 votre enfant de ranger ces stylos dans sa trousse sans aucunes difficult\u00e9s. Le capuchon et le corps du stylo, en plastique sont de m\u00eame couleur que l\u2019encre. L\u2019encre est fluide ce qui vous permettra d\u2019\u00e9crire sans avoir de pression dans la main et vous offre des lignes claires et propres \u00e0 chaque utilisation. <\/p>","protected":false},"excerpt":{"rendered":"<p>Ce stylo bille PAPERMATE Inkjoy pointe moyenne de 1 mm \u00e0 une forme triangulaire pour plus de confort et un<\/p>","protected":false},"featured_media":70876,"comment_status":"open","ping_status":"closed","template":"","meta":[],"pwb-brand":[1022],"product_brand":[],"product_cat":[682,593,721,712],"product_tag":[],"class_list":{"0":"post-27780","1":"product","2":"type-product","3":"status-publish","4":"has-post-thumbnail","6":"pwb-brand-papermate","7":"product_cat-ecriture-et-correction-fournitures-scolaires","8":"product_cat-fournitures-scolaires","9":"product_cat-stylo-a-bille-stylos-ecriture-et-correction-fournitures-scolaires","10":"product_cat-stylos-ecriture-et-correction-fournitures-scolaires","12":"first","13":"instock","14":"purchasable","15":"product-type-simple"},"jetpack_sharing_enabled":true,"brands":[{"id":1022,"name":"PAPERMATE","slug":"papermate"}],"_links":{"self":[{"href":"https:\/\/mafourniture.ma\/ar\/wp-json\/wp\/v2\/product\/27780","targetHints":{"allow":["GET"]}}],"collection":[{"href":"https:\/\/mafourniture.ma\/ar\/wp-json\/wp\/v2\/product"}],"about":[{"href":"https:\/\/mafourniture.ma\/ar\/wp-json\/wp\/v2\/types\/product"}],"replies":[{"embeddable":true,"href":"https:\/\/mafourniture.ma\/ar\/wp-json\/wp\/v2\/comments?post=27780"}],"version-history":[{"count":2,"href":"https:\/\/mafourniture.ma\/ar\/wp-json\/wp\/v2\/product\/27780\/revisions"}],"predecessor-version":[{"id":36439,"href":"https:\/\/mafourniture.ma\/ar\/wp-json\/wp\/v2\/product\/27780\/revisions\/36439"}],"wp:featuredmedia":[{"embeddable":true,"href":"https:\/\/mafourniture.ma\/ar\/wp-json\/wp\/v2\/media\/70876"}],"wp:attachment":[{"href":"https:\/\/mafourniture.ma\/ar\/wp-json\/wp\/v2\/media?parent=27780"}],"wp:term":[{"taxonomy":"pwb-brand","embeddable":true,"href":"https:\/\/mafourniture.ma\/ar\/wp-json\/wp\/v2\/pwb-brand?post=27780"},{"taxonomy":"product_brand","embeddable":true,"href":"https:\/\/mafourniture.ma\/ar\/wp-json\/wp\/v2\/product_brand?post=27780"},{"taxonomy":"product_cat","embeddable":true,"href":"https:\/\/mafourniture.ma\/ar\/wp-json\/wp\/v2\/product_cat?post=27780"},{"taxonomy":"product_tag","embeddable":true,"href":"https:\/\/mafourniture.ma\/ar\/wp-json\/wp\/v2\/product_tag?post=27780"}],"curies":[{"name":"wp","href":"https:\/\/api.w.org\/{rel}","templated":true}]}}