{"id":27142,"date":"2024-07-09T14:09:39","date_gmt":"2024-07-09T13:09:39","guid":{"rendered":"https:\/\/mafourniture.ma\/produit\/lecteur-code-barre-deli-ref-14884\/"},"modified":"2026-04-09T04:49:28","modified_gmt":"2026-04-09T03:49:28","slug":"lecteur-code-barre-deli-ref-14884","status":"publish","type":"product","link":"https:\/\/mafourniture.ma\/ar\/product\/lecteur-code-barre-deli-ref-14884\/","title":{"rendered":"LECTEUR CODE BARRE DELI REF 14884"},"content":{"rendered":"<p>[b]Lecteur de codes \u00e0 barres Deli E14884 Le lecteur de codes \u00e0 barres stationnaire Deli E14884 peut lire des codes \u00e0 barres unidimensionnels.<br \/>Il est \u00e9quip\u00e9 d&rsquo;un capteur CMOS, qui est responsable de son fonctionnement rapide et fiable.<br \/>Il est aliment\u00e9 par un c\u00e2ble USB, ce qui vous permet \u00e9galement de le connecter \u00e0 un ordinateur.<br \/>L&rsquo;appareil offre \u00e9galement un indicateur lumineux et un signal sonore.<br \/>[color=green]Il est \u00e9galement extr\u00eamement durable et facile \u00e0 utiliser.[\/color][\/b]<\/p>","protected":false},"excerpt":{"rendered":"<p>[b]Lecteur de codes \u00e0 barres Deli E14884 Le lecteur de codes \u00e0 barres stationnaire Deli E14884 peut lire des codes<\/p>","protected":false},"featured_media":58762,"comment_status":"open","ping_status":"closed","template":"","meta":[],"pwb-brand":[],"product_brand":[],"product_cat":[597,716,641],"product_tag":[],"class_list":{"0":"post-27142","1":"product","2":"type-product","3":"status-publish","4":"has-post-thumbnail","6":"product_cat-fournitures-de-bureau","7":"product_cat-lecteur-code-barre","8":"product_cat-machines-de-bureau","10":"first","11":"instock","12":"taxable","13":"shipping-taxable","14":"purchasable","15":"product-type-simple"},"jetpack_sharing_enabled":true,"brands":[],"_links":{"self":[{"href":"https:\/\/mafourniture.ma\/ar\/wp-json\/wp\/v2\/product\/27142","targetHints":{"allow":["GET"]}}],"collection":[{"href":"https:\/\/mafourniture.ma\/ar\/wp-json\/wp\/v2\/product"}],"about":[{"href":"https:\/\/mafourniture.ma\/ar\/wp-json\/wp\/v2\/types\/product"}],"replies":[{"embeddable":true,"href":"https:\/\/mafourniture.ma\/ar\/wp-json\/wp\/v2\/comments?post=27142"}],"version-history":[{"count":2,"href":"https:\/\/mafourniture.ma\/ar\/wp-json\/wp\/v2\/product\/27142\/revisions"}],"predecessor-version":[{"id":35176,"href":"https:\/\/mafourniture.ma\/ar\/wp-json\/wp\/v2\/product\/27142\/revisions\/35176"}],"wp:featuredmedia":[{"embeddable":true,"href":"https:\/\/mafourniture.ma\/ar\/wp-json\/wp\/v2\/media\/58762"}],"wp:attachment":[{"href":"https:\/\/mafourniture.ma\/ar\/wp-json\/wp\/v2\/media?parent=27142"}],"wp:term":[{"taxonomy":"pwb-brand","embeddable":true,"href":"https:\/\/mafourniture.ma\/ar\/wp-json\/wp\/v2\/pwb-brand?post=27142"},{"taxonomy":"product_brand","embeddable":true,"href":"https:\/\/mafourniture.ma\/ar\/wp-json\/wp\/v2\/product_brand?post=27142"},{"taxonomy":"product_cat","embeddable":true,"href":"https:\/\/mafourniture.ma\/ar\/wp-json\/wp\/v2\/product_cat?post=27142"},{"taxonomy":"product_tag","embeddable":true,"href":"https:\/\/mafourniture.ma\/ar\/wp-json\/wp\/v2\/product_tag?post=27142"}],"curies":[{"name":"wp","href":"https:\/\/api.w.org\/{rel}","templated":true}]}}