{"id":26747,"date":"2024-06-29T00:04:22","date_gmt":"2024-06-28T23:04:22","guid":{"rendered":"https:\/\/mafourniture.ma\/produit\/feutres-12-couleurs-deli-emotion-emotion-c10304\/"},"modified":"2026-05-15T11:16:28","modified_gmt":"2026-05-15T10:16:28","slug":"feutres-12-couleurs-deli-emotion-emotion-c10304","status":"publish","type":"product","link":"https:\/\/mafourniture.ma\/ar\/product\/feutres-12-couleurs-deli-emotion-emotion-c10304\/","title":{"rendered":"FEUTRES 12 COULEURS DELI EMOTION EMOTION C10304"},"content":{"rendered":"<p>Feutre super lavable pour une utilisation propre couleurs vives pointe souple pour un dessin et une peinture au pinceau tr\u00e8s souples disposition \u00e9quilibr\u00e9e pour un coloriage facile.<\/p>","protected":false},"excerpt":{"rendered":"<p>Feutre super lavable pour une utilisation propre couleurs vives pointe souple pour un dessin et une peinture au pinceau tr\u00e8s<\/p>","protected":false},"featured_media":70938,"comment_status":"open","ping_status":"closed","template":"","meta":[],"pwb-brand":[659],"product_brand":[],"product_cat":[645,675,597],"product_tag":[],"class_list":{"0":"post-26747","1":"product","2":"type-product","3":"status-publish","4":"has-post-thumbnail","6":"pwb-brand-deli","7":"product_cat-ecriture-et-correction","8":"product_cat-feutres","9":"product_cat-fournitures-de-bureau","11":"first","12":"instock","13":"taxable","14":"shipping-taxable","15":"purchasable","16":"product-type-simple"},"jetpack_sharing_enabled":true,"brands":[{"id":659,"name":"DELI","slug":"deli"}],"_links":{"self":[{"href":"https:\/\/mafourniture.ma\/ar\/wp-json\/wp\/v2\/product\/26747","targetHints":{"allow":["GET"]}}],"collection":[{"href":"https:\/\/mafourniture.ma\/ar\/wp-json\/wp\/v2\/product"}],"about":[{"href":"https:\/\/mafourniture.ma\/ar\/wp-json\/wp\/v2\/types\/product"}],"replies":[{"embeddable":true,"href":"https:\/\/mafourniture.ma\/ar\/wp-json\/wp\/v2\/comments?post=26747"}],"version-history":[{"count":3,"href":"https:\/\/mafourniture.ma\/ar\/wp-json\/wp\/v2\/product\/26747\/revisions"}],"predecessor-version":[{"id":36565,"href":"https:\/\/mafourniture.ma\/ar\/wp-json\/wp\/v2\/product\/26747\/revisions\/36565"}],"wp:featuredmedia":[{"embeddable":true,"href":"https:\/\/mafourniture.ma\/ar\/wp-json\/wp\/v2\/media\/70938"}],"wp:attachment":[{"href":"https:\/\/mafourniture.ma\/ar\/wp-json\/wp\/v2\/media?parent=26747"}],"wp:term":[{"taxonomy":"pwb-brand","embeddable":true,"href":"https:\/\/mafourniture.ma\/ar\/wp-json\/wp\/v2\/pwb-brand?post=26747"},{"taxonomy":"product_brand","embeddable":true,"href":"https:\/\/mafourniture.ma\/ar\/wp-json\/wp\/v2\/product_brand?post=26747"},{"taxonomy":"product_cat","embeddable":true,"href":"https:\/\/mafourniture.ma\/ar\/wp-json\/wp\/v2\/product_cat?post=26747"},{"taxonomy":"product_tag","embeddable":true,"href":"https:\/\/mafourniture.ma\/ar\/wp-json\/wp\/v2\/product_tag?post=26747"}],"curies":[{"name":"wp","href":"https:\/\/api.w.org\/{rel}","templated":true}]}}