{"id":26733,"date":"2024-06-29T00:01:11","date_gmt":"2024-06-28T23:01:11","guid":{"rendered":"https:\/\/mafourniture.ma\/produit\/peinture-a-eau-faber-castell-21-couleurs-30mm-ref-12-50-21\/"},"modified":"2026-04-17T05:58:04","modified_gmt":"2026-04-17T04:58:04","slug":"peinture-a-eau-faber-castell-21-couleurs-30mm-ref-12-50-21","status":"publish","type":"product","link":"https:\/\/mafourniture.ma\/ar\/product\/peinture-a-eau-faber-castell-21-couleurs-30mm-ref-12-50-21\/","title":{"rendered":"PEINTURE A EAU FABER CASTELL 21 couleurs 30mm ref 12 50 21"},"content":{"rendered":"<p>L&rsquo;ensemble de 12 pi\u00e8ces est compos\u00e9 d&rsquo;une s\u00e9rie d&rsquo;accessoires qui permettent d&rsquo;\u00e9viter les d\u00e9placements inutiles. Vous pouvez utiliser 12 pi\u00e8ces de bois diff\u00e9rentes et une paire de pi\u00e8ces de bois sur une surface plane. Un poklopac est disponible pour chaque pi\u00e8ce. \u00c9toile 6+.<\/p>","protected":false},"excerpt":{"rendered":"<p>L&rsquo;ensemble de 12 pi\u00e8ces est compos\u00e9 d&rsquo;une s\u00e9rie d&rsquo;accessoires qui permettent d&rsquo;\u00e9viter les d\u00e9placements inutiles. Vous pouvez utiliser 12 pi\u00e8ces<\/p>","protected":false},"featured_media":57497,"comment_status":"open","ping_status":"closed","template":"","meta":[],"pwb-brand":[604],"product_brand":[],"product_cat":[602,593,603],"product_tag":[],"class_list":{"0":"post-26733","1":"product","2":"type-product","3":"status-publish","4":"has-post-thumbnail","6":"pwb-brand-faber-castell","7":"product_cat-dessin-et-peinture","8":"product_cat-fournitures-scolaires","9":"product_cat-peinture-aquarelle","11":"first","12":"instock","13":"purchasable","14":"product-type-simple"},"jetpack_sharing_enabled":true,"brands":[{"id":604,"name":"FABER CASTELL","slug":"faber-castell"}],"_links":{"self":[{"href":"https:\/\/mafourniture.ma\/ar\/wp-json\/wp\/v2\/product\/26733","targetHints":{"allow":["GET"]}}],"collection":[{"href":"https:\/\/mafourniture.ma\/ar\/wp-json\/wp\/v2\/product"}],"about":[{"href":"https:\/\/mafourniture.ma\/ar\/wp-json\/wp\/v2\/types\/product"}],"replies":[{"embeddable":true,"href":"https:\/\/mafourniture.ma\/ar\/wp-json\/wp\/v2\/comments?post=26733"}],"version-history":[{"count":2,"href":"https:\/\/mafourniture.ma\/ar\/wp-json\/wp\/v2\/product\/26733\/revisions"}],"predecessor-version":[{"id":35458,"href":"https:\/\/mafourniture.ma\/ar\/wp-json\/wp\/v2\/product\/26733\/revisions\/35458"}],"wp:featuredmedia":[{"embeddable":true,"href":"https:\/\/mafourniture.ma\/ar\/wp-json\/wp\/v2\/media\/57497"}],"wp:attachment":[{"href":"https:\/\/mafourniture.ma\/ar\/wp-json\/wp\/v2\/media?parent=26733"}],"wp:term":[{"taxonomy":"pwb-brand","embeddable":true,"href":"https:\/\/mafourniture.ma\/ar\/wp-json\/wp\/v2\/pwb-brand?post=26733"},{"taxonomy":"product_brand","embeddable":true,"href":"https:\/\/mafourniture.ma\/ar\/wp-json\/wp\/v2\/product_brand?post=26733"},{"taxonomy":"product_cat","embeddable":true,"href":"https:\/\/mafourniture.ma\/ar\/wp-json\/wp\/v2\/product_cat?post=26733"},{"taxonomy":"product_tag","embeddable":true,"href":"https:\/\/mafourniture.ma\/ar\/wp-json\/wp\/v2\/product_tag?post=26733"}],"curies":[{"name":"wp","href":"https:\/\/api.w.org\/{rel}","templated":true}]}}