{"id":25740,"date":"2024-06-08T00:06:52","date_gmt":"2024-06-07T23:06:52","guid":{"rendered":"https:\/\/mafourniture.ma\/produit\/surligneur-schneider-job-rouge-1502\/"},"modified":"2026-05-15T13:00:08","modified_gmt":"2026-05-15T12:00:08","slug":"surligneur-schneider-job-rouge-1502","status":"publish","type":"product","link":"https:\/\/mafourniture.ma\/ar\/product\/surligneur-schneider-job-rouge-1502\/","title":{"rendered":"SURLIGNEUR SCHNEIDER JOB ROUGE 1502"},"content":{"rendered":"<p>Surligneur avec pointe biseaut\u00e9e pour deux \u00e9paisseurs de trait d\u00b4\u00e9criture, 1+5 mm. Couleur d&rsquo;encre rouge. L&rsquo;encre universelle pour papier normal, photocopie et fax avec une luminosit\u00e9 maximale et r\u00e9sistance \u00e0 la lumi\u00e8re. Le corps en PP est r\u00e9sistant \u00e0 l&rsquo;\u00e9vaporation pendant 2 ans de stockage d&rsquo;encre et est rechargeable avec Maxx 660 refill station. Le surligneur intelligent aux r\u00e9sultats brillants a re\u00e7u le prix iF- et red dot Design-Award 2013. La forme plus plate aux coins arrondis est id\u00e9al pour le glisser dans des poches et des boucles. Le capuchon avec clip est r\u00e9versible. La grande r\u00e9serve d\u2019encre permet le marquage de plus de 15.000 mots par Job.<\/p>","protected":false},"excerpt":{"rendered":"<p>Surligneur avec pointe biseaut\u00e9e pour deux \u00e9paisseurs de trait d\u00b4\u00e9criture, 1+5 mm. Couleur d&rsquo;encre rouge. L&rsquo;encre universelle pour papier normal,<\/p>","protected":false},"featured_media":71161,"comment_status":"open","ping_status":"closed","template":"","meta":[],"pwb-brand":[722],"product_brand":[],"product_cat":[645,597,646],"product_tag":[],"class_list":{"0":"post-25740","1":"product","2":"type-product","3":"status-publish","4":"has-post-thumbnail","6":"pwb-brand-schneider","7":"product_cat-ecriture-et-correction","8":"product_cat-fournitures-de-bureau","9":"product_cat-surligneur","11":"first","12":"instock","13":"taxable","14":"shipping-taxable","15":"purchasable","16":"product-type-simple"},"jetpack_sharing_enabled":true,"brands":[{"id":722,"name":"SCHNEIDER","slug":"schneider"}],"_links":{"self":[{"href":"https:\/\/mafourniture.ma\/ar\/wp-json\/wp\/v2\/product\/25740","targetHints":{"allow":["GET"]}}],"collection":[{"href":"https:\/\/mafourniture.ma\/ar\/wp-json\/wp\/v2\/product"}],"about":[{"href":"https:\/\/mafourniture.ma\/ar\/wp-json\/wp\/v2\/types\/product"}],"replies":[{"embeddable":true,"href":"https:\/\/mafourniture.ma\/ar\/wp-json\/wp\/v2\/comments?post=25740"}],"version-history":[{"count":2,"href":"https:\/\/mafourniture.ma\/ar\/wp-json\/wp\/v2\/product\/25740\/revisions"}],"predecessor-version":[{"id":36935,"href":"https:\/\/mafourniture.ma\/ar\/wp-json\/wp\/v2\/product\/25740\/revisions\/36935"}],"wp:featuredmedia":[{"embeddable":true,"href":"https:\/\/mafourniture.ma\/ar\/wp-json\/wp\/v2\/media\/71161"}],"wp:attachment":[{"href":"https:\/\/mafourniture.ma\/ar\/wp-json\/wp\/v2\/media?parent=25740"}],"wp:term":[{"taxonomy":"pwb-brand","embeddable":true,"href":"https:\/\/mafourniture.ma\/ar\/wp-json\/wp\/v2\/pwb-brand?post=25740"},{"taxonomy":"product_brand","embeddable":true,"href":"https:\/\/mafourniture.ma\/ar\/wp-json\/wp\/v2\/product_brand?post=25740"},{"taxonomy":"product_cat","embeddable":true,"href":"https:\/\/mafourniture.ma\/ar\/wp-json\/wp\/v2\/product_cat?post=25740"},{"taxonomy":"product_tag","embeddable":true,"href":"https:\/\/mafourniture.ma\/ar\/wp-json\/wp\/v2\/product_tag?post=25740"}],"curies":[{"name":"wp","href":"https:\/\/api.w.org\/{rel}","templated":true}]}}