{"id":25719,"date":"2024-06-08T00:01:42","date_gmt":"2024-06-07T23:01:42","guid":{"rendered":"https:\/\/mafourniture.ma\/produit\/stylos-a-bille-bic-cristal-fashion-1-2-mm-rose\/"},"modified":"2026-05-16T06:40:00","modified_gmt":"2026-05-16T05:40:00","slug":"stylos-a-bille-bic-cristal-fashion-1-2-mm-rose","status":"publish","type":"product","link":"https:\/\/mafourniture.ma\/ar\/product\/stylos-a-bille-bic-cristal-fashion-1-2-mm-rose\/","title":{"rendered":"STYLOS A BILLE BIC CRISTAL FASHION &#8211; 1.2 MM &#8211; ROSE"},"content":{"rendered":"<p>Encre de qualit\u00e9, s\u00e9chage rapide et \u00e9criture douce &#8211; Bille en carbure de tungst\u00e8ne, parfaitement sph\u00e9rique et tr\u00e8s r\u00e9sistante &#8211; Pointe moyenne : 1 mm, largeur de trait 0,4 mm &#8211; Forme hexagonale pour une meilleure prise en main &#8211; Corps translucide \u00e0 la couleur de l&rsquo;encre, niveau d&rsquo;encre visible &#8211; Couleur Rose<\/p>","protected":false},"excerpt":{"rendered":"<p>Encre de qualit\u00e9, s\u00e9chage rapide et \u00e9criture douce &#8211; Bille en carbure de tungst\u00e8ne, parfaitement sph\u00e9rique et tr\u00e8s r\u00e9sistante &#8211;<\/p>","protected":false},"featured_media":71543,"comment_status":"open","ping_status":"closed","template":"","meta":[],"pwb-brand":[690],"product_brand":[],"product_cat":[593,746,689,680],"product_tag":[],"class_list":{"0":"post-25719","1":"product","2":"type-product","3":"status-publish","4":"has-post-thumbnail","6":"pwb-brand-bic","7":"product_cat-fournitures-scolaires","8":"product_cat-stylo-a-bille-stylos-stylos-et-crayons-scolaire","9":"product_cat-stylos-stylos-et-crayons-scolaire","10":"product_cat-stylos-et-crayons-scolaire","12":"first","13":"instock","14":"purchasable","15":"product-type-simple"},"jetpack_sharing_enabled":true,"brands":[{"id":690,"name":"BIC","slug":"bic"}],"_links":{"self":[{"href":"https:\/\/mafourniture.ma\/ar\/wp-json\/wp\/v2\/product\/25719","targetHints":{"allow":["GET"]}}],"collection":[{"href":"https:\/\/mafourniture.ma\/ar\/wp-json\/wp\/v2\/product"}],"about":[{"href":"https:\/\/mafourniture.ma\/ar\/wp-json\/wp\/v2\/types\/product"}],"replies":[{"embeddable":true,"href":"https:\/\/mafourniture.ma\/ar\/wp-json\/wp\/v2\/comments?post=25719"}],"version-history":[{"count":2,"href":"https:\/\/mafourniture.ma\/ar\/wp-json\/wp\/v2\/product\/25719\/revisions"}],"predecessor-version":[{"id":35956,"href":"https:\/\/mafourniture.ma\/ar\/wp-json\/wp\/v2\/product\/25719\/revisions\/35956"}],"wp:featuredmedia":[{"embeddable":true,"href":"https:\/\/mafourniture.ma\/ar\/wp-json\/wp\/v2\/media\/71543"}],"wp:attachment":[{"href":"https:\/\/mafourniture.ma\/ar\/wp-json\/wp\/v2\/media?parent=25719"}],"wp:term":[{"taxonomy":"pwb-brand","embeddable":true,"href":"https:\/\/mafourniture.ma\/ar\/wp-json\/wp\/v2\/pwb-brand?post=25719"},{"taxonomy":"product_brand","embeddable":true,"href":"https:\/\/mafourniture.ma\/ar\/wp-json\/wp\/v2\/product_brand?post=25719"},{"taxonomy":"product_cat","embeddable":true,"href":"https:\/\/mafourniture.ma\/ar\/wp-json\/wp\/v2\/product_cat?post=25719"},{"taxonomy":"product_tag","embeddable":true,"href":"https:\/\/mafourniture.ma\/ar\/wp-json\/wp\/v2\/product_tag?post=25719"}],"curies":[{"name":"wp","href":"https:\/\/api.w.org\/{rel}","templated":true}]}}