{"id":25557,"date":"2024-05-26T00:32:46","date_gmt":"2024-05-25T23:32:46","guid":{"rendered":"https:\/\/138.201.14.18\/~mafourn1\/produit\/12-crayons-de-couleur-deli-c00100\/"},"modified":"2026-04-08T11:36:25","modified_gmt":"2026-04-08T10:36:25","slug":"12-crayons-de-couleur-deli-c00100","status":"publish","type":"product","link":"https:\/\/mafourniture.ma\/ar\/product\/12-crayons-de-couleur-deli-c00100\/","title":{"rendered":"12 CRAYONS DE COULEUR DELI C00100"},"content":{"rendered":"<p>&#8211; Mat\u00e9riels PS pour l&rsquo;approvisionnement en eau.<br \/>&#8211; Materiali plastik n\u00eb vend t\u00eb drurit, \u00ab\u00a0save for earth\u00a0\u00bb.<br \/>&#8211; Il s&rsquo;agit d&rsquo;un produit innovant pour les randonneurs.<\/p>","protected":false},"excerpt":{"rendered":"<p>&#8211; Mat\u00e9riels PS pour l&rsquo;approvisionnement en eau.&#8211; Materiali plastik n\u00eb vend t\u00eb drurit, \u00ab\u00a0save for earth\u00a0\u00bb.&#8211; Il s&rsquo;agit d&rsquo;un produit<\/p>","protected":false},"featured_media":58236,"comment_status":"open","ping_status":"closed","template":"","meta":[],"pwb-brand":[659],"product_brand":[],"product_cat":[653,602,593],"product_tag":[],"class_list":{"0":"post-25557","1":"product","2":"type-product","3":"status-publish","4":"has-post-thumbnail","6":"pwb-brand-deli","7":"product_cat-crayons-de-couleur","8":"product_cat-dessin-et-peinture","9":"product_cat-fournitures-scolaires","11":"first","12":"instock","13":"purchasable","14":"product-type-simple"},"jetpack_sharing_enabled":true,"brands":[{"id":659,"name":"DELI","slug":"deli"}],"_links":{"self":[{"href":"https:\/\/mafourniture.ma\/ar\/wp-json\/wp\/v2\/product\/25557","targetHints":{"allow":["GET"]}}],"collection":[{"href":"https:\/\/mafourniture.ma\/ar\/wp-json\/wp\/v2\/product"}],"about":[{"href":"https:\/\/mafourniture.ma\/ar\/wp-json\/wp\/v2\/types\/product"}],"replies":[{"embeddable":true,"href":"https:\/\/mafourniture.ma\/ar\/wp-json\/wp\/v2\/comments?post=25557"}],"version-history":[{"count":2,"href":"https:\/\/mafourniture.ma\/ar\/wp-json\/wp\/v2\/product\/25557\/revisions"}],"predecessor-version":[{"id":36557,"href":"https:\/\/mafourniture.ma\/ar\/wp-json\/wp\/v2\/product\/25557\/revisions\/36557"}],"wp:featuredmedia":[{"embeddable":true,"href":"https:\/\/mafourniture.ma\/ar\/wp-json\/wp\/v2\/media\/58236"}],"wp:attachment":[{"href":"https:\/\/mafourniture.ma\/ar\/wp-json\/wp\/v2\/media?parent=25557"}],"wp:term":[{"taxonomy":"pwb-brand","embeddable":true,"href":"https:\/\/mafourniture.ma\/ar\/wp-json\/wp\/v2\/pwb-brand?post=25557"},{"taxonomy":"product_brand","embeddable":true,"href":"https:\/\/mafourniture.ma\/ar\/wp-json\/wp\/v2\/product_brand?post=25557"},{"taxonomy":"product_cat","embeddable":true,"href":"https:\/\/mafourniture.ma\/ar\/wp-json\/wp\/v2\/product_cat?post=25557"},{"taxonomy":"product_tag","embeddable":true,"href":"https:\/\/mafourniture.ma\/ar\/wp-json\/wp\/v2\/product_tag?post=25557"}],"curies":[{"name":"wp","href":"https:\/\/api.w.org\/{rel}","templated":true}]}}