{"id":25547,"date":"2024-05-26T00:30:37","date_gmt":"2024-05-25T23:30:37","guid":{"rendered":"https:\/\/138.201.14.18\/~mafourn1\/produit\/bic-cristal-up-stylos-bille-pointe-moyenne-12-mm-vert-ref-968036\/"},"modified":"2026-05-15T10:42:19","modified_gmt":"2026-05-15T09:42:19","slug":"bic-cristal-up-stylos-bille-pointe-moyenne-12-mm-vert-ref-968036","status":"publish","type":"product","link":"https:\/\/mafourniture.ma\/ar\/product\/bic-cristal-up-stylos-bille-pointe-moyenne-12-mm-vert-ref-968036\/","title":{"rendered":"BIC CRISTAL UP STYLOS-BILLE POINTE MOYENNE 1,2 MM &#8211; VERT &#8211; REF 968036"},"content":{"rendered":"<p>Avec leur corps blanc opaque, Dot\u00e9s d&rsquo;une pointe large de 1,2 mm, ces stylos-bille offrent une sensation de douceur intense<br \/>Leur bille ultra-r\u00e9sistante en carbure de tungst\u00e8ne est ind\u00e9formable et inusable.<br \/>Pratique, le clip et l&#8217;embout de ces stylos sont assortis \u00e0 la couleur de leur encre.<\/p>","protected":false},"excerpt":{"rendered":"<p>Avec leur corps blanc opaque, Dot\u00e9s d&rsquo;une pointe large de 1,2 mm, ces stylos-bille offrent une sensation de douceur intenseLeur<\/p>","protected":false},"featured_media":70882,"comment_status":"open","ping_status":"closed","template":"","meta":[],"pwb-brand":[690],"product_brand":[],"product_cat":[593,689,680],"product_tag":[],"class_list":{"0":"post-25547","1":"product","2":"type-product","3":"status-publish","4":"has-post-thumbnail","6":"pwb-brand-bic","7":"product_cat-fournitures-scolaires","8":"product_cat-stylos-stylos-et-crayons-scolaire","9":"product_cat-stylos-et-crayons-scolaire","11":"first","12":"instock","13":"purchasable","14":"product-type-simple"},"jetpack_sharing_enabled":true,"brands":[{"id":690,"name":"BIC","slug":"bic"}],"_links":{"self":[{"href":"https:\/\/mafourniture.ma\/ar\/wp-json\/wp\/v2\/product\/25547","targetHints":{"allow":["GET"]}}],"collection":[{"href":"https:\/\/mafourniture.ma\/ar\/wp-json\/wp\/v2\/product"}],"about":[{"href":"https:\/\/mafourniture.ma\/ar\/wp-json\/wp\/v2\/types\/product"}],"replies":[{"embeddable":true,"href":"https:\/\/mafourniture.ma\/ar\/wp-json\/wp\/v2\/comments?post=25547"}],"version-history":[{"count":2,"href":"https:\/\/mafourniture.ma\/ar\/wp-json\/wp\/v2\/product\/25547\/revisions"}],"predecessor-version":[{"id":36453,"href":"https:\/\/mafourniture.ma\/ar\/wp-json\/wp\/v2\/product\/25547\/revisions\/36453"}],"wp:featuredmedia":[{"embeddable":true,"href":"https:\/\/mafourniture.ma\/ar\/wp-json\/wp\/v2\/media\/70882"}],"wp:attachment":[{"href":"https:\/\/mafourniture.ma\/ar\/wp-json\/wp\/v2\/media?parent=25547"}],"wp:term":[{"taxonomy":"pwb-brand","embeddable":true,"href":"https:\/\/mafourniture.ma\/ar\/wp-json\/wp\/v2\/pwb-brand?post=25547"},{"taxonomy":"product_brand","embeddable":true,"href":"https:\/\/mafourniture.ma\/ar\/wp-json\/wp\/v2\/product_brand?post=25547"},{"taxonomy":"product_cat","embeddable":true,"href":"https:\/\/mafourniture.ma\/ar\/wp-json\/wp\/v2\/product_cat?post=25547"},{"taxonomy":"product_tag","embeddable":true,"href":"https:\/\/mafourniture.ma\/ar\/wp-json\/wp\/v2\/product_tag?post=25547"}],"curies":[{"name":"wp","href":"https:\/\/api.w.org\/{rel}","templated":true}]}}