{"id":25546,"date":"2024-05-26T00:30:22","date_gmt":"2024-05-25T23:30:22","guid":{"rendered":"https:\/\/138.201.14.18\/~mafourn1\/produit\/baton-de-colle-noris-40g-staedtler\/"},"modified":"2026-04-17T10:03:29","modified_gmt":"2026-04-17T09:03:29","slug":"baton-de-colle-noris-40g-staedtler","status":"publish","type":"product","link":"https:\/\/mafourniture.ma\/ar\/product\/baton-de-colle-noris-40g-staedtler\/","title":{"rendered":"BATON DE COLLE NORIS 40G STAEDTLER"},"content":{"rendered":"<p>Un moyen fiable pour coller le papier, le carton, les photos et les tissus. Capable de maintenir les propri\u00e9t\u00e9s adh\u00e9sives pendant une tr\u00e8s longue p\u00e9riode.<\/p>\n<p>Caract\u00e9ristiques<\/p>\n<p>Poids : 40 g<br \/>La composition de l&rsquo;adh\u00e9sif : PVP.<br \/>Transparent : Oui.<br \/>Utilisation : papier, carton, papier photo.<br \/>Sans odeur : Oui.<br \/>Forme de la bo\u00eete : ronde.<br \/>Dur\u00e9e de conservation : 24 mois.<br \/>La marque STAEDTLER.<\/p>","protected":false},"excerpt":{"rendered":"<p>Un moyen fiable pour coller le papier, le carton, les photos et les tissus. Capable de maintenir les propri\u00e9t\u00e9s adh\u00e9sives<\/p>","protected":false},"featured_media":58145,"comment_status":"open","ping_status":"closed","template":"","meta":[],"pwb-brand":[726],"product_brand":[],"product_cat":[811,593,628],"product_tag":[],"class_list":{"0":"post-25546","1":"product","2":"type-product","3":"status-publish","4":"has-post-thumbnail","6":"pwb-brand-staedlter","7":"product_cat-colles","8":"product_cat-fournitures-scolaires","9":"product_cat-petites-fournitures","11":"first","12":"instock","13":"purchasable","14":"product-type-simple"},"jetpack_sharing_enabled":true,"brands":[{"id":726,"name":"STAEDLTER","slug":"staedlter"}],"_links":{"self":[{"href":"https:\/\/mafourniture.ma\/ar\/wp-json\/wp\/v2\/product\/25546","targetHints":{"allow":["GET"]}}],"collection":[{"href":"https:\/\/mafourniture.ma\/ar\/wp-json\/wp\/v2\/product"}],"about":[{"href":"https:\/\/mafourniture.ma\/ar\/wp-json\/wp\/v2\/types\/product"}],"replies":[{"embeddable":true,"href":"https:\/\/mafourniture.ma\/ar\/wp-json\/wp\/v2\/comments?post=25546"}],"version-history":[{"count":2,"href":"https:\/\/mafourniture.ma\/ar\/wp-json\/wp\/v2\/product\/25546\/revisions"}],"predecessor-version":[{"id":36447,"href":"https:\/\/mafourniture.ma\/ar\/wp-json\/wp\/v2\/product\/25546\/revisions\/36447"}],"wp:featuredmedia":[{"embeddable":true,"href":"https:\/\/mafourniture.ma\/ar\/wp-json\/wp\/v2\/media\/58145"}],"wp:attachment":[{"href":"https:\/\/mafourniture.ma\/ar\/wp-json\/wp\/v2\/media?parent=25546"}],"wp:term":[{"taxonomy":"pwb-brand","embeddable":true,"href":"https:\/\/mafourniture.ma\/ar\/wp-json\/wp\/v2\/pwb-brand?post=25546"},{"taxonomy":"product_brand","embeddable":true,"href":"https:\/\/mafourniture.ma\/ar\/wp-json\/wp\/v2\/product_brand?post=25546"},{"taxonomy":"product_cat","embeddable":true,"href":"https:\/\/mafourniture.ma\/ar\/wp-json\/wp\/v2\/product_cat?post=25546"},{"taxonomy":"product_tag","embeddable":true,"href":"https:\/\/mafourniture.ma\/ar\/wp-json\/wp\/v2\/product_tag?post=25546"}],"curies":[{"name":"wp","href":"https:\/\/api.w.org\/{rel}","templated":true}]}}