{"id":25544,"date":"2024-05-26T00:29:49","date_gmt":"2024-05-25T23:29:49","guid":{"rendered":"https:\/\/138.201.14.18\/~mafourn1\/produit\/baton-de-colle-noris-10g-staedtler\/"},"modified":"2026-05-15T10:42:19","modified_gmt":"2026-05-15T09:42:19","slug":"baton-de-colle-noris-10g-staedtler","status":"publish","type":"product","link":"https:\/\/mafourniture.ma\/ar\/product\/baton-de-colle-noris-10g-staedtler\/","title":{"rendered":"BATON DE COLLE NORIS 10G STAEDTLER"},"content":{"rendered":"<p>Adh\u00e9sif fiable pour le collage du papier, du carton, des photographies et des tissus. Capable de conserver ses propri\u00e9t\u00e9s adh\u00e9sives pendant une tr\u00e8s longue p\u00e9riode. Sp\u00e9cifications, Poids : 10 g, Composition de l&rsquo;adh\u00e9sif : PVP, Transparent : oui, Application : papier, carton, papier photo, Inodore : oui, Forme du corps : rond.<\/p>","protected":false},"excerpt":{"rendered":"<p>Adh\u00e9sif fiable pour le collage du papier, du carton, des photographies et des tissus. Capable de conserver ses propri\u00e9t\u00e9s adh\u00e9sives<\/p>","protected":false},"featured_media":70878,"comment_status":"open","ping_status":"closed","template":"","meta":[],"pwb-brand":[726],"product_brand":[],"product_cat":[811,593,628],"product_tag":[],"class_list":{"0":"post-25544","1":"product","2":"type-product","3":"status-publish","4":"has-post-thumbnail","6":"pwb-brand-staedlter","7":"product_cat-colles","8":"product_cat-fournitures-scolaires","9":"product_cat-petites-fournitures","11":"first","12":"instock","13":"purchasable","14":"product-type-simple"},"jetpack_sharing_enabled":true,"brands":[{"id":726,"name":"STAEDLTER","slug":"staedlter"}],"_links":{"self":[{"href":"https:\/\/mafourniture.ma\/ar\/wp-json\/wp\/v2\/product\/25544","targetHints":{"allow":["GET"]}}],"collection":[{"href":"https:\/\/mafourniture.ma\/ar\/wp-json\/wp\/v2\/product"}],"about":[{"href":"https:\/\/mafourniture.ma\/ar\/wp-json\/wp\/v2\/types\/product"}],"replies":[{"embeddable":true,"href":"https:\/\/mafourniture.ma\/ar\/wp-json\/wp\/v2\/comments?post=25544"}],"version-history":[{"count":3,"href":"https:\/\/mafourniture.ma\/ar\/wp-json\/wp\/v2\/product\/25544\/revisions"}],"predecessor-version":[{"id":36443,"href":"https:\/\/mafourniture.ma\/ar\/wp-json\/wp\/v2\/product\/25544\/revisions\/36443"}],"wp:featuredmedia":[{"embeddable":true,"href":"https:\/\/mafourniture.ma\/ar\/wp-json\/wp\/v2\/media\/70878"}],"wp:attachment":[{"href":"https:\/\/mafourniture.ma\/ar\/wp-json\/wp\/v2\/media?parent=25544"}],"wp:term":[{"taxonomy":"pwb-brand","embeddable":true,"href":"https:\/\/mafourniture.ma\/ar\/wp-json\/wp\/v2\/pwb-brand?post=25544"},{"taxonomy":"product_brand","embeddable":true,"href":"https:\/\/mafourniture.ma\/ar\/wp-json\/wp\/v2\/product_brand?post=25544"},{"taxonomy":"product_cat","embeddable":true,"href":"https:\/\/mafourniture.ma\/ar\/wp-json\/wp\/v2\/product_cat?post=25544"},{"taxonomy":"product_tag","embeddable":true,"href":"https:\/\/mafourniture.ma\/ar\/wp-json\/wp\/v2\/product_tag?post=25544"}],"curies":[{"name":"wp","href":"https:\/\/api.w.org\/{rel}","templated":true}]}}