{"id":25543,"date":"2024-05-26T00:29:29","date_gmt":"2024-05-25T23:29:29","guid":{"rendered":"https:\/\/138.201.14.18\/~mafourn1\/produit\/attache-clip-metal-29mm-6-deli-9525\/"},"modified":"2026-04-11T09:42:03","modified_gmt":"2026-04-11T08:42:03","slug":"attache-clip-metal-29mm-6-deli-9525","status":"publish","type":"product","link":"https:\/\/mafourniture.ma\/ar\/product\/attache-clip-metal-29mm-6-deli-9525\/","title":{"rendered":"ATTACHE CLIP METAL 29MM \/6 DELI  9525"},"content":{"rendered":"<p>\u2022 Pinces \u00e0 clip en m\u00e9tal nickel\u00e9 \u00e0 ressort forte puissance,<br \/>\u2022 \u00c9cartement 14 mm (capacit\u00e9 100 feuilles)<br \/>\u2022 Lot de 6 pi\u00e8ces<\/p>","protected":false},"excerpt":{"rendered":"<p>\u2022 Pinces \u00e0 clip en m\u00e9tal nickel\u00e9 \u00e0 ressort forte puissance,\u2022 \u00c9cartement 14 mm (capacit\u00e9 100 feuilles)\u2022 Lot de 6<\/p>","protected":false},"featured_media":58136,"comment_status":"open","ping_status":"closed","template":"","meta":[],"pwb-brand":[659],"product_brand":[],"product_cat":[657,597,950],"product_tag":[],"class_list":{"0":"post-25543","1":"product","2":"type-product","3":"status-publish","4":"has-post-thumbnail","6":"pwb-brand-deli","7":"product_cat-attache-et-fixation","8":"product_cat-fournitures-de-bureau","9":"product_cat-pinces","11":"first","12":"instock","13":"taxable","14":"shipping-taxable","15":"purchasable","16":"product-type-simple"},"jetpack_sharing_enabled":true,"brands":[{"id":659,"name":"DELI","slug":"deli"}],"_links":{"self":[{"href":"https:\/\/mafourniture.ma\/ar\/wp-json\/wp\/v2\/product\/25543","targetHints":{"allow":["GET"]}}],"collection":[{"href":"https:\/\/mafourniture.ma\/ar\/wp-json\/wp\/v2\/product"}],"about":[{"href":"https:\/\/mafourniture.ma\/ar\/wp-json\/wp\/v2\/types\/product"}],"replies":[{"embeddable":true,"href":"https:\/\/mafourniture.ma\/ar\/wp-json\/wp\/v2\/comments?post=25543"}],"version-history":[{"count":2,"href":"https:\/\/mafourniture.ma\/ar\/wp-json\/wp\/v2\/product\/25543\/revisions"}],"predecessor-version":[{"id":36432,"href":"https:\/\/mafourniture.ma\/ar\/wp-json\/wp\/v2\/product\/25543\/revisions\/36432"}],"wp:featuredmedia":[{"embeddable":true,"href":"https:\/\/mafourniture.ma\/ar\/wp-json\/wp\/v2\/media\/58136"}],"wp:attachment":[{"href":"https:\/\/mafourniture.ma\/ar\/wp-json\/wp\/v2\/media?parent=25543"}],"wp:term":[{"taxonomy":"pwb-brand","embeddable":true,"href":"https:\/\/mafourniture.ma\/ar\/wp-json\/wp\/v2\/pwb-brand?post=25543"},{"taxonomy":"product_brand","embeddable":true,"href":"https:\/\/mafourniture.ma\/ar\/wp-json\/wp\/v2\/product_brand?post=25543"},{"taxonomy":"product_cat","embeddable":true,"href":"https:\/\/mafourniture.ma\/ar\/wp-json\/wp\/v2\/product_cat?post=25543"},{"taxonomy":"product_tag","embeddable":true,"href":"https:\/\/mafourniture.ma\/ar\/wp-json\/wp\/v2\/product_tag?post=25543"}],"curies":[{"name":"wp","href":"https:\/\/api.w.org\/{rel}","templated":true}]}}