{"id":25542,"date":"2024-05-26T00:29:16","date_gmt":"2024-05-25T23:29:16","guid":{"rendered":"https:\/\/138.201.14.18\/~mafourn1\/produit\/bic-kids-evolution-rayures-lot-de-12-crayons-de-couleurs-assorties-ref-950522\/"},"modified":"2026-04-28T09:54:00","modified_gmt":"2026-04-28T08:54:00","slug":"bic-kids-evolution-rayures-lot-de-12-crayons-de-couleurs-assorties-ref-950522","status":"publish","type":"product","link":"https:\/\/mafourniture.ma\/ar\/product\/bic-kids-evolution-rayures-lot-de-12-crayons-de-couleurs-assorties-ref-950522\/","title":{"rendered":"BIC KIDS EVOLUTION RAYURES LOT DE 12 CRAYONS DE COULEURS ASSORTIES REF 950522"},"content":{"rendered":"<p>R\u00e9sine sans bois crayons qui sont chew-resistant et splinter-proof, ce qui les rend id\u00e9ales pour les enfants<br \/>Id\u00e9al pour les enfants de 5 ans et +<br \/>Disponible en jusqu&rsquo;\u00e0 12 couleurs \u00e9clatantes<br \/>Extra r\u00e9sistante \u00e0 plomb<br \/>Pigments mine de 3,2 mm offre une excellente couverture<\/p>","protected":false},"excerpt":{"rendered":"<p>R\u00e9sine sans bois crayons qui sont chew-resistant et splinter-proof, ce qui les rend id\u00e9ales pour les enfantsId\u00e9al pour les enfants<\/p>","protected":false},"featured_media":58135,"comment_status":"open","ping_status":"closed","template":"","meta":[],"pwb-brand":[690],"product_brand":[],"product_cat":[653,602,593],"product_tag":[],"class_list":{"0":"post-25542","1":"product","2":"type-product","3":"status-publish","4":"has-post-thumbnail","6":"pwb-brand-bic","7":"product_cat-crayons-de-couleur","8":"product_cat-dessin-et-peinture","9":"product_cat-fournitures-scolaires","11":"first","12":"instock","13":"purchasable","14":"product-type-simple"},"jetpack_sharing_enabled":true,"brands":[{"id":690,"name":"BIC","slug":"bic"}],"_links":{"self":[{"href":"https:\/\/mafourniture.ma\/ar\/wp-json\/wp\/v2\/product\/25542","targetHints":{"allow":["GET"]}}],"collection":[{"href":"https:\/\/mafourniture.ma\/ar\/wp-json\/wp\/v2\/product"}],"about":[{"href":"https:\/\/mafourniture.ma\/ar\/wp-json\/wp\/v2\/types\/product"}],"replies":[{"embeddable":true,"href":"https:\/\/mafourniture.ma\/ar\/wp-json\/wp\/v2\/comments?post=25542"}],"version-history":[{"count":2,"href":"https:\/\/mafourniture.ma\/ar\/wp-json\/wp\/v2\/product\/25542\/revisions"}],"predecessor-version":[{"id":36430,"href":"https:\/\/mafourniture.ma\/ar\/wp-json\/wp\/v2\/product\/25542\/revisions\/36430"}],"wp:featuredmedia":[{"embeddable":true,"href":"https:\/\/mafourniture.ma\/ar\/wp-json\/wp\/v2\/media\/58135"}],"wp:attachment":[{"href":"https:\/\/mafourniture.ma\/ar\/wp-json\/wp\/v2\/media?parent=25542"}],"wp:term":[{"taxonomy":"pwb-brand","embeddable":true,"href":"https:\/\/mafourniture.ma\/ar\/wp-json\/wp\/v2\/pwb-brand?post=25542"},{"taxonomy":"product_brand","embeddable":true,"href":"https:\/\/mafourniture.ma\/ar\/wp-json\/wp\/v2\/product_brand?post=25542"},{"taxonomy":"product_cat","embeddable":true,"href":"https:\/\/mafourniture.ma\/ar\/wp-json\/wp\/v2\/product_cat?post=25542"},{"taxonomy":"product_tag","embeddable":true,"href":"https:\/\/mafourniture.ma\/ar\/wp-json\/wp\/v2\/product_tag?post=25542"}],"curies":[{"name":"wp","href":"https:\/\/api.w.org\/{rel}","templated":true}]}}