{"id":25471,"date":"2024-05-26T00:13:10","date_gmt":"2024-05-25T23:13:10","guid":{"rendered":"https:\/\/138.201.14.18\/~mafourn1\/produit\/bic-kids-evolution-triangle-ecolutions-etui-carton-de-12-crayons-de-couleurs-triangulaires-ref-8297356\/"},"modified":"2026-04-17T06:37:43","modified_gmt":"2026-04-17T05:37:43","slug":"bic-kids-evolution-triangle-ecolutions-etui-carton-de-12-crayons-de-couleurs-triangulaires-ref-8297356","status":"publish","type":"product","link":"https:\/\/mafourniture.ma\/ar\/product\/bic-kids-evolution-triangle-ecolutions-etui-carton-de-12-crayons-de-couleurs-triangulaires-ref-8297356\/","title":{"rendered":"BIC KIDS EVOLUTION TRIANGLE ECOLUTIONS ETUI CARTON DE 12 CRAYONS DE COULEURS TRIANGULAIRES ref 8297356"},"content":{"rendered":"<p>Avec leur forme triangulaire, ces 12 crayons de couleur BIC Kids Evolution Triangle sont sp\u00e9cifiquement adapt\u00e9s aux enfants d\u00e8s 2 ans<br \/>Ils sont d\u00e9clin\u00e9s en 12 couleurs vives, avec des mines tr\u00e8s larges qui permettent de colorier de grandes surfaces sans se fatiguer<br \/>Leur mine tr\u00e8s solide r\u00e9siste aux chocs : moins de mines cass\u00e9es et de frustration pour les enfants<br \/>Fabriqu\u00e9s sans bois, les crayons r\u00e9sistent au mordillage et ne donnent aucune \u00e9charde en cas de casse<br \/>Fabriqu\u00e9s en France \u00e0 partir de 54% de mat\u00e9riaux recycl\u00e9s, ils sont certifi\u00e9s par l&rsquo;\u00e9colabel NF Environnement.<\/p>","protected":false},"excerpt":{"rendered":"<p>Avec leur forme triangulaire, ces 12 crayons de couleur BIC Kids Evolution Triangle sont sp\u00e9cifiquement adapt\u00e9s aux enfants d\u00e8s 2<\/p>","protected":false},"featured_media":57605,"comment_status":"open","ping_status":"closed","template":"","meta":[],"pwb-brand":[690],"product_brand":[],"product_cat":[653,602,593],"product_tag":[],"class_list":{"0":"post-25471","1":"product","2":"type-product","3":"status-publish","4":"has-post-thumbnail","6":"pwb-brand-bic","7":"product_cat-crayons-de-couleur","8":"product_cat-dessin-et-peinture","9":"product_cat-fournitures-scolaires","11":"first","12":"instock","13":"purchasable","14":"product-type-simple"},"jetpack_sharing_enabled":true,"brands":[{"id":690,"name":"BIC","slug":"bic"}],"_links":{"self":[{"href":"https:\/\/mafourniture.ma\/ar\/wp-json\/wp\/v2\/product\/25471","targetHints":{"allow":["GET"]}}],"collection":[{"href":"https:\/\/mafourniture.ma\/ar\/wp-json\/wp\/v2\/product"}],"about":[{"href":"https:\/\/mafourniture.ma\/ar\/wp-json\/wp\/v2\/types\/product"}],"replies":[{"embeddable":true,"href":"https:\/\/mafourniture.ma\/ar\/wp-json\/wp\/v2\/comments?post=25471"}],"version-history":[{"count":2,"href":"https:\/\/mafourniture.ma\/ar\/wp-json\/wp\/v2\/product\/25471\/revisions"}],"predecessor-version":[{"id":35988,"href":"https:\/\/mafourniture.ma\/ar\/wp-json\/wp\/v2\/product\/25471\/revisions\/35988"}],"wp:featuredmedia":[{"embeddable":true,"href":"https:\/\/mafourniture.ma\/ar\/wp-json\/wp\/v2\/media\/57605"}],"wp:attachment":[{"href":"https:\/\/mafourniture.ma\/ar\/wp-json\/wp\/v2\/media?parent=25471"}],"wp:term":[{"taxonomy":"pwb-brand","embeddable":true,"href":"https:\/\/mafourniture.ma\/ar\/wp-json\/wp\/v2\/pwb-brand?post=25471"},{"taxonomy":"product_brand","embeddable":true,"href":"https:\/\/mafourniture.ma\/ar\/wp-json\/wp\/v2\/product_brand?post=25471"},{"taxonomy":"product_cat","embeddable":true,"href":"https:\/\/mafourniture.ma\/ar\/wp-json\/wp\/v2\/product_cat?post=25471"},{"taxonomy":"product_tag","embeddable":true,"href":"https:\/\/mafourniture.ma\/ar\/wp-json\/wp\/v2\/product_tag?post=25471"}],"curies":[{"name":"wp","href":"https:\/\/api.w.org\/{rel}","templated":true}]}}