{"id":25470,"date":"2024-05-26T00:12:56","date_gmt":"2024-05-25T23:12:56","guid":{"rendered":"https:\/\/138.201.14.18\/~mafourn1\/produit\/cahier-broche-384-pages-a4-21x29-7-cm-seyes-maped\/"},"modified":"2026-05-16T06:45:07","modified_gmt":"2026-05-16T05:45:07","slug":"cahier-broche-384-pages-a4-21x29-7-cm-seyes-maped","status":"publish","type":"product","link":"https:\/\/mafourniture.ma\/ar\/product\/cahier-broche-384-pages-a4-21x29-7-cm-seyes-maped\/","title":{"rendered":"CAHIER BROCHE 384 PAGES A4 21X29.7 CM SEYES MAPED"},"content":{"rendered":"<p>Cahier Broch\u00e9 384 Pages 21&#215;29.7 cm s\u00e9y\u00e8s MAPED<br \/>Papier d&rsquo;\u00e9criture blanc 72g\/m\u00b2 <br \/>couverture carte couch\u00e9e avec vernis lavable <\/p>","protected":false},"excerpt":{"rendered":"<p>Cahier Broch\u00e9 384 Pages 21&#215;29.7 cm s\u00e9y\u00e8s MAPEDPapier d&rsquo;\u00e9criture blanc 72g\/m\u00b2 couverture carte couch\u00e9e avec vernis lavable<\/p>","protected":false},"featured_media":71550,"comment_status":"open","ping_status":"closed","template":"","meta":[],"pwb-brand":[631],"product_brand":[],"product_cat":[864,861,825,593],"product_tag":[],"class_list":{"0":"post-25470","1":"product","2":"type-product","3":"status-publish","4":"has-post-thumbnail","6":"pwb-brand-maped","7":"product_cat-cahier-broche","8":"product_cat-cahiers","9":"product_cat-cahiers-et-bloc-notes-fournitures-scolaires","10":"product_cat-fournitures-scolaires","12":"first","13":"instock","14":"purchasable","15":"product-type-simple"},"jetpack_sharing_enabled":true,"brands":[{"id":631,"name":"MAPED","slug":"maped"}],"_links":{"self":[{"href":"https:\/\/mafourniture.ma\/ar\/wp-json\/wp\/v2\/product\/25470","targetHints":{"allow":["GET"]}}],"collection":[{"href":"https:\/\/mafourniture.ma\/ar\/wp-json\/wp\/v2\/product"}],"about":[{"href":"https:\/\/mafourniture.ma\/ar\/wp-json\/wp\/v2\/types\/product"}],"replies":[{"embeddable":true,"href":"https:\/\/mafourniture.ma\/ar\/wp-json\/wp\/v2\/comments?post=25470"}],"version-history":[{"count":2,"href":"https:\/\/mafourniture.ma\/ar\/wp-json\/wp\/v2\/product\/25470\/revisions"}],"predecessor-version":[{"id":35971,"href":"https:\/\/mafourniture.ma\/ar\/wp-json\/wp\/v2\/product\/25470\/revisions\/35971"}],"wp:featuredmedia":[{"embeddable":true,"href":"https:\/\/mafourniture.ma\/ar\/wp-json\/wp\/v2\/media\/71550"}],"wp:attachment":[{"href":"https:\/\/mafourniture.ma\/ar\/wp-json\/wp\/v2\/media?parent=25470"}],"wp:term":[{"taxonomy":"pwb-brand","embeddable":true,"href":"https:\/\/mafourniture.ma\/ar\/wp-json\/wp\/v2\/pwb-brand?post=25470"},{"taxonomy":"product_brand","embeddable":true,"href":"https:\/\/mafourniture.ma\/ar\/wp-json\/wp\/v2\/product_brand?post=25470"},{"taxonomy":"product_cat","embeddable":true,"href":"https:\/\/mafourniture.ma\/ar\/wp-json\/wp\/v2\/product_cat?post=25470"},{"taxonomy":"product_tag","embeddable":true,"href":"https:\/\/mafourniture.ma\/ar\/wp-json\/wp\/v2\/product_tag?post=25470"}],"curies":[{"name":"wp","href":"https:\/\/api.w.org\/{rel}","templated":true}]}}