{"id":25469,"date":"2024-05-26T00:12:36","date_gmt":"2024-05-25T23:12:36","guid":{"rendered":"https:\/\/138.201.14.18\/~mafourn1\/produit\/cahier-pique-192-pages-a5-17x22-cm-seyes-maped\/"},"modified":"2026-05-16T06:45:07","modified_gmt":"2026-05-16T05:45:07","slug":"cahier-pique-192-pages-a5-17x22-cm-seyes-maped","status":"publish","type":"product","link":"https:\/\/mafourniture.ma\/ar\/product\/cahier-pique-192-pages-a5-17x22-cm-seyes-maped\/","title":{"rendered":"CAHIER PIQUE 192 PAGES A5 17X22 CM SEYES MAPED"},"content":{"rendered":"<p>Cahier Piqu\u00e9 192 Pages 17&#215;22 cm s\u00e9y\u00e8s MAPED<br \/>Papier offset blanc 72g\/m\u00b2 <br \/>couverture carte couch\u00e9e avec vernis lavable <\/p>","protected":false},"excerpt":{"rendered":"<p>Cahier Piqu\u00e9 192 Pages 17&#215;22 cm s\u00e9y\u00e8s MAPEDPapier offset blanc 72g\/m\u00b2 couverture carte couch\u00e9e avec vernis lavable<\/p>","protected":false},"featured_media":71549,"comment_status":"open","ping_status":"closed","template":"","meta":[],"pwb-brand":[631],"product_brand":[],"product_cat":[862,861,825,593],"product_tag":[],"class_list":{"0":"post-25469","1":"product","2":"type-product","3":"status-publish","4":"has-post-thumbnail","6":"pwb-brand-maped","7":"product_cat-cahier-pique","8":"product_cat-cahiers","9":"product_cat-cahiers-et-bloc-notes-fournitures-scolaires","10":"product_cat-fournitures-scolaires","12":"first","13":"instock","14":"purchasable","15":"product-type-simple"},"jetpack_sharing_enabled":true,"brands":[{"id":631,"name":"MAPED","slug":"maped"}],"_links":{"self":[{"href":"https:\/\/mafourniture.ma\/ar\/wp-json\/wp\/v2\/product\/25469","targetHints":{"allow":["GET"]}}],"collection":[{"href":"https:\/\/mafourniture.ma\/ar\/wp-json\/wp\/v2\/product"}],"about":[{"href":"https:\/\/mafourniture.ma\/ar\/wp-json\/wp\/v2\/types\/product"}],"replies":[{"embeddable":true,"href":"https:\/\/mafourniture.ma\/ar\/wp-json\/wp\/v2\/comments?post=25469"}],"version-history":[{"count":3,"href":"https:\/\/mafourniture.ma\/ar\/wp-json\/wp\/v2\/product\/25469\/revisions"}],"predecessor-version":[{"id":35969,"href":"https:\/\/mafourniture.ma\/ar\/wp-json\/wp\/v2\/product\/25469\/revisions\/35969"}],"wp:featuredmedia":[{"embeddable":true,"href":"https:\/\/mafourniture.ma\/ar\/wp-json\/wp\/v2\/media\/71549"}],"wp:attachment":[{"href":"https:\/\/mafourniture.ma\/ar\/wp-json\/wp\/v2\/media?parent=25469"}],"wp:term":[{"taxonomy":"pwb-brand","embeddable":true,"href":"https:\/\/mafourniture.ma\/ar\/wp-json\/wp\/v2\/pwb-brand?post=25469"},{"taxonomy":"product_brand","embeddable":true,"href":"https:\/\/mafourniture.ma\/ar\/wp-json\/wp\/v2\/product_brand?post=25469"},{"taxonomy":"product_cat","embeddable":true,"href":"https:\/\/mafourniture.ma\/ar\/wp-json\/wp\/v2\/product_cat?post=25469"},{"taxonomy":"product_tag","embeddable":true,"href":"https:\/\/mafourniture.ma\/ar\/wp-json\/wp\/v2\/product_tag?post=25469"}],"curies":[{"name":"wp","href":"https:\/\/api.w.org\/{rel}","templated":true}]}}