{"id":25460,"date":"2024-05-26T00:10:38","date_gmt":"2024-05-25T23:10:38","guid":{"rendered":"https:\/\/138.201.14.18\/~mafourn1\/produit\/cachet-trodat-printy-4913-gris-58x22-mm\/"},"modified":"2026-05-01T06:35:49","modified_gmt":"2026-05-01T05:35:49","slug":"cachet-trodat-printy-4913-gris-58x22-mm","status":"publish","type":"product","link":"https:\/\/mafourniture.ma\/ar\/product\/cachet-trodat-printy-4913-gris-58x22-mm\/","title":{"rendered":"CACHET TRODAT PRINTY 4913 GRIS 58&#215;22 MM"},"content":{"rendered":"<p>Le Trodat Printy 4913 est un tampon encreur en plastique avec une plaque de texte rectangulaire. Il s\u2019agit d\u2019un format tr\u00e8s courant, particuli\u00e8rement adapt\u00e9 aux adresses.Taille maximale de la plaque : 58 x 22 mm | Max. 6 lignes<\/p>","protected":false},"excerpt":{"rendered":"<p>Le Trodat Printy 4913 est un tampon encreur en plastique avec une plaque de texte rectangulaire. Il s\u2019agit d\u2019un format<\/p>","protected":false},"featured_media":61730,"comment_status":"open","ping_status":"closed","template":"","meta":[],"pwb-brand":[857],"product_brand":[],"product_cat":[856,791,597],"product_tag":[],"class_list":{"0":"post-25460","1":"product","2":"type-product","3":"status-publish","4":"has-post-thumbnail","6":"pwb-brand-trodat","7":"product_cat-cachets","8":"product_cat-cachets-et-dateurs","9":"product_cat-fournitures-de-bureau","11":"first","12":"instock","13":"taxable","14":"shipping-taxable","15":"purchasable","16":"product-type-simple"},"jetpack_sharing_enabled":true,"brands":[{"id":857,"name":"TRODAT","slug":"trodat"}],"_links":{"self":[{"href":"https:\/\/mafourniture.ma\/ar\/wp-json\/wp\/v2\/product\/25460","targetHints":{"allow":["GET"]}}],"collection":[{"href":"https:\/\/mafourniture.ma\/ar\/wp-json\/wp\/v2\/product"}],"about":[{"href":"https:\/\/mafourniture.ma\/ar\/wp-json\/wp\/v2\/types\/product"}],"replies":[{"embeddable":true,"href":"https:\/\/mafourniture.ma\/ar\/wp-json\/wp\/v2\/comments?post=25460"}],"version-history":[{"count":2,"href":"https:\/\/mafourniture.ma\/ar\/wp-json\/wp\/v2\/product\/25460\/revisions"}],"predecessor-version":[{"id":35942,"href":"https:\/\/mafourniture.ma\/ar\/wp-json\/wp\/v2\/product\/25460\/revisions\/35942"}],"wp:featuredmedia":[{"embeddable":true,"href":"https:\/\/mafourniture.ma\/ar\/wp-json\/wp\/v2\/media\/61730"}],"wp:attachment":[{"href":"https:\/\/mafourniture.ma\/ar\/wp-json\/wp\/v2\/media?parent=25460"}],"wp:term":[{"taxonomy":"pwb-brand","embeddable":true,"href":"https:\/\/mafourniture.ma\/ar\/wp-json\/wp\/v2\/pwb-brand?post=25460"},{"taxonomy":"product_brand","embeddable":true,"href":"https:\/\/mafourniture.ma\/ar\/wp-json\/wp\/v2\/product_brand?post=25460"},{"taxonomy":"product_cat","embeddable":true,"href":"https:\/\/mafourniture.ma\/ar\/wp-json\/wp\/v2\/product_cat?post=25460"},{"taxonomy":"product_tag","embeddable":true,"href":"https:\/\/mafourniture.ma\/ar\/wp-json\/wp\/v2\/product_tag?post=25460"}],"curies":[{"name":"wp","href":"https:\/\/api.w.org\/{rel}","templated":true}]}}