{"id":25457,"date":"2024-05-26T00:09:55","date_gmt":"2024-05-25T23:09:55","guid":{"rendered":"https:\/\/138.201.14.18\/~mafourn1\/produit\/cachet-printy-encrier-4911-gris-trodat-ref-43080\/"},"modified":"2026-05-01T06:30:52","modified_gmt":"2026-05-01T05:30:52","slug":"cachet-printy-encrier-4911-gris-trodat-ref-43080","status":"publish","type":"product","link":"https:\/\/mafourniture.ma\/ar\/product\/cachet-printy-encrier-4911-gris-trodat-ref-43080\/","title":{"rendered":"CACHET PRINTY ENCRIER 4911 GRIS TRODAT REF : 43080"},"content":{"rendered":"<p>Le Trodat Printy 4911 est un tampon automatique en plastique avec une plaque de texte rectangulaire. Il s\u2019agit d\u2019un format tr\u00e8s courant, particuli\u00e8rement adapt\u00e9 aux noms et fonctions de personnes. Taille maximale de la plaque texte : 38 x 14 mm | Max. 4 lignes<\/p>","protected":false},"excerpt":{"rendered":"<p>Le Trodat Printy 4911 est un tampon automatique en plastique avec une plaque de texte rectangulaire. Il s\u2019agit d\u2019un format<\/p>","protected":false},"featured_media":61727,"comment_status":"open","ping_status":"closed","template":"","meta":[],"pwb-brand":[857],"product_brand":[],"product_cat":[856,791,597],"product_tag":[],"class_list":{"0":"post-25457","1":"product","2":"type-product","3":"status-publish","4":"has-post-thumbnail","6":"pwb-brand-trodat","7":"product_cat-cachets","8":"product_cat-cachets-et-dateurs","9":"product_cat-fournitures-de-bureau","11":"first","12":"instock","13":"taxable","14":"shipping-taxable","15":"purchasable","16":"product-type-simple"},"jetpack_sharing_enabled":true,"brands":[{"id":857,"name":"TRODAT","slug":"trodat"}],"_links":{"self":[{"href":"https:\/\/mafourniture.ma\/ar\/wp-json\/wp\/v2\/product\/25457","targetHints":{"allow":["GET"]}}],"collection":[{"href":"https:\/\/mafourniture.ma\/ar\/wp-json\/wp\/v2\/product"}],"about":[{"href":"https:\/\/mafourniture.ma\/ar\/wp-json\/wp\/v2\/types\/product"}],"replies":[{"embeddable":true,"href":"https:\/\/mafourniture.ma\/ar\/wp-json\/wp\/v2\/comments?post=25457"}],"version-history":[{"count":3,"href":"https:\/\/mafourniture.ma\/ar\/wp-json\/wp\/v2\/product\/25457\/revisions"}],"predecessor-version":[{"id":35936,"href":"https:\/\/mafourniture.ma\/ar\/wp-json\/wp\/v2\/product\/25457\/revisions\/35936"}],"wp:featuredmedia":[{"embeddable":true,"href":"https:\/\/mafourniture.ma\/ar\/wp-json\/wp\/v2\/media\/61727"}],"wp:attachment":[{"href":"https:\/\/mafourniture.ma\/ar\/wp-json\/wp\/v2\/media?parent=25457"}],"wp:term":[{"taxonomy":"pwb-brand","embeddable":true,"href":"https:\/\/mafourniture.ma\/ar\/wp-json\/wp\/v2\/pwb-brand?post=25457"},{"taxonomy":"product_brand","embeddable":true,"href":"https:\/\/mafourniture.ma\/ar\/wp-json\/wp\/v2\/product_brand?post=25457"},{"taxonomy":"product_cat","embeddable":true,"href":"https:\/\/mafourniture.ma\/ar\/wp-json\/wp\/v2\/product_cat?post=25457"},{"taxonomy":"product_tag","embeddable":true,"href":"https:\/\/mafourniture.ma\/ar\/wp-json\/wp\/v2\/product_tag?post=25457"}],"curies":[{"name":"wp","href":"https:\/\/api.w.org\/{rel}","templated":true}]}}