{"id":25446,"date":"2024-05-26T00:07:12","date_gmt":"2024-05-25T23:07:12","guid":{"rendered":"https:\/\/138.201.14.18\/~mafourn1\/produit\/6-feutres-staedtler-noris-326-fibre-tip-pen\/"},"modified":"2026-05-15T05:54:53","modified_gmt":"2026-05-15T04:54:53","slug":"6-feutres-staedtler-noris-326-fibre-tip-pen","status":"publish","type":"product","link":"https:\/\/mafourniture.ma\/ar\/product\/6-feutres-staedtler-noris-326-fibre-tip-pen\/","title":{"rendered":"6 FEUTRES STAEDTLER NORIS 326 FIBRE-TIP PEN"},"content":{"rendered":"<p>Pointe robuste et r\u00e9sistante \u00e0 la pression Encre \u00e0 base d&rsquo;eau lavable sur la plupart des textiles Technologie DRY SAFE permettant de laisser le stylo sans capuchon pendant des jours sans qu&rsquo;il ne s\u00e8che Ligne d&rsquo;environ 1,0 mm Disponible dans une gamme de couleurs vives et \u00e9clatantes ; l&#8217;emballage peut varier.<\/p>\n<p>Le stylo Noris Club est un stylo \u00e0 pointe en fibre de haute qualit\u00e9 de Staedtler. Cette pochette de six stylos est compos\u00e9e d&rsquo;un stylo jaune, rouge, bleu, vert, brun et noir. Tous les stylos sont robustes, dot\u00e9s d&rsquo;une pointe r\u00e9sistante \u00e0 la pression et peuvent rester d\u00e9capuchonn\u00e9s pendant une journ\u00e9e sans s\u00e9cher.<\/p>","protected":false},"excerpt":{"rendered":"<p>Pointe robuste et r\u00e9sistante \u00e0 la pression Encre \u00e0 base d&rsquo;eau lavable sur la plupart des textiles Technologie DRY SAFE<\/p>","protected":false},"featured_media":70368,"comment_status":"open","ping_status":"closed","template":"","meta":[],"pwb-brand":[726],"product_brand":[],"product_cat":[682,694,593],"product_tag":[],"class_list":{"0":"post-25446","1":"product","2":"type-product","3":"status-publish","4":"has-post-thumbnail","6":"pwb-brand-staedlter","7":"product_cat-ecriture-et-correction-fournitures-scolaires","8":"product_cat-feutres-ecriture-et-correction-fournitures-scolaires","9":"product_cat-fournitures-scolaires","11":"first","12":"instock","13":"purchasable","14":"product-type-simple"},"jetpack_sharing_enabled":true,"brands":[{"id":726,"name":"STAEDLTER","slug":"staedlter"}],"_links":{"self":[{"href":"https:\/\/mafourniture.ma\/ar\/wp-json\/wp\/v2\/product\/25446","targetHints":{"allow":["GET"]}}],"collection":[{"href":"https:\/\/mafourniture.ma\/ar\/wp-json\/wp\/v2\/product"}],"about":[{"href":"https:\/\/mafourniture.ma\/ar\/wp-json\/wp\/v2\/types\/product"}],"replies":[{"embeddable":true,"href":"https:\/\/mafourniture.ma\/ar\/wp-json\/wp\/v2\/comments?post=25446"}],"version-history":[{"count":2,"href":"https:\/\/mafourniture.ma\/ar\/wp-json\/wp\/v2\/product\/25446\/revisions"}],"predecessor-version":[{"id":35402,"href":"https:\/\/mafourniture.ma\/ar\/wp-json\/wp\/v2\/product\/25446\/revisions\/35402"}],"wp:featuredmedia":[{"embeddable":true,"href":"https:\/\/mafourniture.ma\/ar\/wp-json\/wp\/v2\/media\/70368"}],"wp:attachment":[{"href":"https:\/\/mafourniture.ma\/ar\/wp-json\/wp\/v2\/media?parent=25446"}],"wp:term":[{"taxonomy":"pwb-brand","embeddable":true,"href":"https:\/\/mafourniture.ma\/ar\/wp-json\/wp\/v2\/pwb-brand?post=25446"},{"taxonomy":"product_brand","embeddable":true,"href":"https:\/\/mafourniture.ma\/ar\/wp-json\/wp\/v2\/product_brand?post=25446"},{"taxonomy":"product_cat","embeddable":true,"href":"https:\/\/mafourniture.ma\/ar\/wp-json\/wp\/v2\/product_cat?post=25446"},{"taxonomy":"product_tag","embeddable":true,"href":"https:\/\/mafourniture.ma\/ar\/wp-json\/wp\/v2\/product_tag?post=25446"}],"curies":[{"name":"wp","href":"https:\/\/api.w.org\/{rel}","templated":true}]}}