{"id":25442,"date":"2024-05-26T00:06:24","date_gmt":"2024-05-25T23:06:24","guid":{"rendered":"https:\/\/138.201.14.18\/~mafourn1\/produit\/boite-presentoir-12-taille-crayons-sphere-milan-ref-20156212\/"},"modified":"2026-04-04T05:37:26","modified_gmt":"2026-04-04T04:37:26","slug":"boite-presentoir-12-taille-crayons-sphere-milan-ref-20156212","status":"publish","type":"product","link":"https:\/\/mafourniture.ma\/ar\/product\/boite-presentoir-12-taille-crayons-sphere-milan-ref-20156212\/","title":{"rendered":"TAILLE CRAYONS 2 USAGES SPHERE MILAN 20156212"},"content":{"rendered":"<p>Taille-crayons double (un standard et un MAXI) avec r\u00e9servoir. Le taille-crayons poss\u00e8de une lame en acier carbone, coupante et r\u00e9sistante, id\u00e9ale pour tout type de crayons. Article avec une lame de s\u00e9curit\u00e9. Ce syst\u00e8me emp\u00eache la s\u00e9paration de ljaunet du corps du taille-crayons. Id\u00e9al pour un usage scolaire. Con\u00e7u en Espagne par le d\u00e9partement R+D de Milan. Couleurs assorties disponibles : bleu, rouge, vert.<\/p>","protected":false},"excerpt":{"rendered":"<p>Taille-crayons double (un standard et un MAXI) avec r\u00e9servoir. Le taille-crayons poss\u00e8de une lame en acier carbone, coupante et r\u00e9sistante,<\/p>","protected":false},"featured_media":57352,"comment_status":"open","ping_status":"closed","template":"","meta":[],"pwb-brand":[654],"product_brand":[],"product_cat":[632,593,628,633],"product_tag":[],"class_list":{"0":"post-25442","1":"product","2":"type-product","3":"status-publish","4":"has-post-thumbnail","6":"pwb-brand-milan","7":"product_cat-crayons-porte-mines-et-tailles-crayons","8":"product_cat-fournitures-scolaires","9":"product_cat-petites-fournitures","10":"product_cat-tailles-crayons","12":"first","13":"instock","14":"purchasable","15":"product-type-simple"},"jetpack_sharing_enabled":true,"brands":[{"id":654,"name":"MILAN","slug":"milan"}],"_links":{"self":[{"href":"https:\/\/mafourniture.ma\/ar\/wp-json\/wp\/v2\/product\/25442","targetHints":{"allow":["GET"]}}],"collection":[{"href":"https:\/\/mafourniture.ma\/ar\/wp-json\/wp\/v2\/product"}],"about":[{"href":"https:\/\/mafourniture.ma\/ar\/wp-json\/wp\/v2\/types\/product"}],"replies":[{"embeddable":true,"href":"https:\/\/mafourniture.ma\/ar\/wp-json\/wp\/v2\/comments?post=25442"}],"version-history":[{"count":3,"href":"https:\/\/mafourniture.ma\/ar\/wp-json\/wp\/v2\/product\/25442\/revisions"}],"predecessor-version":[{"id":35277,"href":"https:\/\/mafourniture.ma\/ar\/wp-json\/wp\/v2\/product\/25442\/revisions\/35277"}],"wp:featuredmedia":[{"embeddable":true,"href":"https:\/\/mafourniture.ma\/ar\/wp-json\/wp\/v2\/media\/57352"}],"wp:attachment":[{"href":"https:\/\/mafourniture.ma\/ar\/wp-json\/wp\/v2\/media?parent=25442"}],"wp:term":[{"taxonomy":"pwb-brand","embeddable":true,"href":"https:\/\/mafourniture.ma\/ar\/wp-json\/wp\/v2\/pwb-brand?post=25442"},{"taxonomy":"product_brand","embeddable":true,"href":"https:\/\/mafourniture.ma\/ar\/wp-json\/wp\/v2\/product_brand?post=25442"},{"taxonomy":"product_cat","embeddable":true,"href":"https:\/\/mafourniture.ma\/ar\/wp-json\/wp\/v2\/product_cat?post=25442"},{"taxonomy":"product_tag","embeddable":true,"href":"https:\/\/mafourniture.ma\/ar\/wp-json\/wp\/v2\/product_tag?post=25442"}],"curies":[{"name":"wp","href":"https:\/\/api.w.org\/{rel}","templated":true}]}}