{"id":25439,"date":"2024-05-26T00:05:41","date_gmt":"2024-05-25T23:05:41","guid":{"rendered":"https:\/\/138.201.14.18\/~mafourn1\/produit\/bic-velleda-1701-ecolutions-marqueur-pour-tableau-blanc-effacables-a-sec-a-pointe-conique-moyenne-vert-ref-170102\/"},"modified":"2026-04-15T04:58:36","modified_gmt":"2026-04-15T03:58:36","slug":"bic-velleda-1701-ecolutions-marqueur-pour-tableau-blanc-effacables-a-sec-a-pointe-conique-moyenne-vert-ref-170102","status":"publish","type":"product","link":"https:\/\/mafourniture.ma\/ar\/product\/bic-velleda-1701-ecolutions-marqueur-pour-tableau-blanc-effacables-a-sec-a-pointe-conique-moyenne-vert-ref-170102\/","title":{"rendered":"BIC VELLEDA 1701 ECOLUTIONS MARQUEUR POUR TABLEAU BLANC EFFA\u00c7ABLES A SEC A POINTE CONIQUE MOYENNE &#8211; VERT REF 170102"},"content":{"rendered":"<p>Id\u00e9al pour les professionnels, ces 12 feutres effa\u00e7ables \u00e0 sec BIC Velleda 1701 pr\u00e9sentent les informations avec clart\u00e9 et style<br \/>Leur pointe ogive bloqu\u00e9e cr\u00e9e un trait \u00e9pais et propre qui intensifie l&rsquo;\u00e9criture, et r\u00e9siste \u00e0 la pression sur les tableaux blancs<br \/>Leur encre s&rsquo;efface \u00e0 sec tr\u00e8s facilement m\u00eame apr\u00e8s plusieurs jours et d\u00e9gage peu d&rsquo;odeur. Id\u00e9al si vous \u00e9crivez longtemps<br \/>Ces feutres \u00e9crivent en vert, leur capuchon et embout assortis sont l\u00e0 pour vous l&rsquo;indiquer<br \/>Ils sont fabriqu\u00e9s en France avec 51% de mati\u00e8re recycl\u00e9e (\u00e0 l&rsquo;exception du syst\u00e8me d&rsquo;encre). <\/p>","protected":false},"excerpt":{"rendered":"<p>Id\u00e9al pour les professionnels, ces 12 feutres effa\u00e7ables \u00e0 sec BIC Velleda 1701 pr\u00e9sentent les informations avec clart\u00e9 et styleLeur<\/p>","protected":false},"featured_media":57312,"comment_status":"open","ping_status":"closed","template":"","meta":[],"pwb-brand":[690],"product_brand":[],"product_cat":[682,593,846],"product_tag":[],"class_list":{"0":"post-25439","1":"product","2":"type-product","3":"status-publish","4":"has-post-thumbnail","6":"pwb-brand-bic","7":"product_cat-ecriture-et-correction-fournitures-scolaires","8":"product_cat-fournitures-scolaires","9":"product_cat-marqueurs-ecriture-et-correction-fournitures-scolaires","11":"first","12":"instock","13":"purchasable","14":"product-type-simple"},"jetpack_sharing_enabled":true,"brands":[{"id":690,"name":"BIC","slug":"bic"}],"_links":{"self":[{"href":"https:\/\/mafourniture.ma\/ar\/wp-json\/wp\/v2\/product\/25439","targetHints":{"allow":["GET"]}}],"collection":[{"href":"https:\/\/mafourniture.ma\/ar\/wp-json\/wp\/v2\/product"}],"about":[{"href":"https:\/\/mafourniture.ma\/ar\/wp-json\/wp\/v2\/types\/product"}],"replies":[{"embeddable":true,"href":"https:\/\/mafourniture.ma\/ar\/wp-json\/wp\/v2\/comments?post=25439"}],"version-history":[{"count":2,"href":"https:\/\/mafourniture.ma\/ar\/wp-json\/wp\/v2\/product\/25439\/revisions"}],"predecessor-version":[{"id":35217,"href":"https:\/\/mafourniture.ma\/ar\/wp-json\/wp\/v2\/product\/25439\/revisions\/35217"}],"wp:featuredmedia":[{"embeddable":true,"href":"https:\/\/mafourniture.ma\/ar\/wp-json\/wp\/v2\/media\/57312"}],"wp:attachment":[{"href":"https:\/\/mafourniture.ma\/ar\/wp-json\/wp\/v2\/media?parent=25439"}],"wp:term":[{"taxonomy":"pwb-brand","embeddable":true,"href":"https:\/\/mafourniture.ma\/ar\/wp-json\/wp\/v2\/pwb-brand?post=25439"},{"taxonomy":"product_brand","embeddable":true,"href":"https:\/\/mafourniture.ma\/ar\/wp-json\/wp\/v2\/product_brand?post=25439"},{"taxonomy":"product_cat","embeddable":true,"href":"https:\/\/mafourniture.ma\/ar\/wp-json\/wp\/v2\/product_cat?post=25439"},{"taxonomy":"product_tag","embeddable":true,"href":"https:\/\/mafourniture.ma\/ar\/wp-json\/wp\/v2\/product_tag?post=25439"}],"curies":[{"name":"wp","href":"https:\/\/api.w.org\/{rel}","templated":true}]}}