{"id":25434,"date":"2024-05-26T00:04:17","date_gmt":"2024-05-25T23:04:17","guid":{"rendered":"https:\/\/138.201.14.18\/~mafourn1\/produit\/bic-ecriture-cristal-original-stylos-bille-pointe-fine-08-mm-noir\/"},"modified":"2026-04-17T04:47:49","modified_gmt":"2026-04-17T03:47:49","slug":"bic-ecriture-cristal-original-stylos-bille-pointe-fine-08-mm-noir","status":"publish","type":"product","link":"https:\/\/mafourniture.ma\/ar\/product\/bic-ecriture-cristal-original-stylos-bille-pointe-fine-08-mm-noir\/","title":{"rendered":"BIC ECRITURE CRISTAL ORIGINAL STYLOS-BILLE POINTE FINE (0,8 MM) &#8211; NOIR"},"content":{"rendered":"<p>Avec sa pointe fine de 0,8 mm, le stylo BIC Cristal Original Fine s\u00e9duira particuli\u00e8rement les amateurs d&rsquo;\u00e9criture fine et pr\u00e9cise<br \/>Leur capuchon et leur bouchon, assortis \u00e0 la couleur de l&rsquo;encre, sont l\u00e0 pour vous le rappeler<br \/>Con\u00e7us pour durer, ces stylos-bille BIC Cristal Original Fine \u00e0 encre bleue \u00e9crivent en moyenne 3.5 km<br \/>Leur corps orange translucide laisse voir le niveau d&rsquo;encre : design \u00e9pur\u00e9, fonctionnel, reconnu. Rien de superflu<br \/>Fabriqu\u00e9s en France avec un minimum de mati\u00e8re, ces stylos sont certifi\u00e9s NF Environnement. <\/p>","protected":false},"excerpt":{"rendered":"<p>Avec sa pointe fine de 0,8 mm, le stylo BIC Cristal Original Fine s\u00e9duira particuli\u00e8rement les amateurs d&rsquo;\u00e9criture fine et<\/p>","protected":false},"featured_media":58940,"comment_status":"open","ping_status":"closed","template":"","meta":[],"pwb-brand":[690],"product_brand":[],"product_cat":[593,746,689,680],"product_tag":[],"class_list":{"0":"post-25434","1":"product","2":"type-product","3":"status-publish","4":"has-post-thumbnail","6":"pwb-brand-bic","7":"product_cat-fournitures-scolaires","8":"product_cat-stylo-a-bille-stylos-stylos-et-crayons-scolaire","9":"product_cat-stylos-stylos-et-crayons-scolaire","10":"product_cat-stylos-et-crayons-scolaire","12":"first","13":"instock","14":"purchasable","15":"product-type-simple"},"jetpack_sharing_enabled":true,"brands":[{"id":690,"name":"BIC","slug":"bic"}],"_links":{"self":[{"href":"https:\/\/mafourniture.ma\/ar\/wp-json\/wp\/v2\/product\/25434","targetHints":{"allow":["GET"]}}],"collection":[{"href":"https:\/\/mafourniture.ma\/ar\/wp-json\/wp\/v2\/product"}],"about":[{"href":"https:\/\/mafourniture.ma\/ar\/wp-json\/wp\/v2\/types\/product"}],"replies":[{"embeddable":true,"href":"https:\/\/mafourniture.ma\/ar\/wp-json\/wp\/v2\/comments?post=25434"}],"version-history":[{"count":2,"href":"https:\/\/mafourniture.ma\/ar\/wp-json\/wp\/v2\/product\/25434\/revisions"}],"predecessor-version":[{"id":35155,"href":"https:\/\/mafourniture.ma\/ar\/wp-json\/wp\/v2\/product\/25434\/revisions\/35155"}],"wp:featuredmedia":[{"embeddable":true,"href":"https:\/\/mafourniture.ma\/ar\/wp-json\/wp\/v2\/media\/58940"}],"wp:attachment":[{"href":"https:\/\/mafourniture.ma\/ar\/wp-json\/wp\/v2\/media?parent=25434"}],"wp:term":[{"taxonomy":"pwb-brand","embeddable":true,"href":"https:\/\/mafourniture.ma\/ar\/wp-json\/wp\/v2\/pwb-brand?post=25434"},{"taxonomy":"product_brand","embeddable":true,"href":"https:\/\/mafourniture.ma\/ar\/wp-json\/wp\/v2\/product_brand?post=25434"},{"taxonomy":"product_cat","embeddable":true,"href":"https:\/\/mafourniture.ma\/ar\/wp-json\/wp\/v2\/product_cat?post=25434"},{"taxonomy":"product_tag","embeddable":true,"href":"https:\/\/mafourniture.ma\/ar\/wp-json\/wp\/v2\/product_tag?post=25434"}],"curies":[{"name":"wp","href":"https:\/\/api.w.org\/{rel}","templated":true}]}}