{"id":25430,"date":"2024-05-26T00:03:11","date_gmt":"2024-05-25T23:03:11","guid":{"rendered":"https:\/\/138.201.14.18\/~mafourn1\/produit\/boite-de-24-crayons-de-couleur-grip-forme-trianglar-faber-castell-ref-115855\/"},"modified":"2026-05-15T04:39:33","modified_gmt":"2026-05-15T03:39:33","slug":"boite-de-24-crayons-de-couleur-grip-forme-trianglar-faber-castell-ref-115855","status":"publish","type":"product","link":"https:\/\/mafourniture.ma\/ar\/product\/boite-de-24-crayons-de-couleur-grip-forme-trianglar-faber-castell-ref-115855\/","title":{"rendered":"BOITE DE 24 CRAYONS DE COULEUR GRIP FORME TRIANGLAR FABER CASTELL REF 115855"},"content":{"rendered":"<p>Contenu : Ce paquet comprend 24 crayons Faber-Castell Tri Colour dans une pochette durable pour un rangement facile.<br \/>Bois de crayon \u00e9cologique issu de la sylviculture durable<br \/>Le corps triangulaire en bois \u00e9vite de rouler, la forme ergonomique favorise une bonne prise en main.<br \/>Les mines souples et riches couvrent de grandes surfaces avec des couleurs brillantes, les mines de 2,9 mm utilisent le proc\u00e9d\u00e9 de liaison s\u00e9cure (SV) pour une grande r\u00e9sistance \u00e0 la rupture, r\u00e9duisant ainsi le temps de taille.<br \/>Non toxique et sans danger pour les enfants.<\/p>\n<p>Traduit avec www.DeepL.com\/Translator (version gratuite)<\/p>","protected":false},"excerpt":{"rendered":"<p>Contenu : Ce paquet comprend 24 crayons Faber-Castell Tri Colour dans une pochette durable pour un rangement facile.Bois de crayon<\/p>","protected":false},"featured_media":70221,"comment_status":"open","ping_status":"closed","template":"","meta":[],"pwb-brand":[697],"product_brand":[],"product_cat":[653,602,593],"product_tag":[],"class_list":{"0":"post-25430","1":"product","2":"type-product","3":"status-publish","4":"has-post-thumbnail","6":"pwb-brand-faber-castel","7":"product_cat-crayons-de-couleur","8":"product_cat-dessin-et-peinture","9":"product_cat-fournitures-scolaires","11":"first","12":"instock","13":"purchasable","14":"product-type-simple"},"jetpack_sharing_enabled":true,"brands":[{"id":697,"name":"FABER CASTEL","slug":"faber-castel"}],"_links":{"self":[{"href":"https:\/\/mafourniture.ma\/ar\/wp-json\/wp\/v2\/product\/25430","targetHints":{"allow":["GET"]}}],"collection":[{"href":"https:\/\/mafourniture.ma\/ar\/wp-json\/wp\/v2\/product"}],"about":[{"href":"https:\/\/mafourniture.ma\/ar\/wp-json\/wp\/v2\/types\/product"}],"replies":[{"embeddable":true,"href":"https:\/\/mafourniture.ma\/ar\/wp-json\/wp\/v2\/comments?post=25430"}],"version-history":[{"count":2,"href":"https:\/\/mafourniture.ma\/ar\/wp-json\/wp\/v2\/product\/25430\/revisions"}],"predecessor-version":[{"id":35116,"href":"https:\/\/mafourniture.ma\/ar\/wp-json\/wp\/v2\/product\/25430\/revisions\/35116"}],"wp:featuredmedia":[{"embeddable":true,"href":"https:\/\/mafourniture.ma\/ar\/wp-json\/wp\/v2\/media\/70221"}],"wp:attachment":[{"href":"https:\/\/mafourniture.ma\/ar\/wp-json\/wp\/v2\/media?parent=25430"}],"wp:term":[{"taxonomy":"pwb-brand","embeddable":true,"href":"https:\/\/mafourniture.ma\/ar\/wp-json\/wp\/v2\/pwb-brand?post=25430"},{"taxonomy":"product_brand","embeddable":true,"href":"https:\/\/mafourniture.ma\/ar\/wp-json\/wp\/v2\/product_brand?post=25430"},{"taxonomy":"product_cat","embeddable":true,"href":"https:\/\/mafourniture.ma\/ar\/wp-json\/wp\/v2\/product_cat?post=25430"},{"taxonomy":"product_tag","embeddable":true,"href":"https:\/\/mafourniture.ma\/ar\/wp-json\/wp\/v2\/product_tag?post=25430"}],"curies":[{"name":"wp","href":"https:\/\/api.w.org\/{rel}","templated":true}]}}