{"id":25425,"date":"2024-05-26T00:01:57","date_gmt":"2024-05-25T23:01:57","guid":{"rendered":"https:\/\/138.201.14.18\/~mafourn1\/produit\/boite-de-12-crayons-de-dessin-lumograph-graphite-mars-staedtler-ref-100g12s\/"},"modified":"2026-05-15T04:34:40","modified_gmt":"2026-05-15T03:34:40","slug":"boite-de-12-crayons-de-dessin-lumograph-graphite-mars-staedtler-ref-100g12s","status":"publish","type":"product","link":"https:\/\/mafourniture.ma\/ar\/product\/boite-de-12-crayons-de-dessin-lumograph-graphite-mars-staedtler-ref-100g12s\/","title":{"rendered":"BOITE DE 12 CRAYONS DE DESSIN LUMOGRAPH GRAPHITE MARS STAEDTLER REF 100G12S"},"content":{"rendered":"<p>Staedtler Lumograph Graphite (100G12S) Crayons de dessin et d&rsquo;esquisse, doux, 12 pi\u00e8ces<\/p>\n<p>Crayon de qualit\u00e9 sup\u00e9rieure pour \u00e9crire, dessiner et faire des croquis sur du papier et du film de dessin mat.<\/p>","protected":false},"excerpt":{"rendered":"<p>Staedtler Lumograph Graphite (100G12S) Crayons de dessin et d&rsquo;esquisse, doux, 12 pi\u00e8ces Crayon de qualit\u00e9 sup\u00e9rieure pour \u00e9crire, dessiner et<\/p>","protected":false},"featured_media":70212,"comment_status":"open","ping_status":"closed","template":"","meta":[],"pwb-brand":[726],"product_brand":[],"product_cat":[684,683,682,593],"product_tag":[],"class_list":{"0":"post-25425","1":"product","2":"type-product","3":"status-publish","4":"has-post-thumbnail","6":"pwb-brand-staedlter","7":"product_cat-crayons-crayons-porte-mines-et-tailles-crayons-ecriture-et-correction-fournitures-scolaires","8":"product_cat-crayons-porte-mines-et-tailles-crayons-ecriture-et-correction-fournitures-scolaires","9":"product_cat-ecriture-et-correction-fournitures-scolaires","10":"product_cat-fournitures-scolaires","12":"first","13":"instock","14":"purchasable","15":"product-type-simple"},"jetpack_sharing_enabled":true,"brands":[{"id":726,"name":"STAEDLTER","slug":"staedlter"}],"_links":{"self":[{"href":"https:\/\/mafourniture.ma\/ar\/wp-json\/wp\/v2\/product\/25425","targetHints":{"allow":["GET"]}}],"collection":[{"href":"https:\/\/mafourniture.ma\/ar\/wp-json\/wp\/v2\/product"}],"about":[{"href":"https:\/\/mafourniture.ma\/ar\/wp-json\/wp\/v2\/types\/product"}],"replies":[{"embeddable":true,"href":"https:\/\/mafourniture.ma\/ar\/wp-json\/wp\/v2\/comments?post=25425"}],"version-history":[{"count":2,"href":"https:\/\/mafourniture.ma\/ar\/wp-json\/wp\/v2\/product\/25425\/revisions"}],"predecessor-version":[{"id":35100,"href":"https:\/\/mafourniture.ma\/ar\/wp-json\/wp\/v2\/product\/25425\/revisions\/35100"}],"wp:featuredmedia":[{"embeddable":true,"href":"https:\/\/mafourniture.ma\/ar\/wp-json\/wp\/v2\/media\/70212"}],"wp:attachment":[{"href":"https:\/\/mafourniture.ma\/ar\/wp-json\/wp\/v2\/media?parent=25425"}],"wp:term":[{"taxonomy":"pwb-brand","embeddable":true,"href":"https:\/\/mafourniture.ma\/ar\/wp-json\/wp\/v2\/pwb-brand?post=25425"},{"taxonomy":"product_brand","embeddable":true,"href":"https:\/\/mafourniture.ma\/ar\/wp-json\/wp\/v2\/product_brand?post=25425"},{"taxonomy":"product_cat","embeddable":true,"href":"https:\/\/mafourniture.ma\/ar\/wp-json\/wp\/v2\/product_cat?post=25425"},{"taxonomy":"product_tag","embeddable":true,"href":"https:\/\/mafourniture.ma\/ar\/wp-json\/wp\/v2\/product_tag?post=25425"}],"curies":[{"name":"wp","href":"https:\/\/api.w.org\/{rel}","templated":true}]}}