{"id":25341,"date":"2024-05-25T00:12:35","date_gmt":"2024-05-24T23:12:35","guid":{"rendered":"https:\/\/138.201.14.18\/~mafourn1\/produit\/calculatrice-casio-ref-mp-12r-12-digits\/"},"modified":"2026-04-05T13:54:37","modified_gmt":"2026-04-05T12:54:37","slug":"calculatrice-casio-ref-mp-12r-12-digits","status":"publish","type":"product","link":"https:\/\/mafourniture.ma\/ar\/product\/calculatrice-casio-ref-mp-12r-12-digits\/","title":{"rendered":"CALCULATRICE CASIO REF MP-12R 12 DIGITS"},"content":{"rendered":"<p>Caract\u00e9ristiques<\/p>\n<p>Type de mini bureau<br \/>CHIFFRE  12 chiffres<\/p>\n<p>Calcul du reste<br \/>Calcule rapidement le quotient et le reste<\/p>\n<p>Calcul de la taxe<br \/>Calcul automatique du prix plus les taxes, du prix moins les taxes, de la remise, du prix de vente, du montant de la taxe, du montant de la remise et du montant de la marge.<\/p>\n<p>Calcul du temps<br \/>Le calcul de l&rsquo;heure permet une saisie et un calcul faciles des valeurs des heures, des minutes et des secondes.<\/p>\n<p>Calcul du jour \/ de la date<br \/>Les calculs du jour \/ de la date permettent une saisie et un calcul faciles de la dur\u00e9e ou de la date.<br \/>Batterie solaire<br \/>Batterie solaire<br \/>Alimentation solaire lorsque la lumi\u00e8re est suffisante, aliment\u00e9e par batterie lorsque la lumi\u00e8re est insuffisante.<\/p>\n<p>Signes de commande de fonction<br \/>Un symbole (+, -, \u00d7, \u00f7) sur l&rsquo;\u00e9cran indique l&rsquo;\u00e9tat de l&rsquo;op\u00e9ration en cours.<\/p>\n<p>Renouvellement de cl\u00e9<br \/>Les op\u00e9rations cl\u00e9s sont stock\u00e9es dans une m\u00e9moire tampon, de sorte que rien n&rsquo;est perdu m\u00eame pendant une entr\u00e9e \u00e0 grande vitesse.<\/p>\n<p>\u00c9cran extra large<br \/>Un affichage plus grand facilite la lecture de plus de donn\u00e9es.<\/p>\n<p>Cl\u00e9s en plastique<br \/>Con\u00e7u et fabriqu\u00e9 pour une utilisation facile.<\/p>\n<p>Pourcentage de marge b\u00e9n\u00e9ficiaire<br \/>La touche \u00ab\u00a0%\u00a0\u00bb donne un acc\u00e8s rapide aux prix et aux b\u00e9n\u00e9fices, et fournit \u00e9galement des add-ons, des remises, des ratios et des valeurs d&rsquo;augmentation \/ diminution.<br \/>Fermer<\/p>","protected":false},"excerpt":{"rendered":"<p>Caract\u00e9ristiques Type de mini bureauCHIFFRE 12 chiffres Calcul du resteCalcule rapidement le quotient et le reste Calcul de la taxeCalcul<\/p>","protected":false},"featured_media":58511,"comment_status":"open","ping_status":"closed","template":"","meta":[],"pwb-brand":[656],"product_brand":[],"product_cat":[655,597,641],"product_tag":[],"class_list":{"0":"post-25341","1":"product","2":"type-product","3":"status-publish","4":"has-post-thumbnail","6":"pwb-brand-casio","7":"product_cat-calculatrices","8":"product_cat-fournitures-de-bureau","9":"product_cat-machines-de-bureau","11":"first","12":"instock","13":"taxable","14":"shipping-taxable","15":"purchasable","16":"product-type-simple"},"jetpack_sharing_enabled":true,"brands":[{"id":656,"name":"CASIO","slug":"casio"}],"_links":{"self":[{"href":"https:\/\/mafourniture.ma\/ar\/wp-json\/wp\/v2\/product\/25341","targetHints":{"allow":["GET"]}}],"collection":[{"href":"https:\/\/mafourniture.ma\/ar\/wp-json\/wp\/v2\/product"}],"about":[{"href":"https:\/\/mafourniture.ma\/ar\/wp-json\/wp\/v2\/types\/product"}],"replies":[{"embeddable":true,"href":"https:\/\/mafourniture.ma\/ar\/wp-json\/wp\/v2\/comments?post=25341"}],"version-history":[{"count":2,"href":"https:\/\/mafourniture.ma\/ar\/wp-json\/wp\/v2\/product\/25341\/revisions"}],"predecessor-version":[{"id":36864,"href":"https:\/\/mafourniture.ma\/ar\/wp-json\/wp\/v2\/product\/25341\/revisions\/36864"}],"wp:featuredmedia":[{"embeddable":true,"href":"https:\/\/mafourniture.ma\/ar\/wp-json\/wp\/v2\/media\/58511"}],"wp:attachment":[{"href":"https:\/\/mafourniture.ma\/ar\/wp-json\/wp\/v2\/media?parent=25341"}],"wp:term":[{"taxonomy":"pwb-brand","embeddable":true,"href":"https:\/\/mafourniture.ma\/ar\/wp-json\/wp\/v2\/pwb-brand?post=25341"},{"taxonomy":"product_brand","embeddable":true,"href":"https:\/\/mafourniture.ma\/ar\/wp-json\/wp\/v2\/product_brand?post=25341"},{"taxonomy":"product_cat","embeddable":true,"href":"https:\/\/mafourniture.ma\/ar\/wp-json\/wp\/v2\/product_cat?post=25341"},{"taxonomy":"product_tag","embeddable":true,"href":"https:\/\/mafourniture.ma\/ar\/wp-json\/wp\/v2\/product_tag?post=25341"}],"curies":[{"name":"wp","href":"https:\/\/api.w.org\/{rel}","templated":true}]}}