{"id":25337,"date":"2024-05-25T00:11:36","date_gmt":"2024-05-24T23:11:36","guid":{"rendered":"https:\/\/138.201.14.18\/~mafourn1\/produit\/calculatrice-casio-j-120b\/"},"modified":"2026-04-05T13:05:19","modified_gmt":"2026-04-05T12:05:19","slug":"calculatrice-casio-j-120b","status":"publish","type":"product","link":"https:\/\/mafourniture.ma\/ar\/product\/calculatrice-casio-j-120b\/","title":{"rendered":"CALCULATRICE CASIO J-120B"},"content":{"rendered":"<p>Caract\u00e9ristiques<\/p>\n<p>Type de bureau compact<\/p>\n<p>CHIFFRE  12 chiffres<\/p>\n<p>Calcul de la taxe<br \/>Calcul automatique du prix plus les taxes, du prix moins les taxes, de la remise, du prix de vente, du montant de la taxe, du montant de la remise et du montant de la marge.<br \/>Fonction d&rsquo;\u00e9change de devises<br \/>\u00c9change de devises<br \/>Conversion de devises<\/p>\n<p>Batterie solaire<br \/>Alimentation solaire lorsque la lumi\u00e8re est suffisante, aliment\u00e9e par batterie lorsque la lumi\u00e8re est insuffisante.<\/p>\n<p>Signes de commande de fonction<br \/>Un symbole (+, -, \u00d7, \u00f7) sur l&rsquo;\u00e9cran indique l&rsquo;\u00e9tat de l&rsquo;op\u00e9ration en cours.<br \/>S\u00e9lecteur d&rsquo;arrondi<br \/>F: d\u00e9cimales flottantes. CUT: les valeurs sont coup\u00e9es. UP: les valeurs sont arrondies. 5\/4: Les valeurs sont arrondies.<br \/>S\u00e9lecteur d\u00e9cimal<br \/>4,3,2,1,0: sp\u00e9cifie le nombre de d\u00e9cimales sous la forme 4,3,2,1,0. ADD2: 2 d\u00e9cimales sont suppos\u00e9es pour les entr\u00e9es et les r\u00e9sultats de toutes les op\u00e9rations d&rsquo;addition et de soustraction.<\/p>\n<p>Renouvellement de cl\u00e9<br \/>Les op\u00e9rations cl\u00e9s sont stock\u00e9es dans une m\u00e9moire tampon, de sorte que rien n&rsquo;est perdu m\u00eame pendant une entr\u00e9e \u00e0 grande vitesse.<\/p>\n<p>\u00c9cran extra large<br \/>Un affichage plus grand facilite la lecture de plus de donn\u00e9es.<\/p>\n<p>Cl\u00e9s en plastique<br \/>Con\u00e7u et fabriqu\u00e9 pour une utilisation facile.<\/p>\n<p>Pourcentage de marge b\u00e9n\u00e9ficiaire<br \/>La touche \u00ab\u00a0%\u00a0\u00bb donne un acc\u00e8s rapide aux prix et aux b\u00e9n\u00e9fices, et fournit \u00e9galement des add-ons, des remises, des ratios et des valeurs d&rsquo;augmentation \/ diminution.<\/p>","protected":false},"excerpt":{"rendered":"<p>Caract\u00e9ristiques Type de bureau compact CHIFFRE 12 chiffres Calcul de la taxeCalcul automatique du prix plus les taxes, du prix<\/p>","protected":false},"featured_media":58391,"comment_status":"open","ping_status":"closed","template":"","meta":[],"pwb-brand":[656],"product_brand":[],"product_cat":[655,597,641],"product_tag":[],"class_list":{"0":"post-25337","1":"product","2":"type-product","3":"status-publish","4":"has-post-thumbnail","6":"pwb-brand-casio","7":"product_cat-calculatrices","8":"product_cat-fournitures-de-bureau","9":"product_cat-machines-de-bureau","11":"first","12":"instock","13":"taxable","14":"shipping-taxable","15":"purchasable","16":"product-type-simple"},"jetpack_sharing_enabled":true,"brands":[{"id":656,"name":"CASIO","slug":"casio"}],"_links":{"self":[{"href":"https:\/\/mafourniture.ma\/ar\/wp-json\/wp\/v2\/product\/25337","targetHints":{"allow":["GET"]}}],"collection":[{"href":"https:\/\/mafourniture.ma\/ar\/wp-json\/wp\/v2\/product"}],"about":[{"href":"https:\/\/mafourniture.ma\/ar\/wp-json\/wp\/v2\/types\/product"}],"replies":[{"embeddable":true,"href":"https:\/\/mafourniture.ma\/ar\/wp-json\/wp\/v2\/comments?post=25337"}],"version-history":[{"count":2,"href":"https:\/\/mafourniture.ma\/ar\/wp-json\/wp\/v2\/product\/25337\/revisions"}],"predecessor-version":[{"id":36713,"href":"https:\/\/mafourniture.ma\/ar\/wp-json\/wp\/v2\/product\/25337\/revisions\/36713"}],"wp:featuredmedia":[{"embeddable":true,"href":"https:\/\/mafourniture.ma\/ar\/wp-json\/wp\/v2\/media\/58391"}],"wp:attachment":[{"href":"https:\/\/mafourniture.ma\/ar\/wp-json\/wp\/v2\/media?parent=25337"}],"wp:term":[{"taxonomy":"pwb-brand","embeddable":true,"href":"https:\/\/mafourniture.ma\/ar\/wp-json\/wp\/v2\/pwb-brand?post=25337"},{"taxonomy":"product_brand","embeddable":true,"href":"https:\/\/mafourniture.ma\/ar\/wp-json\/wp\/v2\/product_brand?post=25337"},{"taxonomy":"product_cat","embeddable":true,"href":"https:\/\/mafourniture.ma\/ar\/wp-json\/wp\/v2\/product_cat?post=25337"},{"taxonomy":"product_tag","embeddable":true,"href":"https:\/\/mafourniture.ma\/ar\/wp-json\/wp\/v2\/product_tag?post=25337"}],"curies":[{"name":"wp","href":"https:\/\/api.w.org\/{rel}","templated":true}]}}