{"id":25334,"date":"2024-05-25T00:11:03","date_gmt":"2024-05-24T23:11:03","guid":{"rendered":"https:\/\/138.201.14.18\/~mafourn1\/produit\/calculatrice-casio-dx-12b-bk-12-digits-large\/"},"modified":"2026-04-05T12:43:04","modified_gmt":"2026-04-05T11:43:04","slug":"calculatrice-casio-dx-12b-bk-12-digits-large","status":"publish","type":"product","link":"https:\/\/mafourniture.ma\/ar\/product\/calculatrice-casio-dx-12b-bk-12-digits-large\/","title":{"rendered":"CALCULATRICE CASIO DX-12B-BK 12 DIGITS LARGE"},"content":{"rendered":"<p>Caract\u00e9ristiques:<\/p>\n<p>Type de bureau<\/p>\n<p>CHIFFRE  12 chiffres<\/p>\n<p>Pourcentage r\u00e9gulier<br \/>Calculs de pourcentage r\u00e9guliers.<\/p>\n<p>Batterie solaire<br \/>Alimentation solaire lorsque la lumi\u00e8re est suffisante, aliment\u00e9e par batterie lorsque la lumi\u00e8re est insuffisante.<\/p>\n<p>S\u00e9lecteur d&rsquo;arrondi<br \/>F: d\u00e9cimales flottantes. CUT: les valeurs sont coup\u00e9es. UP: les valeurs sont arrondies. 5\/4: Les valeurs sont arrondies.<\/p>\n<p>S\u00e9lecteur d\u00e9cimal<br \/>4,3,2,1,0: sp\u00e9cifie le nombre de d\u00e9cimales sous la forme 4,3,2,1,0. ADD2: 2 d\u00e9cimales sont suppos\u00e9es pour les entr\u00e9es et les r\u00e9sultats de toutes les op\u00e9rations d&rsquo;addition et de soustraction.<\/p>\n<p>Renouvellement de cl\u00e9<br \/>Les op\u00e9rations cl\u00e9s sont stock\u00e9es dans une m\u00e9moire tampon, de sorte que rien n&rsquo;est perdu m\u00eame pendant une entr\u00e9e \u00e0 grande vitesse.<\/p>\n<p>\u00c9cran extra large<br \/>Un affichage plus grand facilite la lecture de plus de donn\u00e9es.<\/p>\n<p>Cl\u00e9s en plastique<br \/>Con\u00e7u et fabriqu\u00e9 pour une utilisation facile.<\/p>\n<p>Majoration<br \/>Toutes les capacit\u00e9s de majoration d&rsquo;une machine \u00e0 calculer pour des calculs simplifi\u00e9s des co\u00fbts et des b\u00e9n\u00e9fices.<\/p>","protected":false},"excerpt":{"rendered":"<p>Caract\u00e9ristiques: Type de bureau CHIFFRE 12 chiffres Pourcentage r\u00e9gulierCalculs de pourcentage r\u00e9guliers. Batterie solaireAlimentation solaire lorsque la lumi\u00e8re est suffisante,<\/p>","protected":false},"featured_media":58341,"comment_status":"open","ping_status":"closed","template":"","meta":[],"pwb-brand":[656],"product_brand":[],"product_cat":[655,597,641],"product_tag":[],"class_list":{"0":"post-25334","1":"product","2":"type-product","3":"status-publish","4":"has-post-thumbnail","6":"pwb-brand-casio","7":"product_cat-calculatrices","8":"product_cat-fournitures-de-bureau","9":"product_cat-machines-de-bureau","11":"first","12":"instock","13":"taxable","14":"shipping-taxable","15":"purchasable","16":"product-type-simple"},"jetpack_sharing_enabled":true,"brands":[{"id":656,"name":"CASIO","slug":"casio"}],"_links":{"self":[{"href":"https:\/\/mafourniture.ma\/ar\/wp-json\/wp\/v2\/product\/25334","targetHints":{"allow":["GET"]}}],"collection":[{"href":"https:\/\/mafourniture.ma\/ar\/wp-json\/wp\/v2\/product"}],"about":[{"href":"https:\/\/mafourniture.ma\/ar\/wp-json\/wp\/v2\/types\/product"}],"replies":[{"embeddable":true,"href":"https:\/\/mafourniture.ma\/ar\/wp-json\/wp\/v2\/comments?post=25334"}],"version-history":[{"count":2,"href":"https:\/\/mafourniture.ma\/ar\/wp-json\/wp\/v2\/product\/25334\/revisions"}],"predecessor-version":[{"id":36649,"href":"https:\/\/mafourniture.ma\/ar\/wp-json\/wp\/v2\/product\/25334\/revisions\/36649"}],"wp:featuredmedia":[{"embeddable":true,"href":"https:\/\/mafourniture.ma\/ar\/wp-json\/wp\/v2\/media\/58341"}],"wp:attachment":[{"href":"https:\/\/mafourniture.ma\/ar\/wp-json\/wp\/v2\/media?parent=25334"}],"wp:term":[{"taxonomy":"pwb-brand","embeddable":true,"href":"https:\/\/mafourniture.ma\/ar\/wp-json\/wp\/v2\/pwb-brand?post=25334"},{"taxonomy":"product_brand","embeddable":true,"href":"https:\/\/mafourniture.ma\/ar\/wp-json\/wp\/v2\/product_brand?post=25334"},{"taxonomy":"product_cat","embeddable":true,"href":"https:\/\/mafourniture.ma\/ar\/wp-json\/wp\/v2\/product_cat?post=25334"},{"taxonomy":"product_tag","embeddable":true,"href":"https:\/\/mafourniture.ma\/ar\/wp-json\/wp\/v2\/product_tag?post=25334"}],"curies":[{"name":"wp","href":"https:\/\/api.w.org\/{rel}","templated":true}]}}