{"id":25327,"date":"2024-05-25T00:09:32","date_gmt":"2024-05-24T23:09:32","guid":{"rendered":"https:\/\/138.201.14.18\/~mafourn1\/produit\/chemise-a-rabat-sicla-4-10-elastique-bleu-jaune-vert-orange-df\/"},"modified":"2026-04-28T10:34:20","modified_gmt":"2026-04-28T09:34:20","slug":"chemise-a-rabat-sicla-4-10-elastique-bleu-jaune-vert-orange-df","status":"publish","type":"product","link":"https:\/\/mafourniture.ma\/ar\/product\/chemise-a-rabat-sicla-4-10-elastique-bleu-jaune-vert-orange-df\/","title":{"rendered":"CHEMISE A RABAT SICLA 4\/10 ELASTIQUE BLEU \/ JAUNE \/ VERT \/ ORANGE DF"},"content":{"rendered":"<p>\u2022 Chemise \u00e0 3 rabats avec \u00e9lastiques en carte lustr\u00e9e 4\/10<br \/>\u2022 Format 24 x 32 cm<br \/>\u2022 Dos variable de 0 \u00e0 3 cm<br \/>\u2022 Disponible en 5 couleurs : bleu, rouge, vert, orange et jaune<\/p>","protected":false},"excerpt":{"rendered":"<p>\u2022 Chemise \u00e0 3 rabats avec \u00e9lastiques en carte lustr\u00e9e 4\/10\u2022 Format 24 x 32 cm\u2022 Dos variable de 0<\/p>","protected":false},"featured_media":59253,"comment_status":"open","ping_status":"closed","template":"","meta":[],"pwb-brand":[720],"product_brand":[],"product_cat":[1059,650,597],"product_tag":[],"class_list":{"0":"post-25327","1":"product","2":"type-product","3":"status-publish","4":"has-post-thumbnail","6":"pwb-brand-sicla","7":"product_cat-chemise-classement-et-archivage","8":"product_cat-classement-et-archivage","9":"product_cat-fournitures-de-bureau","11":"first","12":"instock","13":"taxable","14":"shipping-taxable","15":"purchasable","16":"product-type-simple"},"jetpack_sharing_enabled":true,"brands":[{"id":720,"name":"SICLA","slug":"sicla"}],"_links":{"self":[{"href":"https:\/\/mafourniture.ma\/ar\/wp-json\/wp\/v2\/product\/25327","targetHints":{"allow":["GET"]}}],"collection":[{"href":"https:\/\/mafourniture.ma\/ar\/wp-json\/wp\/v2\/product"}],"about":[{"href":"https:\/\/mafourniture.ma\/ar\/wp-json\/wp\/v2\/types\/product"}],"replies":[{"embeddable":true,"href":"https:\/\/mafourniture.ma\/ar\/wp-json\/wp\/v2\/comments?post=25327"}],"version-history":[{"count":3,"href":"https:\/\/mafourniture.ma\/ar\/wp-json\/wp\/v2\/product\/25327\/revisions"}],"predecessor-version":[{"id":36610,"href":"https:\/\/mafourniture.ma\/ar\/wp-json\/wp\/v2\/product\/25327\/revisions\/36610"}],"wp:featuredmedia":[{"embeddable":true,"href":"https:\/\/mafourniture.ma\/ar\/wp-json\/wp\/v2\/media\/59253"}],"wp:attachment":[{"href":"https:\/\/mafourniture.ma\/ar\/wp-json\/wp\/v2\/media?parent=25327"}],"wp:term":[{"taxonomy":"pwb-brand","embeddable":true,"href":"https:\/\/mafourniture.ma\/ar\/wp-json\/wp\/v2\/pwb-brand?post=25327"},{"taxonomy":"product_brand","embeddable":true,"href":"https:\/\/mafourniture.ma\/ar\/wp-json\/wp\/v2\/product_brand?post=25327"},{"taxonomy":"product_cat","embeddable":true,"href":"https:\/\/mafourniture.ma\/ar\/wp-json\/wp\/v2\/product_cat?post=25327"},{"taxonomy":"product_tag","embeddable":true,"href":"https:\/\/mafourniture.ma\/ar\/wp-json\/wp\/v2\/product_tag?post=25327"}],"curies":[{"name":"wp","href":"https:\/\/api.w.org\/{rel}","templated":true}]}}