{"id":25324,"date":"2024-05-25T00:08:48","date_gmt":"2024-05-24T23:08:48","guid":{"rendered":"https:\/\/138.201.14.18\/~mafourn1\/produit\/colle-stick-up-deli-8g-12-pcs-ref-a20010\/"},"modified":"2026-04-30T08:46:09","modified_gmt":"2026-04-30T07:46:09","slug":"colle-stick-up-deli-8g-12-pcs-ref-a20010","status":"publish","type":"product","link":"https:\/\/mafourniture.ma\/ar\/product\/colle-stick-up-deli-8g-12-pcs-ref-a20010\/","title":{"rendered":"COLLE STICK UP DELI 8G 12 PCS REF A20010"},"content":{"rendered":"<p>Personnalisation Produits personnalis\u00e9s E7091 B\u00e2ton de colle PVP 8 grammes (Blanc) (Pcs) Petit format 8 grammes PP, PE, Film d&rsquo;impression par transfert Dur\u00e9e de conservation de 36 mois Adh\u00e9sif tr\u00e8s puissant Distribution de colle douce Formule de charcuterie non toxique (conforme \u00e0 EN-71) Acide- sans solvants, sans danger pour les photos Colle lavable S\u00e9chage rapide Faible odeur<\/p>","protected":false},"excerpt":{"rendered":"<p>Personnalisation Produits personnalis\u00e9s E7091 B\u00e2ton de colle PVP 8 grammes (Blanc) (Pcs) Petit format 8 grammes PP, PE, Film d&rsquo;impression<\/p>","protected":false},"featured_media":61111,"comment_status":"open","ping_status":"closed","template":"","meta":[],"pwb-brand":[659],"product_brand":[],"product_cat":[811,593,628],"product_tag":[],"class_list":{"0":"post-25324","1":"product","2":"type-product","3":"status-publish","4":"has-post-thumbnail","6":"pwb-brand-deli","7":"product_cat-colles","8":"product_cat-fournitures-scolaires","9":"product_cat-petites-fournitures","11":"first","12":"instock","13":"taxable","14":"shipping-taxable","15":"purchasable","16":"product-type-simple"},"jetpack_sharing_enabled":true,"brands":[{"id":659,"name":"DELI","slug":"deli"}],"_links":{"self":[{"href":"https:\/\/mafourniture.ma\/ar\/wp-json\/wp\/v2\/product\/25324","targetHints":{"allow":["GET"]}}],"collection":[{"href":"https:\/\/mafourniture.ma\/ar\/wp-json\/wp\/v2\/product"}],"about":[{"href":"https:\/\/mafourniture.ma\/ar\/wp-json\/wp\/v2\/types\/product"}],"replies":[{"embeddable":true,"href":"https:\/\/mafourniture.ma\/ar\/wp-json\/wp\/v2\/comments?post=25324"}],"version-history":[{"count":2,"href":"https:\/\/mafourniture.ma\/ar\/wp-json\/wp\/v2\/product\/25324\/revisions"}],"predecessor-version":[{"id":36506,"href":"https:\/\/mafourniture.ma\/ar\/wp-json\/wp\/v2\/product\/25324\/revisions\/36506"}],"wp:featuredmedia":[{"embeddable":true,"href":"https:\/\/mafourniture.ma\/ar\/wp-json\/wp\/v2\/media\/61111"}],"wp:attachment":[{"href":"https:\/\/mafourniture.ma\/ar\/wp-json\/wp\/v2\/media?parent=25324"}],"wp:term":[{"taxonomy":"pwb-brand","embeddable":true,"href":"https:\/\/mafourniture.ma\/ar\/wp-json\/wp\/v2\/pwb-brand?post=25324"},{"taxonomy":"product_brand","embeddable":true,"href":"https:\/\/mafourniture.ma\/ar\/wp-json\/wp\/v2\/product_brand?post=25324"},{"taxonomy":"product_cat","embeddable":true,"href":"https:\/\/mafourniture.ma\/ar\/wp-json\/wp\/v2\/product_cat?post=25324"},{"taxonomy":"product_tag","embeddable":true,"href":"https:\/\/mafourniture.ma\/ar\/wp-json\/wp\/v2\/product_tag?post=25324"}],"curies":[{"name":"wp","href":"https:\/\/api.w.org\/{rel}","templated":true}]}}