{"id":25319,"date":"2024-05-25T00:08:14","date_gmt":"2024-05-24T23:08:14","guid":{"rendered":"https:\/\/138.201.14.18\/~mafourn1\/produit\/ciseaux-17cm-staedtler-noris-965\/"},"modified":"2025-09-11T16:36:35","modified_gmt":"2025-09-11T15:36:35","slug":"ciseaux-17cm-staedtler-noris-965","status":"publish","type":"product","link":"https:\/\/mafourniture.ma\/ar\/product\/ciseaux-17cm-staedtler-noris-965\/","title":{"rendered":"CISEAUX 17CM STAEDTLER NORIS 965"},"content":{"rendered":"<p>Blister d&rsquo;une paire de ciseaux avec lames 17 cm<\/p>\n<p>Pour d\u00e9coupage haute qualit\u00e9<br \/>Lames en acier inoxydable<br \/>Grip doux et ergonomique<br \/>Longue dur\u00e9e de vie<\/p>","protected":false},"excerpt":{"rendered":"<p>Blister d&rsquo;une paire de ciseaux avec lames 17 cm Pour d\u00e9coupage haute qualit\u00e9Lames en acier inoxydableGrip doux et ergonomiqueLongue dur\u00e9e<\/p>","protected":false},"featured_media":37900,"comment_status":"open","ping_status":"closed","template":"","meta":[],"pwb-brand":[726],"product_brand":[],"product_cat":[803,593,628],"product_tag":[],"class_list":{"0":"post-25319","1":"product","2":"type-product","3":"status-publish","4":"has-post-thumbnail","6":"pwb-brand-staedlter","7":"product_cat-ciseaux","8":"product_cat-fournitures-scolaires","9":"product_cat-petites-fournitures","11":"first","12":"instock","13":"purchasable","14":"product-type-simple"},"jetpack_sharing_enabled":true,"brands":[{"id":726,"name":"STAEDLTER","slug":"staedlter"}],"_links":{"self":[{"href":"https:\/\/mafourniture.ma\/ar\/wp-json\/wp\/v2\/product\/25319","targetHints":{"allow":["GET"]}}],"collection":[{"href":"https:\/\/mafourniture.ma\/ar\/wp-json\/wp\/v2\/product"}],"about":[{"href":"https:\/\/mafourniture.ma\/ar\/wp-json\/wp\/v2\/types\/product"}],"replies":[{"embeddable":true,"href":"https:\/\/mafourniture.ma\/ar\/wp-json\/wp\/v2\/comments?post=25319"}],"version-history":[{"count":2,"href":"https:\/\/mafourniture.ma\/ar\/wp-json\/wp\/v2\/product\/25319\/revisions"}],"predecessor-version":[{"id":36449,"href":"https:\/\/mafourniture.ma\/ar\/wp-json\/wp\/v2\/product\/25319\/revisions\/36449"}],"wp:featuredmedia":[{"embeddable":true,"href":"https:\/\/mafourniture.ma\/ar\/wp-json\/wp\/v2\/media\/37900"}],"wp:attachment":[{"href":"https:\/\/mafourniture.ma\/ar\/wp-json\/wp\/v2\/media?parent=25319"}],"wp:term":[{"taxonomy":"pwb-brand","embeddable":true,"href":"https:\/\/mafourniture.ma\/ar\/wp-json\/wp\/v2\/pwb-brand?post=25319"},{"taxonomy":"product_brand","embeddable":true,"href":"https:\/\/mafourniture.ma\/ar\/wp-json\/wp\/v2\/product_brand?post=25319"},{"taxonomy":"product_cat","embeddable":true,"href":"https:\/\/mafourniture.ma\/ar\/wp-json\/wp\/v2\/product_cat?post=25319"},{"taxonomy":"product_tag","embeddable":true,"href":"https:\/\/mafourniture.ma\/ar\/wp-json\/wp\/v2\/product_tag?post=25319"}],"curies":[{"name":"wp","href":"https:\/\/api.w.org\/{rel}","templated":true}]}}