{"id":25310,"date":"2024-05-25T00:06:29","date_gmt":"2024-05-24T23:06:29","guid":{"rendered":"https:\/\/138.201.14.18\/~mafourn1\/produit\/ciseaux-ecolier-134mm-deli-6071\/"},"modified":"2026-04-09T07:46:12","modified_gmt":"2026-04-09T06:46:12","slug":"ciseaux-ecolier-134mm-deli-6071","status":"publish","type":"product","link":"https:\/\/mafourniture.ma\/ar\/product\/ciseaux-ecolier-134mm-deli-6071\/","title":{"rendered":"CISEAUX ECOLIER 134MM DELI &#8211; 6071"},"content":{"rendered":"<p>Deli \u2013 ciseaux de s\u00e9curit\u00e9 pour enfant, Crocodile de dessin anim\u00e9, pour \u00e9tudiant, t\u00eate ronde en plastique souple, couteau \u00e0 papier cr\u00e9atif, 6071<\/p>","protected":false},"excerpt":{"rendered":"<p>Deli \u2013 ciseaux de s\u00e9curit\u00e9 pour enfant, Crocodile de dessin anim\u00e9, pour \u00e9tudiant, t\u00eate ronde en plastique souple, couteau \u00e0<\/p>","protected":false},"featured_media":57828,"comment_status":"open","ping_status":"closed","template":"","meta":[],"pwb-brand":[659],"product_brand":[],"product_cat":[803,593,628],"product_tag":[],"class_list":{"0":"post-25310","1":"product","2":"type-product","3":"status-publish","4":"has-post-thumbnail","6":"pwb-brand-deli","7":"product_cat-ciseaux","8":"product_cat-fournitures-scolaires","9":"product_cat-petites-fournitures","11":"first","12":"instock","13":"purchasable","14":"product-type-simple"},"jetpack_sharing_enabled":true,"brands":[{"id":659,"name":"DELI","slug":"deli"}],"_links":{"self":[{"href":"https:\/\/mafourniture.ma\/ar\/wp-json\/wp\/v2\/product\/25310","targetHints":{"allow":["GET"]}}],"collection":[{"href":"https:\/\/mafourniture.ma\/ar\/wp-json\/wp\/v2\/product"}],"about":[{"href":"https:\/\/mafourniture.ma\/ar\/wp-json\/wp\/v2\/types\/product"}],"replies":[{"embeddable":true,"href":"https:\/\/mafourniture.ma\/ar\/wp-json\/wp\/v2\/comments?post=25310"}],"version-history":[{"count":4,"href":"https:\/\/mafourniture.ma\/ar\/wp-json\/wp\/v2\/product\/25310\/revisions"}],"predecessor-version":[{"id":41424,"href":"https:\/\/mafourniture.ma\/ar\/wp-json\/wp\/v2\/product\/25310\/revisions\/41424"}],"wp:featuredmedia":[{"embeddable":true,"href":"https:\/\/mafourniture.ma\/ar\/wp-json\/wp\/v2\/media\/57828"}],"wp:attachment":[{"href":"https:\/\/mafourniture.ma\/ar\/wp-json\/wp\/v2\/media?parent=25310"}],"wp:term":[{"taxonomy":"pwb-brand","embeddable":true,"href":"https:\/\/mafourniture.ma\/ar\/wp-json\/wp\/v2\/pwb-brand?post=25310"},{"taxonomy":"product_brand","embeddable":true,"href":"https:\/\/mafourniture.ma\/ar\/wp-json\/wp\/v2\/product_brand?post=25310"},{"taxonomy":"product_cat","embeddable":true,"href":"https:\/\/mafourniture.ma\/ar\/wp-json\/wp\/v2\/product_cat?post=25310"},{"taxonomy":"product_tag","embeddable":true,"href":"https:\/\/mafourniture.ma\/ar\/wp-json\/wp\/v2\/product_tag?post=25310"}],"curies":[{"name":"wp","href":"https:\/\/api.w.org\/{rel}","templated":true}]}}