{"id":25298,"date":"2024-05-25T00:03:51","date_gmt":"2024-05-24T23:03:51","guid":{"rendered":"https:\/\/138.201.14.18\/~mafourn1\/produit\/ciseaux-sensoft-3d-fluo-13-5-cm-bout-rond-maped-ref-484310\/"},"modified":"2026-04-29T06:45:23","modified_gmt":"2026-04-29T05:45:23","slug":"ciseaux-sensoft-3d-fluo-13-5-cm-bout-rond-maped-ref-484310","status":"publish","type":"product","link":"https:\/\/mafourniture.ma\/ar\/product\/ciseaux-sensoft-3d-fluo-13-5-cm-bout-rond-maped-ref-484310\/","title":{"rendered":"CISEAUX SENSOFT 3D FLUO 13.5 CM BOUT ROND MAPED REF 484310"},"content":{"rendered":"<p>Paire de ciseaux Maped Sensoft 3D pour droitiers, 13,5  cm, ses anneaux souples et ergonomiques sont fabriqu\u00e9es en plastique flexible pour un confort optimal, ses deux lames sont fabriqu\u00e9es en inox trait\u00e9 et dot\u00e9es d&rsquo;un bout rond pour une s\u00e9curit\u00e9 optimale lors du d\u00e9coupage. Ces ciseaux coupent plusieurs types de mat\u00e9riaux et vous sont propos\u00e9s dans 4 combinaisons de couleurs envoy\u00e9es de fa\u00e7on al\u00e9atoire (Noir\/rose, jaune, vert, orange)<\/p>","protected":false},"excerpt":{"rendered":"<p>Paire de ciseaux Maped Sensoft 3D pour droitiers, 13,5 cm, ses anneaux souples et ergonomiques sont fabriqu\u00e9es en plastique flexible<\/p>","protected":false},"featured_media":59579,"comment_status":"open","ping_status":"closed","template":"","meta":[],"pwb-brand":[631],"product_brand":[],"product_cat":[803,593,628],"product_tag":[],"class_list":{"0":"post-25298","1":"product","2":"type-product","3":"status-publish","4":"has-post-thumbnail","6":"pwb-brand-maped","7":"product_cat-ciseaux","8":"product_cat-fournitures-scolaires","9":"product_cat-petites-fournitures","11":"first","12":"instock","13":"purchasable","14":"product-type-simple"},"jetpack_sharing_enabled":true,"brands":[{"id":631,"name":"MAPED","slug":"maped"}],"_links":{"self":[{"href":"https:\/\/mafourniture.ma\/ar\/wp-json\/wp\/v2\/product\/25298","targetHints":{"allow":["GET"]}}],"collection":[{"href":"https:\/\/mafourniture.ma\/ar\/wp-json\/wp\/v2\/product"}],"about":[{"href":"https:\/\/mafourniture.ma\/ar\/wp-json\/wp\/v2\/types\/product"}],"replies":[{"embeddable":true,"href":"https:\/\/mafourniture.ma\/ar\/wp-json\/wp\/v2\/comments?post=25298"}],"version-history":[{"count":2,"href":"https:\/\/mafourniture.ma\/ar\/wp-json\/wp\/v2\/product\/25298\/revisions"}],"predecessor-version":[{"id":35973,"href":"https:\/\/mafourniture.ma\/ar\/wp-json\/wp\/v2\/product\/25298\/revisions\/35973"}],"wp:featuredmedia":[{"embeddable":true,"href":"https:\/\/mafourniture.ma\/ar\/wp-json\/wp\/v2\/media\/59579"}],"wp:attachment":[{"href":"https:\/\/mafourniture.ma\/ar\/wp-json\/wp\/v2\/media?parent=25298"}],"wp:term":[{"taxonomy":"pwb-brand","embeddable":true,"href":"https:\/\/mafourniture.ma\/ar\/wp-json\/wp\/v2\/pwb-brand?post=25298"},{"taxonomy":"product_brand","embeddable":true,"href":"https:\/\/mafourniture.ma\/ar\/wp-json\/wp\/v2\/product_brand?post=25298"},{"taxonomy":"product_cat","embeddable":true,"href":"https:\/\/mafourniture.ma\/ar\/wp-json\/wp\/v2\/product_cat?post=25298"},{"taxonomy":"product_tag","embeddable":true,"href":"https:\/\/mafourniture.ma\/ar\/wp-json\/wp\/v2\/product_tag?post=25298"}],"curies":[{"name":"wp","href":"https:\/\/api.w.org\/{rel}","templated":true}]}}