{"id":25297,"date":"2024-05-25T00:03:38","date_gmt":"2024-05-24T23:03:38","guid":{"rendered":"https:\/\/138.201.14.18\/~mafourn1\/produit\/ciseaux-17-cm-maped-essentials-green-ref-468010\/"},"modified":"2026-04-29T06:40:15","modified_gmt":"2026-04-29T05:40:15","slug":"ciseaux-17-cm-maped-essentials-green-ref-468010","status":"publish","type":"product","link":"https:\/\/mafourniture.ma\/ar\/product\/ciseaux-17-cm-maped-essentials-green-ref-468010\/","title":{"rendered":"CISEAUX 17 CM MAPED ESSENTIALS GREEN REF 468010"},"content":{"rendered":"<p>Lames et rivets en acier inoxydable robustes<br \/>Poign\u00e9es ergonomiques 3D pour plus de confort<br \/>Les poign\u00e9es sont fabriqu\u00e9es \u00e0 70% de plastique recycl\u00e9<br \/>Le design moderne est parfait pour le bureau<\/p>","protected":false},"excerpt":{"rendered":"<p>Lames et rivets en acier inoxydable robustesPoign\u00e9es ergonomiques 3D pour plus de confortLes poign\u00e9es sont fabriqu\u00e9es \u00e0 70% de plastique<\/p>","protected":false},"featured_media":59572,"comment_status":"open","ping_status":"closed","template":"","meta":[],"pwb-brand":[631],"product_brand":[],"product_cat":[1136,597,1135],"product_tag":[],"class_list":{"0":"post-25297","1":"product","2":"type-product","3":"status-publish","4":"has-post-thumbnail","6":"pwb-brand-maped","7":"product_cat-ciseaux-petites-fournitures-fournitures-de-bureau","8":"product_cat-fournitures-de-bureau","9":"product_cat-petites-fournitures-fournitures-de-bureau","11":"first","12":"instock","13":"taxable","14":"shipping-taxable","15":"purchasable","16":"product-type-simple"},"jetpack_sharing_enabled":true,"brands":[{"id":631,"name":"MAPED","slug":"maped"}],"_links":{"self":[{"href":"https:\/\/mafourniture.ma\/ar\/wp-json\/wp\/v2\/product\/25297","targetHints":{"allow":["GET"]}}],"collection":[{"href":"https:\/\/mafourniture.ma\/ar\/wp-json\/wp\/v2\/product"}],"about":[{"href":"https:\/\/mafourniture.ma\/ar\/wp-json\/wp\/v2\/types\/product"}],"replies":[{"embeddable":true,"href":"https:\/\/mafourniture.ma\/ar\/wp-json\/wp\/v2\/comments?post=25297"}],"version-history":[{"count":2,"href":"https:\/\/mafourniture.ma\/ar\/wp-json\/wp\/v2\/product\/25297\/revisions"}],"predecessor-version":[{"id":35958,"href":"https:\/\/mafourniture.ma\/ar\/wp-json\/wp\/v2\/product\/25297\/revisions\/35958"}],"wp:featuredmedia":[{"embeddable":true,"href":"https:\/\/mafourniture.ma\/ar\/wp-json\/wp\/v2\/media\/59572"}],"wp:attachment":[{"href":"https:\/\/mafourniture.ma\/ar\/wp-json\/wp\/v2\/media?parent=25297"}],"wp:term":[{"taxonomy":"pwb-brand","embeddable":true,"href":"https:\/\/mafourniture.ma\/ar\/wp-json\/wp\/v2\/pwb-brand?post=25297"},{"taxonomy":"product_brand","embeddable":true,"href":"https:\/\/mafourniture.ma\/ar\/wp-json\/wp\/v2\/product_brand?post=25297"},{"taxonomy":"product_cat","embeddable":true,"href":"https:\/\/mafourniture.ma\/ar\/wp-json\/wp\/v2\/product_cat?post=25297"},{"taxonomy":"product_tag","embeddable":true,"href":"https:\/\/mafourniture.ma\/ar\/wp-json\/wp\/v2\/product_tag?post=25297"}],"curies":[{"name":"wp","href":"https:\/\/api.w.org\/{rel}","templated":true}]}}